{"id":5839,"date":"2014-01-15T20:27:30","date_gmt":"2014-01-15T18:27:30","guid":{"rendered":"http:\/\/www.robe.world\/lex\/?page_id=5839"},"modified":"2018-10-10T05:50:19","modified_gmt":"2018-10-10T03:50:19","slug":"lillys-blog","status":"publish","type":"page","link":"https:\/\/www.robe.world\/lex\/lillys-blog\/","title":{"rendered":"Lillys Blog"},"content":{"rendered":"<p style=\"text-align: justify;\"><a href=\"http:\/\/www.robe.world\/lex\/wp-content\/uploads\/family_Thai3-193x3001.jpg\"><img decoding=\"async\" class=\"size-full wp-image-4341 alignright\" style=\"margin-left: 5px; margin-right: 5px;\" src=\"http:\/\/www.robe.world\/lex\/wp-content\/uploads\/family_Thai3-193x3001.jpg\" alt=\"family_Thai3-193x300\" width=\"193\" height=\"300\" \/><\/a><a href=\"http:\/\/www.robe.world\/lex\/wp-content\/uploads\/Lilly_5Jahre-Portrait_1600-e1381116667133.jpg\"><img decoding=\"async\" class=\"size-medium wp-image-4262 alignleft\" style=\"margin-left: 5px; margin-right: 5px;\" src=\"http:\/\/www.robe.world\/lex\/wp-content\/uploads\/Lilly_5Jahre-Portrait_1600-e1381116667133-217x300.jpg\" alt=\"Lilly_5Jahre Portrait_1600\" width=\"217\" height=\"300\" srcset=\"https:\/\/www.robe.world\/lex\/wp-content\/uploads\/Lilly_5Jahre-Portrait_1600-e1381116667133-217x300.jpg 217w, https:\/\/www.robe.world\/lex\/wp-content\/uploads\/Lilly_5Jahre-Portrait_1600-e1381116667133-742x1024.jpg 742w, https:\/\/www.robe.world\/lex\/wp-content\/uploads\/Lilly_5Jahre-Portrait_1600-e1381116667133.jpg 1064w\" sizes=\"(max-width: 217px) 100vw, 217px\" \/><\/a>Einige Highlights aus Lillys bewegtem Leben &#8211; mit vielen eigenen Videos &amp; Foto-Slideshows.<\/p>\n<p style=\"text-align: justify;\">Von Geburt an hab ich einen kleinen Teil, der mir in Lillys besonders erschien, in einem eigenen Blog archiviert. Echt immer wieder genial anzusehen und in den Videos nochmals zu erleben, <em>wie<\/em> unsere junge Dame mal (drauf) war.<br \/>\nVieles davon ist \u00f6ffentlich, Familienmitglieder sehen auch die verborgenen Inhalte&#8230;<\/p>\n<p style=\"text-align: center;\"><a href=\"http:\/\/lilly.robe.world\/\" target=\"_blank\"><strong>Hier geht&#8217;s zu LILLYs BLOG&#8230;<\/strong><\/a><\/p>\n","protected":false},"excerpt":{"rendered":"<p>Einige Highlights aus Lillys bewegtem Leben &#8211; mit vielen eigenen Videos &amp; Foto-Slideshows. Von Geburt an hab ich einen kleinen Teil, der mir in Lillys besonders erschien, in einem eigenen Blog archiviert. Echt immer wieder genial anzusehen und in den Videos nochmals zu erleben, wie unsere junge Dame mal (drauf) war. Vieles davon ist \u00f6ffentlich, Familienmitglieder sehen auch die verborgenen Inhalte&#8230; Hier geht&#8217;s zu LILLYs BLOG&#8230;<\/p>\n","protected":false},"author":1,"featured_media":0,"parent":0,"menu_order":0,"comment_status":"open","ping_status":"closed","template":"","meta":{"footnotes":""},"class_list":["post-5839","page","type-page","status-publish","hentry"],"yoast_head":"<!-- This site is optimized with the Yoast SEO plugin v26.4 - https:\/\/yoast.com\/wordpress\/plugins\/seo\/ -->\n<title>Lillys Blog - Alexander Rob\u00e9<\/title>\n<meta name=\"description\" content=\"Lilly Rob\u00e9, Tocher von Alexander Rob\u00e9\" \/>\n<meta name=\"robots\" content=\"index, follow, max-snippet:-1, max-image-preview:large, max-video-preview:-1\" \/>\n<link rel=\"canonical\" href=\"https:\/\/www.robe.world\/lex\/lillys-blog\/\" \/>\n<meta property=\"og:locale\" content=\"de_DE\" \/>\n<meta property=\"og:type\" content=\"article\" \/>\n<meta property=\"og:title\" content=\"Lillys Blog - Alexander Rob\u00e9\" \/>\n<meta property=\"og:description\" content=\"Lilly Rob\u00e9, Tocher von Alexander Rob\u00e9\" \/>\n<meta property=\"og:url\" content=\"https:\/\/www.robe.world\/lex\/lillys-blog\/\" \/>\n<meta property=\"og:site_name\" content=\"Alexander Rob\u00e9\" \/>\n<meta property=\"article:publisher\" content=\"https:\/\/www.facebook.com\/lexrobe\" \/>\n<meta property=\"article:modified_time\" content=\"2018-10-10T03:50:19+00:00\" \/>\n<meta property=\"og:image\" content=\"http:\/\/www.robe.world\/lex\/wp-content\/uploads\/family_Thai3-193x3001.jpg\" \/>\n<script type=\"application\/ld+json\" class=\"yoast-schema-graph\">{\"@context\":\"https:\/\/schema.org\",\"@graph\":[{\"@type\":\"WebPage\",\"@id\":\"https:\/\/www.robe.world\/lex\/lillys-blog\/\",\"url\":\"https:\/\/www.robe.world\/lex\/lillys-blog\/\",\"name\":\"Lillys Blog - Alexander Rob\u00e9\",\"isPartOf\":{\"@id\":\"https:\/\/www.robe.world\/lex\/#website\"},\"primaryImageOfPage\":{\"@id\":\"https:\/\/www.robe.world\/lex\/lillys-blog\/#primaryimage\"},\"image\":{\"@id\":\"https:\/\/www.robe.world\/lex\/lillys-blog\/#primaryimage\"},\"thumbnailUrl\":\"http:\/\/www.robe.world\/lex\/wp-content\/uploads\/family_Thai3-193x3001.jpg\",\"datePublished\":\"2014-01-15T18:27:30+00:00\",\"dateModified\":\"2018-10-10T03:50:19+00:00\",\"description\":\"Lilly Rob\u00e9, Tocher von Alexander Rob\u00e9\",\"breadcrumb\":{\"@id\":\"https:\/\/www.robe.world\/lex\/lillys-blog\/#breadcrumb\"},\"inLanguage\":\"de\",\"potentialAction\":[{\"@type\":\"ReadAction\",\"target\":[\"https:\/\/www.robe.world\/lex\/lillys-blog\/\"]}]},{\"@type\":\"ImageObject\",\"inLanguage\":\"de\",\"@id\":\"https:\/\/www.robe.world\/lex\/lillys-blog\/#primaryimage\",\"url\":\"https:\/\/www.robe.world\/lex\/wp-content\/uploads\/family_Thai3.jpg\",\"contentUrl\":\"https:\/\/www.robe.world\/lex\/wp-content\/uploads\/family_Thai3.jpg\",\"width\":1584,\"height\":2457},{\"@type\":\"BreadcrumbList\",\"@id\":\"https:\/\/www.robe.world\/lex\/lillys-blog\/#breadcrumb\",\"itemListElement\":[{\"@type\":\"ListItem\",\"position\":1,\"name\":\"Home\",\"item\":\"https:\/\/www.robe.world\/lex\/\"},{\"@type\":\"ListItem\",\"position\":2,\"name\":\"Lillys Blog\"}]},{\"@type\":\"WebSite\",\"@id\":\"https:\/\/www.robe.world\/lex\/#website\",\"url\":\"https:\/\/www.robe.world\/lex\/\",\"name\":\"Alexander Rob\u00e9\",\"description\":\"blogging since 1997\",\"potentialAction\":[{\"@type\":\"SearchAction\",\"target\":{\"@type\":\"EntryPoint\",\"urlTemplate\":\"https:\/\/www.robe.world\/lex\/?s={search_term_string}\"},\"query-input\":{\"@type\":\"PropertyValueSpecification\",\"valueRequired\":true,\"valueName\":\"search_term_string\"}}],\"inLanguage\":\"de\"}]}<\/script>\n<!-- \/ Yoast SEO plugin. -->","yoast_head_json":{"title":"Lillys Blog - Alexander Rob\u00e9","description":"Lilly Rob\u00e9, Tocher von Alexander Rob\u00e9","robots":{"index":"index","follow":"follow","max-snippet":"max-snippet:-1","max-image-preview":"max-image-preview:large","max-video-preview":"max-video-preview:-1"},"canonical":"https:\/\/www.robe.world\/lex\/lillys-blog\/","og_locale":"de_DE","og_type":"article","og_title":"Lillys Blog - Alexander Rob\u00e9","og_description":"Lilly Rob\u00e9, Tocher von Alexander Rob\u00e9","og_url":"https:\/\/www.robe.world\/lex\/lillys-blog\/","og_site_name":"Alexander Rob\u00e9","article_publisher":"https:\/\/www.facebook.com\/lexrobe","article_modified_time":"2018-10-10T03:50:19+00:00","og_image":[{"url":"http:\/\/www.robe.world\/lex\/wp-content\/uploads\/family_Thai3-193x3001.jpg","type":"","width":"","height":""}],"schema":{"@context":"https:\/\/schema.org","@graph":[{"@type":"WebPage","@id":"https:\/\/www.robe.world\/lex\/lillys-blog\/","url":"https:\/\/www.robe.world\/lex\/lillys-blog\/","name":"Lillys Blog - Alexander Rob\u00e9","isPartOf":{"@id":"https:\/\/www.robe.world\/lex\/#website"},"primaryImageOfPage":{"@id":"https:\/\/www.robe.world\/lex\/lillys-blog\/#primaryimage"},"image":{"@id":"https:\/\/www.robe.world\/lex\/lillys-blog\/#primaryimage"},"thumbnailUrl":"http:\/\/www.robe.world\/lex\/wp-content\/uploads\/family_Thai3-193x3001.jpg","datePublished":"2014-01-15T18:27:30+00:00","dateModified":"2018-10-10T03:50:19+00:00","description":"Lilly Rob\u00e9, Tocher von Alexander Rob\u00e9","breadcrumb":{"@id":"https:\/\/www.robe.world\/lex\/lillys-blog\/#breadcrumb"},"inLanguage":"de","potentialAction":[{"@type":"ReadAction","target":["https:\/\/www.robe.world\/lex\/lillys-blog\/"]}]},{"@type":"ImageObject","inLanguage":"de","@id":"https:\/\/www.robe.world\/lex\/lillys-blog\/#primaryimage","url":"https:\/\/www.robe.world\/lex\/wp-content\/uploads\/family_Thai3.jpg","contentUrl":"https:\/\/www.robe.world\/lex\/wp-content\/uploads\/family_Thai3.jpg","width":1584,"height":2457},{"@type":"BreadcrumbList","@id":"https:\/\/www.robe.world\/lex\/lillys-blog\/#breadcrumb","itemListElement":[{"@type":"ListItem","position":1,"name":"Home","item":"https:\/\/www.robe.world\/lex\/"},{"@type":"ListItem","position":2,"name":"Lillys Blog"}]},{"@type":"WebSite","@id":"https:\/\/www.robe.world\/lex\/#website","url":"https:\/\/www.robe.world\/lex\/","name":"Alexander Rob\u00e9","description":"blogging since 1997","potentialAction":[{"@type":"SearchAction","target":{"@type":"EntryPoint","urlTemplate":"https:\/\/www.robe.world\/lex\/?s={search_term_string}"},"query-input":{"@type":"PropertyValueSpecification","valueRequired":true,"valueName":"search_term_string"}}],"inLanguage":"de"}]}},"_links":{"self":[{"href":"https:\/\/www.robe.world\/lex\/wp-json\/wp\/v2\/pages\/5839","targetHints":{"allow":["GET"]}}],"collection":[{"href":"https:\/\/www.robe.world\/lex\/wp-json\/wp\/v2\/pages"}],"about":[{"href":"https:\/\/www.robe.world\/lex\/wp-json\/wp\/v2\/types\/page"}],"author":[{"embeddable":true,"href":"https:\/\/www.robe.world\/lex\/wp-json\/wp\/v2\/users\/1"}],"replies":[{"embeddable":true,"href":"https:\/\/www.robe.world\/lex\/wp-json\/wp\/v2\/comments?post=5839"}],"version-history":[{"count":6,"href":"https:\/\/www.robe.world\/lex\/wp-json\/wp\/v2\/pages\/5839\/revisions"}],"predecessor-version":[{"id":5940,"href":"https:\/\/www.robe.world\/lex\/wp-json\/wp\/v2\/pages\/5839\/revisions\/5940"}],"wp:attachment":[{"href":"https:\/\/www.robe.world\/lex\/wp-json\/wp\/v2\/media?parent=5839"}],"curies":[{"name":"wp","href":"https:\/\/api.w.org\/{rel}","templated":true}]}}