{"id":5372,"date":"2013-10-20T08:01:27","date_gmt":"2013-10-20T06:01:27","guid":{"rendered":"http:\/\/www.robe.world\/lex\/?page_id=5372"},"modified":"2018-10-10T05:50:20","modified_gmt":"2018-10-10T03:50:20","slug":"rhc-vs-grazer-eisbaeren-05-02-04","status":"publish","type":"page","link":"https:\/\/www.robe.world\/lex\/freizeit\/eishockey\/rhc-redmen-hockey-cracks\/spielberichte\/rhc-vs-grazer-eisbaeren-05-02-04\/","title":{"rendered":"RHC vs. GRAZER EISB\u00c4REN &#8211; 05.02.04"},"content":{"rendered":"<div align=\"center\">\n<p>Spielbericht der NHL-Begegung<\/p>\n<p><span style=\"font-family: Arial,Helvetica,sans-serif;\"><b><span style=\"text-decoration: underline;\"><span style=\"font-size: large;\"> REDMEN HOCKEY<br \/>\nCRACKS vs. GRAZER EISB\u00c4REN <\/span><\/span><\/b><\/span><\/p>\n<p>vom 05.02.2004<\/p>\n<\/div>\n<p align=\"center\"><span style=\"font-family: Arial,Helvetica,sans-serif;\"><b><span style=\"font-size: large;\">Endergebnis<br \/>\n3:1<\/span><\/b><\/span> (0:1, 2:0, 1:0)<\/p>\n<p align=\"left\"><strong>Aufstellung:<\/strong><\/p>\n<table border=\"0\" width=\"95%\" cellspacing=\"2\" cellpadding=\"2\" align=\"center\">\n<tbody>\n<tr>\n<td width=\"12%\" height=\"20\">Tor:<\/td>\n<td width=\"88%\">Tumpold Hermann<\/td>\n<\/tr>\n<tr>\n<td>Verteidigung:<\/td>\n<td>Tafner M., Tanzmeister M.!!!!!!!<\/td>\n<\/tr>\n<tr>\n<td height=\"20\">Sturm:<\/td>\n<td>Tafner G., Gr\u00f6bl K., Wegscheider H., Polak F., Koller P.<\/td>\n<\/tr>\n<tr>\n<td height=\"20\">Coach:<\/td>\n<td>Medosch R.<\/td>\n<\/tr>\n<\/tbody>\n<\/table>\n<p>&nbsp;<\/p>\n<p>Spielbericht:<\/p>\n<table border=\"0\" width=\"95%\" cellspacing=\"2\" cellpadding=\"2\" align=\"center\">\n<tbody>\n<tr>\n<td align=\"justify\" valign=\"top\" height=\"52\">\n<p align=\"center\"><strong>!!!Der RHC ist auferstanden!!!<\/strong><\/p>\n<p>Mit nur 2 Wechselspielern traten die Redmen gegen die Eisb\u00e4ren an. Wir hatten nur die \u00e4ltesten Spieler unserer Mannschaft (zum Gl\u00fcck?) zur Verf\u00fcgung! Wegen des Personalmangels &#8222;durfte&#8220; Max in der Verteidigung mit Captain Martin durchspielen. Max zeigte als gelernter St\u00fcrmer eine \u00fcberragende Leistung auf der Verteidigerposition (O-Ton Max: &#8222;Do mua\u00df i net so v\u00fc reina&#8220;)!<\/p>\n<p>Trotz eines R\u00fcckstands nach dem 1.Drittel, konnten wir mit unserer dezimierten (Altherren-)Mannschaft und einer sensationellen Vorstellung der ganzen Mannschaft den ersten Play-Off Sieg erreichen. Caps wir kommen!<\/td>\n<\/tr>\n<\/tbody>\n<\/table>\n<p><strong>Punkte-Freibeuter:<\/strong><\/p>\n<table border=\"0\" width=\"95%\" cellspacing=\"2\" cellpadding=\"2\" align=\"center\">\n<tbody>\n<tr>\n<td align=\"justify\" valign=\"top\" height=\"36\"><strong>Tore:<\/strong> Koller P. 2x, Tafner G. 1x<\/p>\n<p><strong>Assists:<\/strong> Tafner M. 1x, Koller P. 1x, Gr\u00f6bl K. 1x<\/td>\n<\/tr>\n<\/tbody>\n<\/table>\n","protected":false},"excerpt":{"rendered":"<p>Spielbericht der NHL-Begegung REDMEN HOCKEY CRACKS vs. GRAZER EISB\u00c4REN vom 05.02.2004 Endergebnis 3:1 (0:1, 2:0, 1:0) Aufstellung: Tor: Tumpold Hermann Verteidigung: Tafner M., Tanzmeister M.!!!!!!! Sturm: Tafner G., Gr\u00f6bl K., Wegscheider H., Polak F., Koller P. Coach: Medosch R. &nbsp; Spielbericht: !!!Der RHC ist auferstanden!!! Mit nur 2 Wechselspielern traten die Redmen gegen die Eisb\u00e4ren an. Wir hatten nur die \u00e4ltesten Spieler unserer Mannschaft (zum Gl\u00fcck?) zur Verf\u00fcgung! Wegen des Personalmangels &#8222;durfte&#8220; Max in der Verteidigung mit Captain Martin durchspielen. Max zeigte als gelernter St\u00fcrmer eine \u00fcberragende Leistung auf der<\/p>\n","protected":false},"author":1,"featured_media":0,"parent":5350,"menu_order":30,"comment_status":"open","ping_status":"closed","template":"","meta":{"footnotes":""},"class_list":["post-5372","page","type-page","status-publish","hentry"],"yoast_head":"<!-- This site is optimized with the Yoast SEO plugin v26.4 - https:\/\/yoast.com\/wordpress\/plugins\/seo\/ -->\n<title>RHC vs. GRAZER EISB\u00c4REN - 05.02.04 - Alexander Rob\u00e9<\/title>\n<meta name=\"robots\" content=\"index, follow, max-snippet:-1, max-image-preview:large, max-video-preview:-1\" \/>\n<link rel=\"canonical\" href=\"https:\/\/www.robe.world\/lex\/freizeit\/eishockey\/rhc-redmen-hockey-cracks\/spielberichte\/rhc-vs-grazer-eisbaeren-05-02-04\/\" \/>\n<meta property=\"og:locale\" content=\"de_DE\" \/>\n<meta property=\"og:type\" content=\"article\" \/>\n<meta property=\"og:title\" content=\"RHC vs. GRAZER EISB\u00c4REN - 05.02.04 - Alexander Rob\u00e9\" \/>\n<meta property=\"og:description\" content=\"Spielbericht der NHL-Begegung REDMEN HOCKEY CRACKS vs. GRAZER EISB\u00c4REN vom 05.02.2004 Endergebnis 3:1 (0:1, 2:0, 1:0) Aufstellung: Tor: Tumpold Hermann Verteidigung: Tafner M., Tanzmeister M.!!!!!!! Sturm: Tafner G., Gr\u00f6bl K., Wegscheider H., Polak F., Koller P. Coach: Medosch R. &nbsp; Spielbericht: !!!Der RHC ist auferstanden!!! Mit nur 2 Wechselspielern traten die Redmen gegen die Eisb\u00e4ren an. Wir hatten nur die \u00e4ltesten Spieler unserer Mannschaft (zum Gl\u00fcck?) zur Verf\u00fcgung! Wegen des Personalmangels &#8222;durfte&#8220; Max in der Verteidigung mit Captain Martin durchspielen. Max zeigte als gelernter St\u00fcrmer eine \u00fcberragende Leistung auf der\" \/>\n<meta property=\"og:url\" content=\"https:\/\/www.robe.world\/lex\/freizeit\/eishockey\/rhc-redmen-hockey-cracks\/spielberichte\/rhc-vs-grazer-eisbaeren-05-02-04\/\" \/>\n<meta property=\"og:site_name\" content=\"Alexander Rob\u00e9\" \/>\n<meta property=\"article:publisher\" content=\"https:\/\/www.facebook.com\/lexrobe\" \/>\n<meta property=\"article:modified_time\" content=\"2018-10-10T03:50:20+00:00\" \/>\n<meta name=\"twitter:label1\" content=\"Gesch\u00e4tzte Lesezeit\" \/>\n\t<meta name=\"twitter:data1\" content=\"1\u00a0Minute\" \/>\n<script type=\"application\/ld+json\" class=\"yoast-schema-graph\">{\"@context\":\"https:\/\/schema.org\",\"@graph\":[{\"@type\":\"WebPage\",\"@id\":\"https:\/\/www.robe.world\/lex\/freizeit\/eishockey\/rhc-redmen-hockey-cracks\/spielberichte\/rhc-vs-grazer-eisbaeren-05-02-04\/\",\"url\":\"https:\/\/www.robe.world\/lex\/freizeit\/eishockey\/rhc-redmen-hockey-cracks\/spielberichte\/rhc-vs-grazer-eisbaeren-05-02-04\/\",\"name\":\"RHC vs. GRAZER EISB\u00c4REN - 05.02.04 - Alexander Rob\u00e9\",\"isPartOf\":{\"@id\":\"https:\/\/www.robe.world\/lex\/#website\"},\"datePublished\":\"2013-10-20T06:01:27+00:00\",\"dateModified\":\"2018-10-10T03:50:20+00:00\",\"breadcrumb\":{\"@id\":\"https:\/\/www.robe.world\/lex\/freizeit\/eishockey\/rhc-redmen-hockey-cracks\/spielberichte\/rhc-vs-grazer-eisbaeren-05-02-04\/#breadcrumb\"},\"inLanguage\":\"de\",\"potentialAction\":[{\"@type\":\"ReadAction\",\"target\":[\"https:\/\/www.robe.world\/lex\/freizeit\/eishockey\/rhc-redmen-hockey-cracks\/spielberichte\/rhc-vs-grazer-eisbaeren-05-02-04\/\"]}]},{\"@type\":\"BreadcrumbList\",\"@id\":\"https:\/\/www.robe.world\/lex\/freizeit\/eishockey\/rhc-redmen-hockey-cracks\/spielberichte\/rhc-vs-grazer-eisbaeren-05-02-04\/#breadcrumb\",\"itemListElement\":[{\"@type\":\"ListItem\",\"position\":1,\"name\":\"Home\",\"item\":\"https:\/\/www.robe.world\/lex\/\"},{\"@type\":\"ListItem\",\"position\":2,\"name\":\"Freizeit\",\"item\":\"https:\/\/www.robe.world\/lex\/freizeit\/\"},{\"@type\":\"ListItem\",\"position\":3,\"name\":\"Eishockey\",\"item\":\"https:\/\/www.robe.world\/lex\/freizeit\/eishockey\/\"},{\"@type\":\"ListItem\",\"position\":4,\"name\":\"RHC &#8211; Redmen Hockey Cracks\",\"item\":\"https:\/\/www.robe.world\/lex\/freizeit\/eishockey\/rhc-redmen-hockey-cracks\/\"},{\"@type\":\"ListItem\",\"position\":5,\"name\":\"Spielberichte 03\/04\",\"item\":\"https:\/\/www.robe.world\/lex\/freizeit\/eishockey\/rhc-redmen-hockey-cracks\/spielberichte\/\"},{\"@type\":\"ListItem\",\"position\":6,\"name\":\"RHC vs. GRAZER EISB\u00c4REN &#8211; 05.02.04\"}]},{\"@type\":\"WebSite\",\"@id\":\"https:\/\/www.robe.world\/lex\/#website\",\"url\":\"https:\/\/www.robe.world\/lex\/\",\"name\":\"Alexander Rob\u00e9\",\"description\":\"blogging since 1997\",\"potentialAction\":[{\"@type\":\"SearchAction\",\"target\":{\"@type\":\"EntryPoint\",\"urlTemplate\":\"https:\/\/www.robe.world\/lex\/?s={search_term_string}\"},\"query-input\":{\"@type\":\"PropertyValueSpecification\",\"valueRequired\":true,\"valueName\":\"search_term_string\"}}],\"inLanguage\":\"de\"}]}<\/script>\n<!-- \/ Yoast SEO plugin. -->","yoast_head_json":{"title":"RHC vs. GRAZER EISB\u00c4REN - 05.02.04 - Alexander Rob\u00e9","robots":{"index":"index","follow":"follow","max-snippet":"max-snippet:-1","max-image-preview":"max-image-preview:large","max-video-preview":"max-video-preview:-1"},"canonical":"https:\/\/www.robe.world\/lex\/freizeit\/eishockey\/rhc-redmen-hockey-cracks\/spielberichte\/rhc-vs-grazer-eisbaeren-05-02-04\/","og_locale":"de_DE","og_type":"article","og_title":"RHC vs. GRAZER EISB\u00c4REN - 05.02.04 - Alexander Rob\u00e9","og_description":"Spielbericht der NHL-Begegung REDMEN HOCKEY CRACKS vs. GRAZER EISB\u00c4REN vom 05.02.2004 Endergebnis 3:1 (0:1, 2:0, 1:0) Aufstellung: Tor: Tumpold Hermann Verteidigung: Tafner M., Tanzmeister M.!!!!!!! Sturm: Tafner G., Gr\u00f6bl K., Wegscheider H., Polak F., Koller P. Coach: Medosch R. &nbsp; Spielbericht: !!!Der RHC ist auferstanden!!! Mit nur 2 Wechselspielern traten die Redmen gegen die Eisb\u00e4ren an. Wir hatten nur die \u00e4ltesten Spieler unserer Mannschaft (zum Gl\u00fcck?) zur Verf\u00fcgung! Wegen des Personalmangels &#8222;durfte&#8220; Max in der Verteidigung mit Captain Martin durchspielen. Max zeigte als gelernter St\u00fcrmer eine \u00fcberragende Leistung auf der","og_url":"https:\/\/www.robe.world\/lex\/freizeit\/eishockey\/rhc-redmen-hockey-cracks\/spielberichte\/rhc-vs-grazer-eisbaeren-05-02-04\/","og_site_name":"Alexander Rob\u00e9","article_publisher":"https:\/\/www.facebook.com\/lexrobe","article_modified_time":"2018-10-10T03:50:20+00:00","twitter_misc":{"Gesch\u00e4tzte Lesezeit":"1\u00a0Minute"},"schema":{"@context":"https:\/\/schema.org","@graph":[{"@type":"WebPage","@id":"https:\/\/www.robe.world\/lex\/freizeit\/eishockey\/rhc-redmen-hockey-cracks\/spielberichte\/rhc-vs-grazer-eisbaeren-05-02-04\/","url":"https:\/\/www.robe.world\/lex\/freizeit\/eishockey\/rhc-redmen-hockey-cracks\/spielberichte\/rhc-vs-grazer-eisbaeren-05-02-04\/","name":"RHC vs. GRAZER EISB\u00c4REN - 05.02.04 - Alexander Rob\u00e9","isPartOf":{"@id":"https:\/\/www.robe.world\/lex\/#website"},"datePublished":"2013-10-20T06:01:27+00:00","dateModified":"2018-10-10T03:50:20+00:00","breadcrumb":{"@id":"https:\/\/www.robe.world\/lex\/freizeit\/eishockey\/rhc-redmen-hockey-cracks\/spielberichte\/rhc-vs-grazer-eisbaeren-05-02-04\/#breadcrumb"},"inLanguage":"de","potentialAction":[{"@type":"ReadAction","target":["https:\/\/www.robe.world\/lex\/freizeit\/eishockey\/rhc-redmen-hockey-cracks\/spielberichte\/rhc-vs-grazer-eisbaeren-05-02-04\/"]}]},{"@type":"BreadcrumbList","@id":"https:\/\/www.robe.world\/lex\/freizeit\/eishockey\/rhc-redmen-hockey-cracks\/spielberichte\/rhc-vs-grazer-eisbaeren-05-02-04\/#breadcrumb","itemListElement":[{"@type":"ListItem","position":1,"name":"Home","item":"https:\/\/www.robe.world\/lex\/"},{"@type":"ListItem","position":2,"name":"Freizeit","item":"https:\/\/www.robe.world\/lex\/freizeit\/"},{"@type":"ListItem","position":3,"name":"Eishockey","item":"https:\/\/www.robe.world\/lex\/freizeit\/eishockey\/"},{"@type":"ListItem","position":4,"name":"RHC &#8211; Redmen Hockey Cracks","item":"https:\/\/www.robe.world\/lex\/freizeit\/eishockey\/rhc-redmen-hockey-cracks\/"},{"@type":"ListItem","position":5,"name":"Spielberichte 03\/04","item":"https:\/\/www.robe.world\/lex\/freizeit\/eishockey\/rhc-redmen-hockey-cracks\/spielberichte\/"},{"@type":"ListItem","position":6,"name":"RHC vs. GRAZER EISB\u00c4REN &#8211; 05.02.04"}]},{"@type":"WebSite","@id":"https:\/\/www.robe.world\/lex\/#website","url":"https:\/\/www.robe.world\/lex\/","name":"Alexander Rob\u00e9","description":"blogging since 1997","potentialAction":[{"@type":"SearchAction","target":{"@type":"EntryPoint","urlTemplate":"https:\/\/www.robe.world\/lex\/?s={search_term_string}"},"query-input":{"@type":"PropertyValueSpecification","valueRequired":true,"valueName":"search_term_string"}}],"inLanguage":"de"}]}},"_links":{"self":[{"href":"https:\/\/www.robe.world\/lex\/wp-json\/wp\/v2\/pages\/5372","targetHints":{"allow":["GET"]}}],"collection":[{"href":"https:\/\/www.robe.world\/lex\/wp-json\/wp\/v2\/pages"}],"about":[{"href":"https:\/\/www.robe.world\/lex\/wp-json\/wp\/v2\/types\/page"}],"author":[{"embeddable":true,"href":"https:\/\/www.robe.world\/lex\/wp-json\/wp\/v2\/users\/1"}],"replies":[{"embeddable":true,"href":"https:\/\/www.robe.world\/lex\/wp-json\/wp\/v2\/comments?post=5372"}],"version-history":[{"count":2,"href":"https:\/\/www.robe.world\/lex\/wp-json\/wp\/v2\/pages\/5372\/revisions"}],"predecessor-version":[{"id":6352,"href":"https:\/\/www.robe.world\/lex\/wp-json\/wp\/v2\/pages\/5372\/revisions\/6352"}],"up":[{"embeddable":true,"href":"https:\/\/www.robe.world\/lex\/wp-json\/wp\/v2\/pages\/5350"}],"wp:attachment":[{"href":"https:\/\/www.robe.world\/lex\/wp-json\/wp\/v2\/media?parent=5372"}],"curies":[{"name":"wp","href":"https:\/\/api.w.org\/{rel}","templated":true}]}}