{"id":5251,"date":"2013-10-19T16:50:15","date_gmt":"2013-10-19T14:50:15","guid":{"rendered":"http:\/\/www.robe.world\/lex\/?page_id=5251"},"modified":"2018-10-10T05:50:21","modified_gmt":"2018-10-10T03:50:21","slug":"powerkiting","status":"publish","type":"page","link":"https:\/\/www.robe.world\/lex\/freizeit\/powerkiting\/","title":{"rendered":"Powerkiting"},"content":{"rendered":"<p align=\"center\"><span style=\"font-family: Arial,Helvetica,sans-serif; font-size: small;\">(sprich: &#8222;<em>pauakaiting<\/em>&#8222;)<\/span><\/p>\n<p style=\"text-align: justify;\" align=\"left\">Im Fr\u00fchjahr \u00b499 hatte ich mein Hofer-Lenkdrachen-dasein endg\u00fcltig satt und entschloss mich, einen Profi-Lenkdrachen zu kaufen.<\/p>\n<p style=\"text-align: justify;\" align=\"left\">Mit meinem alten Flieger-Partner B\u00e4ck legte ich mir einem <a href=\"http:\/\/www.kfs.org\/%7Eabw\/benson\/\"> Benson Outerspace<\/a> zu &#8211; ein richtiger Allrounddrachen (trickf\u00e4hig ohne dabei auf Speed zu sehr verzichten zu m\u00fcssen) und alle waren gl\u00fccklich.<br \/>\nDoch wie k\u00f6nnte es anders sein, gerade als die ersten Tricks begannen zu sitzen erz\u00e4hlte mir B\u00e4ck von einem Special in Eurosport, wo Leute die Paragleiter-\u00e4hnliche Matten wie Lenkdrachen flogen grosse Jumps machten. Interessant &#8211; aber schon wieder Kohle ausgeben??? Diese Frage stellte sich mir nur kurz, da er bereits anderthalb Wochen sp\u00e4ter mit einer 8.5 m^2 Lenkmatte vor meiner T\u00fcr stand.<\/p>\n<p style=\"text-align: justify;\" align=\"left\">Nichts wie runter in die Ennswiese\/Liezen, wo auch zu dieser Jahreszeit ein respektabler Wind wehte &#8211; und da packte mich die Leidenschaft, die bis heute noch nichts von ihrer Faszination eingeb\u00fcsst hat. Das Spiel zwischen Ausgeliefertheit und Kontrolle des Windes, das einen zu bis zu 4 m hohen und 10 m weiten Spr\u00fcngen bef\u00e4higt, gepaart mit einem Ganzk\u00f6rper-Workout ist das prickelnde bei dieser Fun-Sportart.<\/p>\n<p align=\"left\"><span style=\"font-family: Arial,Helvetica,sans-serif; font-size: small;\"><br \/>\n<span style=\"text-decoration: underline;\"> <span style=\"color: #ff0000;\"><b>zur Funktionsweise:<\/b><\/span><\/span><\/span><\/p>\n<p style=\"text-align: justify;\" align=\"left\">Man fliegt den Powerkite wie einen gew\u00f6hnlichen Lenkdrachen, d.h.: rechts ziehen -&gt; Drehung nach rechts und umgekehrt. Um den Dreheffekt noch zu verst\u00e4rken kann man den Kite auch als Vierleiner fliegen. Soll heissen, dass an einer ca. 50 cm langen Stange an jedem Ende\u00a0 je eine Stammleine, die das Gewicht tr\u00e4gt und eine Bremsleine, die zum Verst\u00e4rken des Dreheffektes und zum Anbremsen der Matte dient, befestigt sind. Die Stammleine daumenseitig, die Bremsleine in Richtung des kleinen Fingers. Man h\u00e4lt die leicht gebogene Stange nahe der Stammleinen, da hier ja die gr\u00f6sste Belastung auftritt. Der eigentliche Lenkvorgang besteht aus gegengleichem Ziehen und Geben der Leinen\/Stangen und &#8211; bei Flug als Vierleiner: &#8211; Ziehen + Neigbewegung zum zus\u00e4tzlichen Anbremsen.<\/p>\n<p style=\"text-align: justify;\" align=\"left\">Fliegt man nun den Kite halbhoch vom \u00e4usseren Rand des Windfensters (=Bereich in dem die Windkraft ausgenutzt werden kann; symmetrisch um ca. +-50\u00b0 bzgl. der Windrichtung) in dessen Mitte und dreht dann den Schrim gef\u00fchlvoll in vertikal aufsteigende Position, kann man die gew\u00fcnschten S\u00e4tze von mehreren Metern machen &#8211; vorausgesetzt der Wind l\u00e4sst einen nicht im Stich!<br \/>\nHlabhoch deshalb, da der Kite (zumindest meiner)\u00a0 auch bei schw\u00e4cheren Windst\u00e4rken (bis Bft 3) sehr starke Zugkr\u00e4fte entwickelt und er deshalb einen glatt \u00fcber den Boden schleifen w\u00fcrde. Dieser Effekt ist beim Kiting mit Buggies, Surfboards, Inline-Skates, Skiern, Traktorschl\u00e4uchen&#8230; unbedingt erw\u00fcnscht!<\/p>\n<p style=\"text-align: justify;\" align=\"left\">Wenn ihr genauere Infos sucht &#8211; tscheck da linx below!<\/p>\n<p align=\"left\"><div class=\"fusion-fullwidth fullwidth-box fusion-builder-row-1 hundred-percent-fullwidth non-hundred-percent-height-scrolling\" style=\"--awb-border-radius-top-left:0px;--awb-border-radius-top-right:0px;--awb-border-radius-bottom-right:0px;--awb-border-radius-bottom-left:0px;--awb-overflow:visible;--awb-margin-top:40px;--awb-background-color:rgba(255,255,255,0);--awb-flex-wrap:wrap;\" ><div class=\"fusion-builder-row fusion-row\"><div class=\"fusion-layout-column fusion_builder_column fusion-builder-column-0 fusion_builder_column_1_1 1_1 fusion-one-full fusion-column-first fusion-column-last fusion-column-no-min-height\" style=\"--awb-bg-size:cover;--awb-margin-bottom:0px;\"><div class=\"fusion-column-wrapper fusion-flex-column-wrapper-legacy\"><div class=\"fusion-sep-clear\"><\/div><div class=\"fusion-separator fusion-full-width-sep\" style=\"margin-left: auto;margin-right: auto;width:100%;\"><div class=\"fusion-separator-border sep-shadow\" style=\"--awb-height:20px;--awb-amount:20px;background:radial-gradient(ellipse at 50% -50% , #3e3e3e 0px, rgba(255, 255, 255, 0) 80%) repeat scroll 0 0 rgba(0, 0, 0, 0);background:-webkit-radial-gradient(ellipse at 50% -50% , #3e3e3e 0px, rgba(255, 255, 255, 0) 80%) repeat scroll 0 0 rgba(0, 0, 0, 0);background:-moz-radial-gradient(ellipse at 50% -50% , #3e3e3e 0px, rgba(255, 255, 255, 0) 80%) repeat scroll 0 0 rgba(0, 0, 0, 0);background:-o-radial-gradient(ellipse at 50% -50% , #3e3e3e 0px, rgba(255, 255, 255, 0) 80%) repeat scroll 0 0 rgba(0, 0, 0, 0);\"><\/div><\/div><div class=\"fusion-sep-clear\"><\/div>\n<p align=\"left\"><span style=\"font-family: Arial,Helvetica,sans-serif; font-size: small;\">Im WS99\/00 habe ich am IBuS der Montan-Universit\u00e4t Leoben Powerkiting inskribiert &#8211; spricht f\u00fcr das IBuS, das solche Trendsportarten anbietet (respect!). Die teilnehmenden Jungs waren heuer schon in der Arena Nova in Wr. Neustadt. Ich kann aber keinen Kommentar dazu abgeben, da ich an diesem Wochenende es &#8222;vorgezogen&#8220; habe, einem Freund beim Dachdecken behilflich zu sein (erster Schnee!) und von den anderen noch kein Feedback habe.<\/span><\/p>\n<p align=\"left\">\u00a0<span style=\"font-family: Arial,Helvetica,sans-serif; font-size: small;\"><span style=\"text-decoration: underline;\"><b><span style=\"color: #ff0000;\">Foto-Sessions:<\/span><\/b><\/span><\/span><\/p>\n<table border=\"0\" width=\"95%\" cellspacing=\"2\" cellpadding=\"5\" align=\"center\">\n<tbody>\n<tr>\n<td width=\"27%\"><a title=\"Powerkiting Aug.\u00b499\" href=\"http:\/\/www.robe.world\/lex\/freizeit\/powerkiting\/powerkiting-aug-99\/\">August \u00b499<\/a><\/td>\n<td width=\"73%\">kleines &#8222;Clubtreffen&#8220; in der Liezener Ennswiese&#8230;<\/td>\n<\/tr>\n<tr>\n<td><a title=\"Powerkiting \u2013 Sept. 2000\" href=\"http:\/\/www.robe.world\/lex\/freizeit\/powerkiting\/powerkiting-sept-2000\/\">September \u00b400\/ Februar \u00b401<\/a><\/td>\n<td>Tolle Shots von einem geilen Herbst-Nachmittag in der Ennswiese und dem ersten PK-Versuch auf Carvelinos&#8230;<\/td>\n<\/tr>\n<tr>\n<td><a title=\"Powerkiting \u2013 07. Oktober 02\" href=\"http:\/\/www.robe.world\/lex\/freizeit\/powerkiting\/powerkiting-07-oktober-02\/\">Oktober 2002<\/a><\/td>\n<td>Gernot Zehner hat mich und Hans zu einer kleinen Session an den Gaishorner See mit seinem Tube-Kite eingeladen&#8230;<\/td>\n<\/tr>\n<\/tbody>\n<\/table>\n<p>hier noch eine kleine Linksammlung, wenn ich Dein Interesse ein bisschen wecken konnte:<\/p>\n<table border=\"1\" width=\"87%\">\n<tbody>\n<tr>\n<td width=\"16%\">Allgemein:<\/td>\n<td width=\"84%\"><a href=\"http:\/\/www.kfs.org\/kites\">w<\/a><a href=\"http:\/\/www.kfs.org\/kites\">eitere links&#8230;<\/a><\/td>\n<\/tr>\n<tr>\n<td width=\"16%\">Kite-Surfing:<\/td>\n<td width=\"84%\"><a href=\"http:\/\/www.kitesurfing.com\">kitesurfing.com<\/a><\/td>\n<\/tr>\n<tr>\n<td width=\"16%\">H\u00e4ndler:<\/td>\n<td width=\"84%\"><a href=\"http:\/\/www.lenkdrachen.de\/HTML-PAGES\/Power-Home\/pow-home.htm\">kites&amp;c<\/a><a href=\"http:\/\/www.lenkdrachen.de\/HTML-PAGES\/Power-Home\/pow-home.htm\">o drachenversand<\/a><\/td>\n<\/tr>\n<\/tbody>\n<\/table>\n<div class=\"fusion-clearfix\"><\/div><\/div><\/div><\/div><\/div>\n","protected":false},"excerpt":{"rendered":"<p>(sprich: &#8222;pauakaiting&#8222;) Im Fr\u00fchjahr \u00b499 hatte ich mein Hofer-Lenkdrachen-dasein endg\u00fcltig satt und entschloss mich, einen Profi-Lenkdrachen zu kaufen. Mit meinem alten Flieger-Partner B\u00e4ck legte ich mir einem Benson Outerspace zu &#8211; ein richtiger Allrounddrachen (trickf\u00e4hig ohne dabei auf Speed zu sehr verzichten zu m\u00fcssen) und alle waren gl\u00fccklich. Doch wie k\u00f6nnte es anders sein, gerade als die ersten Tricks begannen zu sitzen erz\u00e4hlte mir B\u00e4ck von einem Special in Eurosport, wo Leute die Paragleiter-\u00e4hnliche Matten wie Lenkdrachen flogen grosse Jumps machten. Interessant &#8211; aber schon wieder Kohle ausgeben??? Diese Frage<\/p>\n","protected":false},"author":1,"featured_media":0,"parent":4148,"menu_order":30,"comment_status":"open","ping_status":"closed","template":"side-navigation.php","meta":{"footnotes":""},"class_list":["post-5251","page","type-page","status-publish","hentry"],"yoast_head":"<!-- This site is optimized with the Yoast SEO plugin v26.4 - https:\/\/yoast.com\/wordpress\/plugins\/seo\/ -->\n<title>Powerkiting - Alexander Rob\u00e9<\/title>\n<meta name=\"robots\" content=\"index, follow, max-snippet:-1, max-image-preview:large, max-video-preview:-1\" \/>\n<link rel=\"canonical\" href=\"https:\/\/www.robe.world\/lex\/freizeit\/powerkiting\/\" \/>\n<meta property=\"og:locale\" content=\"de_DE\" \/>\n<meta property=\"og:type\" content=\"article\" \/>\n<meta property=\"og:title\" content=\"Powerkiting - Alexander Rob\u00e9\" \/>\n<meta property=\"og:description\" content=\"(sprich: &#8222;pauakaiting&#8222;) Im Fr\u00fchjahr \u00b499 hatte ich mein Hofer-Lenkdrachen-dasein endg\u00fcltig satt und entschloss mich, einen Profi-Lenkdrachen zu kaufen. Mit meinem alten Flieger-Partner B\u00e4ck legte ich mir einem Benson Outerspace zu &#8211; ein richtiger Allrounddrachen (trickf\u00e4hig ohne dabei auf Speed zu sehr verzichten zu m\u00fcssen) und alle waren gl\u00fccklich. Doch wie k\u00f6nnte es anders sein, gerade als die ersten Tricks begannen zu sitzen erz\u00e4hlte mir B\u00e4ck von einem Special in Eurosport, wo Leute die Paragleiter-\u00e4hnliche Matten wie Lenkdrachen flogen grosse Jumps machten. Interessant &#8211; aber schon wieder Kohle ausgeben??? Diese Frage\" \/>\n<meta property=\"og:url\" content=\"https:\/\/www.robe.world\/lex\/freizeit\/powerkiting\/\" \/>\n<meta property=\"og:site_name\" content=\"Alexander Rob\u00e9\" \/>\n<meta property=\"article:publisher\" content=\"https:\/\/www.facebook.com\/lexrobe\" \/>\n<meta property=\"article:modified_time\" content=\"2018-10-10T03:50:21+00:00\" \/>\n<meta name=\"twitter:label1\" content=\"Gesch\u00e4tzte Lesezeit\" \/>\n\t<meta name=\"twitter:data1\" content=\"3\u00a0Minuten\" \/>\n<script type=\"application\/ld+json\" class=\"yoast-schema-graph\">{\"@context\":\"https:\/\/schema.org\",\"@graph\":[{\"@type\":\"WebPage\",\"@id\":\"https:\/\/www.robe.world\/lex\/freizeit\/powerkiting\/\",\"url\":\"https:\/\/www.robe.world\/lex\/freizeit\/powerkiting\/\",\"name\":\"Powerkiting - Alexander Rob\u00e9\",\"isPartOf\":{\"@id\":\"https:\/\/www.robe.world\/lex\/#website\"},\"datePublished\":\"2013-10-19T14:50:15+00:00\",\"dateModified\":\"2018-10-10T03:50:21+00:00\",\"breadcrumb\":{\"@id\":\"https:\/\/www.robe.world\/lex\/freizeit\/powerkiting\/#breadcrumb\"},\"inLanguage\":\"de\",\"potentialAction\":[{\"@type\":\"ReadAction\",\"target\":[\"https:\/\/www.robe.world\/lex\/freizeit\/powerkiting\/\"]}]},{\"@type\":\"BreadcrumbList\",\"@id\":\"https:\/\/www.robe.world\/lex\/freizeit\/powerkiting\/#breadcrumb\",\"itemListElement\":[{\"@type\":\"ListItem\",\"position\":1,\"name\":\"Home\",\"item\":\"https:\/\/www.robe.world\/lex\/\"},{\"@type\":\"ListItem\",\"position\":2,\"name\":\"Freizeit\",\"item\":\"https:\/\/www.robe.world\/lex\/freizeit\/\"},{\"@type\":\"ListItem\",\"position\":3,\"name\":\"Powerkiting\"}]},{\"@type\":\"WebSite\",\"@id\":\"https:\/\/www.robe.world\/lex\/#website\",\"url\":\"https:\/\/www.robe.world\/lex\/\",\"name\":\"Alexander Rob\u00e9\",\"description\":\"blogging since 1997\",\"potentialAction\":[{\"@type\":\"SearchAction\",\"target\":{\"@type\":\"EntryPoint\",\"urlTemplate\":\"https:\/\/www.robe.world\/lex\/?s={search_term_string}\"},\"query-input\":{\"@type\":\"PropertyValueSpecification\",\"valueRequired\":true,\"valueName\":\"search_term_string\"}}],\"inLanguage\":\"de\"}]}<\/script>\n<!-- \/ Yoast SEO plugin. -->","yoast_head_json":{"title":"Powerkiting - Alexander Rob\u00e9","robots":{"index":"index","follow":"follow","max-snippet":"max-snippet:-1","max-image-preview":"max-image-preview:large","max-video-preview":"max-video-preview:-1"},"canonical":"https:\/\/www.robe.world\/lex\/freizeit\/powerkiting\/","og_locale":"de_DE","og_type":"article","og_title":"Powerkiting - Alexander Rob\u00e9","og_description":"(sprich: &#8222;pauakaiting&#8222;) Im Fr\u00fchjahr \u00b499 hatte ich mein Hofer-Lenkdrachen-dasein endg\u00fcltig satt und entschloss mich, einen Profi-Lenkdrachen zu kaufen. Mit meinem alten Flieger-Partner B\u00e4ck legte ich mir einem Benson Outerspace zu &#8211; ein richtiger Allrounddrachen (trickf\u00e4hig ohne dabei auf Speed zu sehr verzichten zu m\u00fcssen) und alle waren gl\u00fccklich. Doch wie k\u00f6nnte es anders sein, gerade als die ersten Tricks begannen zu sitzen erz\u00e4hlte mir B\u00e4ck von einem Special in Eurosport, wo Leute die Paragleiter-\u00e4hnliche Matten wie Lenkdrachen flogen grosse Jumps machten. Interessant &#8211; aber schon wieder Kohle ausgeben??? Diese Frage","og_url":"https:\/\/www.robe.world\/lex\/freizeit\/powerkiting\/","og_site_name":"Alexander Rob\u00e9","article_publisher":"https:\/\/www.facebook.com\/lexrobe","article_modified_time":"2018-10-10T03:50:21+00:00","twitter_misc":{"Gesch\u00e4tzte Lesezeit":"3\u00a0Minuten"},"schema":{"@context":"https:\/\/schema.org","@graph":[{"@type":"WebPage","@id":"https:\/\/www.robe.world\/lex\/freizeit\/powerkiting\/","url":"https:\/\/www.robe.world\/lex\/freizeit\/powerkiting\/","name":"Powerkiting - Alexander Rob\u00e9","isPartOf":{"@id":"https:\/\/www.robe.world\/lex\/#website"},"datePublished":"2013-10-19T14:50:15+00:00","dateModified":"2018-10-10T03:50:21+00:00","breadcrumb":{"@id":"https:\/\/www.robe.world\/lex\/freizeit\/powerkiting\/#breadcrumb"},"inLanguage":"de","potentialAction":[{"@type":"ReadAction","target":["https:\/\/www.robe.world\/lex\/freizeit\/powerkiting\/"]}]},{"@type":"BreadcrumbList","@id":"https:\/\/www.robe.world\/lex\/freizeit\/powerkiting\/#breadcrumb","itemListElement":[{"@type":"ListItem","position":1,"name":"Home","item":"https:\/\/www.robe.world\/lex\/"},{"@type":"ListItem","position":2,"name":"Freizeit","item":"https:\/\/www.robe.world\/lex\/freizeit\/"},{"@type":"ListItem","position":3,"name":"Powerkiting"}]},{"@type":"WebSite","@id":"https:\/\/www.robe.world\/lex\/#website","url":"https:\/\/www.robe.world\/lex\/","name":"Alexander Rob\u00e9","description":"blogging since 1997","potentialAction":[{"@type":"SearchAction","target":{"@type":"EntryPoint","urlTemplate":"https:\/\/www.robe.world\/lex\/?s={search_term_string}"},"query-input":{"@type":"PropertyValueSpecification","valueRequired":true,"valueName":"search_term_string"}}],"inLanguage":"de"}]}},"_links":{"self":[{"href":"https:\/\/www.robe.world\/lex\/wp-json\/wp\/v2\/pages\/5251","targetHints":{"allow":["GET"]}}],"collection":[{"href":"https:\/\/www.robe.world\/lex\/wp-json\/wp\/v2\/pages"}],"about":[{"href":"https:\/\/www.robe.world\/lex\/wp-json\/wp\/v2\/types\/page"}],"author":[{"embeddable":true,"href":"https:\/\/www.robe.world\/lex\/wp-json\/wp\/v2\/users\/1"}],"replies":[{"embeddable":true,"href":"https:\/\/www.robe.world\/lex\/wp-json\/wp\/v2\/comments?post=5251"}],"version-history":[{"count":6,"href":"https:\/\/www.robe.world\/lex\/wp-json\/wp\/v2\/pages\/5251\/revisions"}],"predecessor-version":[{"id":6182,"href":"https:\/\/www.robe.world\/lex\/wp-json\/wp\/v2\/pages\/5251\/revisions\/6182"}],"up":[{"embeddable":true,"href":"https:\/\/www.robe.world\/lex\/wp-json\/wp\/v2\/pages\/4148"}],"wp:attachment":[{"href":"https:\/\/www.robe.world\/lex\/wp-json\/wp\/v2\/media?parent=5251"}],"curies":[{"name":"wp","href":"https:\/\/api.w.org\/{rel}","templated":true}]}}