{"id":5247,"date":"2013-10-19T16:44:05","date_gmt":"2013-10-19T14:44:05","guid":{"rendered":"http:\/\/www.robe.world\/lex\/?page_id=5247"},"modified":"2018-10-10T05:50:22","modified_gmt":"2018-10-10T03:50:22","slug":"namibia-3-photoset","status":"publish","type":"page","link":"https:\/\/www.robe.world\/lex\/reisen\/namibia-1999\/namibia-3-photoset\/","title":{"rendered":"Namibia &#8211; 3. Photoset"},"content":{"rendered":"<p align=\"center\"><span style=\"font-family: Arial; font-size: large;\"><span style=\"text-decoration: underline;\">\u00a0<\/span><\/span><\/p>\n<table border=\"1\" width=\"95%\" align=\"center\">\n<tbody>\n<tr>\n<td width=\"11%\" height=\"123\"><span style=\"font-family: Arial;\"><a href=\"http:\/\/lex.robe.world\/images\/namibia\/car.jpg\" target=\"_blank\" rel=\"noopener\"><img decoding=\"async\" src=\"http:\/\/lex.robe.world\/images\/namibia\/thumbs\/car.jpg\" alt=\"\" width=\"154\" height=\"102\" border=\"0\" \/><\/a><\/span><\/td>\n<td width=\"89%\" height=\"123\"><span style=\"font-family: Arial;\">Nachdem der Gro\u00dfteil unserer Kollegen schon die Heimreise angetreten hatten, begann f\u00fcr Michi Wei\u00df und mich erst der richtige Trip. Wir mieteten uns einen Toyota Hilux 4 WD und ab ging\u00b4s durch die W\u00fcste mit dem Ziel in der n\u00f6rdlich gelegenen Etosha-Pfanne.<\/span><\/td>\n<\/tr>\n<tr>\n<td width=\"11%\" height=\"124\"><span style=\"font-family: Arial;\"><a href=\"http:\/\/lex.robe.world\/images\/namibia\/dino.jpg\" target=\"_blank\" rel=\"noopener\"><img decoding=\"async\" src=\"http:\/\/lex.robe.world\/images\/namibia\/thumbs\/dino.jpg\" alt=\"\" width=\"102\" height=\"154\" border=\"0\" \/><\/a><\/span><\/td>\n<td width=\"89%\" height=\"124\"><span style=\"font-family: Arial;\">Auf dem Weg dorthin streiften wir noch &#8222;dinosaur\u00b4s footprints&#8220; &#8211; aber wie Du selbst siehst, waren die dort lebenden Urviecher sicher nicht die gr\u00f6\u00dften ihrer Art&#8230;<\/span><\/td>\n<\/tr>\n<tr>\n<td width=\"11%\" height=\"124\"><span style=\"font-family: Arial;\"><a href=\"http:\/\/lex.robe.world\/images\/namibia\/hobemeteor.jpg\" target=\"_blank\" rel=\"noopener\"><img decoding=\"async\" src=\"http:\/\/lex.robe.world\/images\/namibia\/thumbs\/hobemeteor.jpg\" alt=\"\" width=\"154\" height=\"102\" border=\"0\" \/><\/a><\/span><\/td>\n<td width=\"89%\" height=\"124\"><span style=\"font-family: Arial;\">Sonnenuntergang \u00fcber dem Hoba-Meteoriten. Um sagenhafte 5 Schilling war hier Meteoritenbesichtigung und Camping direkt daneben zu haben&#8230;<\/span><span style=\"font-family: Arial;\">Der Meteorit bestand \u00fcbrigens zur G\u00e4nze aus Metall!<\/span><\/td>\n<\/tr>\n<tr>\n<td width=\"11%\" height=\"124\"><span style=\"font-family: Arial;\"><a href=\"http:\/\/lex.robe.world\/images\/namibia\/elefant.jpg\" target=\"_blank\" rel=\"noopener\"><img decoding=\"async\" src=\"http:\/\/lex.robe.world\/images\/namibia\/thumbs\/elefant.jpg\" alt=\"\" width=\"154\" height=\"102\" border=\"0\" \/><\/a><\/span><\/td>\n<td width=\"89%\" height=\"124\"><span style=\"font-family: Arial;\">In der Etosha-Pfanne angelangt weckte erst sagenhafter Gestank unser Interesse &#8211; der Grund hierf\u00fcr war schnell ausgeforscht: Ein Elefant geno\u00df gerade seine Schilf-Mahlzeit und zeigte sich durch uns ziemlich unbeeindruckt&#8230;<\/span><\/td>\n<\/tr>\n<tr>\n<td width=\"11%\" height=\"124\"><span style=\"font-family: Arial;\"><a href=\"http:\/\/lex.robe.world\/images\/namibia\/elef_threat.jpg\" target=\"_blank\" rel=\"noopener\"><img decoding=\"async\" src=\"http:\/\/lex.robe.world\/images\/namibia\/thumbs\/elef_threat.jpg\" alt=\"\" width=\"154\" height=\"103\" border=\"0\" \/><\/a><\/span><\/td>\n<td width=\"89%\" height=\"124\"><span style=\"font-family: Arial;\">Das war der wohl adrenalingeladenste Moment w\u00e4hrend des ganzen Trips&#8230;<\/span><span style=\"font-family: Arial;\">Auf unserer Reise zum Halali-Camp kreuzte dieser alleingelassene, schon etwas l\u00e4dierte Elefant unseren Weg und wollte partout nicht die Stra\u00dfe freigeben. Nach ca. 10 min voller Drohgeb\u00e4rden lie\u00df er uns schlie\u00dflich doch passieren&#8230; (Bild im Posterformat!)<\/span><\/td>\n<\/tr>\n<tr>\n<td width=\"11%\" height=\"124\"><span style=\"font-family: Arial;\"><a href=\"http:\/\/lex.robe.world\/images\/namibia\/felsen.jpg\" target=\"_blank\" rel=\"noopener\"><img decoding=\"async\" src=\"http:\/\/lex.robe.world\/images\/namibia\/thumbs\/felsen.jpg\" alt=\"\" width=\"154\" height=\"102\" border=\"0\" \/><\/a><\/span><\/td>\n<td width=\"89%\" height=\"124\"><span style=\"font-family: Arial;\">So manch\u00b4 nat\u00fcrliche Gesteinsformen erinnern auch an so manch\u00b4 menschliche Kurven&#8230;<\/span><\/td>\n<\/tr>\n<tr>\n<td width=\"11%\" height=\"124\"><span style=\"font-family: Arial;\"><a href=\"http:\/\/lex.robe.world\/images\/namibia\/sunset.jpg\" target=\"_blank\" rel=\"noopener\"><img decoding=\"async\" src=\"http:\/\/lex.robe.world\/images\/namibia\/thumbs\/sunset.jpg\" alt=\"\" width=\"102\" height=\"154\" border=\"0\" \/><\/a><\/span><\/td>\n<td width=\"89%\" height=\"124\"><span style=\"font-family: Arial;\">Mit diesem traumhaften Sonnenuntergang \u00fcber der Oase Halali in der Etosha-Pfanne endete unsere Photosafri&#8230;<\/span><\/td>\n<\/tr>\n<\/tbody>\n<\/table>\n<p>&nbsp;<\/p>\n","protected":false},"excerpt":{"rendered":"<p>\u00a0 Nachdem der Gro\u00dfteil unserer Kollegen schon die Heimreise angetreten hatten, begann f\u00fcr Michi Wei\u00df und mich erst der richtige Trip. Wir mieteten uns einen Toyota Hilux 4 WD und ab ging\u00b4s durch die W\u00fcste mit dem Ziel in der n\u00f6rdlich gelegenen Etosha-Pfanne. Auf dem Weg dorthin streiften wir noch &#8222;dinosaur\u00b4s footprints&#8220; &#8211; aber wie Du selbst siehst, waren die dort lebenden Urviecher sicher nicht die gr\u00f6\u00dften ihrer Art&#8230; Sonnenuntergang \u00fcber dem Hoba-Meteoriten. Um sagenhafte 5 Schilling war hier Meteoritenbesichtigung und Camping direkt daneben zu haben&#8230;Der Meteorit bestand \u00fcbrigens zur<\/p>\n","protected":false},"author":1,"featured_media":0,"parent":5242,"menu_order":3,"comment_status":"open","ping_status":"closed","template":"","meta":{"footnotes":""},"class_list":["post-5247","page","type-page","status-publish","hentry"],"yoast_head":"<!-- This site is optimized with the Yoast SEO plugin v26.4 - https:\/\/yoast.com\/wordpress\/plugins\/seo\/ -->\n<title>Namibia - 3. Photoset - Alexander Rob\u00e9<\/title>\n<meta name=\"robots\" content=\"index, follow, max-snippet:-1, max-image-preview:large, max-video-preview:-1\" \/>\n<link rel=\"canonical\" href=\"https:\/\/www.robe.world\/lex\/reisen\/namibia-1999\/namibia-3-photoset\/\" \/>\n<meta property=\"og:locale\" content=\"de_DE\" \/>\n<meta property=\"og:type\" content=\"article\" \/>\n<meta property=\"og:title\" content=\"Namibia - 3. Photoset - Alexander Rob\u00e9\" \/>\n<meta property=\"og:description\" content=\"\u00a0 Nachdem der Gro\u00dfteil unserer Kollegen schon die Heimreise angetreten hatten, begann f\u00fcr Michi Wei\u00df und mich erst der richtige Trip. Wir mieteten uns einen Toyota Hilux 4 WD und ab ging\u00b4s durch die W\u00fcste mit dem Ziel in der n\u00f6rdlich gelegenen Etosha-Pfanne. Auf dem Weg dorthin streiften wir noch &#8222;dinosaur\u00b4s footprints&#8220; &#8211; aber wie Du selbst siehst, waren die dort lebenden Urviecher sicher nicht die gr\u00f6\u00dften ihrer Art&#8230; Sonnenuntergang \u00fcber dem Hoba-Meteoriten. Um sagenhafte 5 Schilling war hier Meteoritenbesichtigung und Camping direkt daneben zu haben&#8230;Der Meteorit bestand \u00fcbrigens zur\" \/>\n<meta property=\"og:url\" content=\"https:\/\/www.robe.world\/lex\/reisen\/namibia-1999\/namibia-3-photoset\/\" \/>\n<meta property=\"og:site_name\" content=\"Alexander Rob\u00e9\" \/>\n<meta property=\"article:publisher\" content=\"https:\/\/www.facebook.com\/lexrobe\" \/>\n<meta property=\"article:modified_time\" content=\"2018-10-10T03:50:22+00:00\" \/>\n<meta property=\"og:image\" content=\"http:\/\/lex.robe.world\/images\/namibia\/thumbs\/car.jpg\" \/>\n<meta name=\"twitter:label1\" content=\"Gesch\u00e4tzte Lesezeit\" \/>\n\t<meta name=\"twitter:data1\" content=\"1\u00a0Minute\" \/>\n<script type=\"application\/ld+json\" class=\"yoast-schema-graph\">{\"@context\":\"https:\/\/schema.org\",\"@graph\":[{\"@type\":\"WebPage\",\"@id\":\"https:\/\/www.robe.world\/lex\/reisen\/namibia-1999\/namibia-3-photoset\/\",\"url\":\"https:\/\/www.robe.world\/lex\/reisen\/namibia-1999\/namibia-3-photoset\/\",\"name\":\"Namibia - 3. Photoset - Alexander Rob\u00e9\",\"isPartOf\":{\"@id\":\"https:\/\/www.robe.world\/lex\/#website\"},\"primaryImageOfPage\":{\"@id\":\"https:\/\/www.robe.world\/lex\/reisen\/namibia-1999\/namibia-3-photoset\/#primaryimage\"},\"image\":{\"@id\":\"https:\/\/www.robe.world\/lex\/reisen\/namibia-1999\/namibia-3-photoset\/#primaryimage\"},\"thumbnailUrl\":\"http:\/\/lex.robe.world\/images\/namibia\/thumbs\/car.jpg\",\"datePublished\":\"2013-10-19T14:44:05+00:00\",\"dateModified\":\"2018-10-10T03:50:22+00:00\",\"breadcrumb\":{\"@id\":\"https:\/\/www.robe.world\/lex\/reisen\/namibia-1999\/namibia-3-photoset\/#breadcrumb\"},\"inLanguage\":\"de\",\"potentialAction\":[{\"@type\":\"ReadAction\",\"target\":[\"https:\/\/www.robe.world\/lex\/reisen\/namibia-1999\/namibia-3-photoset\/\"]}]},{\"@type\":\"ImageObject\",\"inLanguage\":\"de\",\"@id\":\"https:\/\/www.robe.world\/lex\/reisen\/namibia-1999\/namibia-3-photoset\/#primaryimage\",\"url\":\"http:\/\/lex.robe.world\/images\/namibia\/thumbs\/car.jpg\",\"contentUrl\":\"http:\/\/lex.robe.world\/images\/namibia\/thumbs\/car.jpg\"},{\"@type\":\"BreadcrumbList\",\"@id\":\"https:\/\/www.robe.world\/lex\/reisen\/namibia-1999\/namibia-3-photoset\/#breadcrumb\",\"itemListElement\":[{\"@type\":\"ListItem\",\"position\":1,\"name\":\"Home\",\"item\":\"https:\/\/www.robe.world\/lex\/\"},{\"@type\":\"ListItem\",\"position\":2,\"name\":\"Reisen\",\"item\":\"https:\/\/www.robe.world\/lex\/reisen\/\"},{\"@type\":\"ListItem\",\"position\":3,\"name\":\"NAMIBIA 1999\",\"item\":\"https:\/\/www.robe.world\/lex\/reisen\/namibia-1999\/\"},{\"@type\":\"ListItem\",\"position\":4,\"name\":\"Namibia &#8211; 3. Photoset\"}]},{\"@type\":\"WebSite\",\"@id\":\"https:\/\/www.robe.world\/lex\/#website\",\"url\":\"https:\/\/www.robe.world\/lex\/\",\"name\":\"Alexander Rob\u00e9\",\"description\":\"blogging since 1997\",\"potentialAction\":[{\"@type\":\"SearchAction\",\"target\":{\"@type\":\"EntryPoint\",\"urlTemplate\":\"https:\/\/www.robe.world\/lex\/?s={search_term_string}\"},\"query-input\":{\"@type\":\"PropertyValueSpecification\",\"valueRequired\":true,\"valueName\":\"search_term_string\"}}],\"inLanguage\":\"de\"}]}<\/script>\n<!-- \/ Yoast SEO plugin. -->","yoast_head_json":{"title":"Namibia - 3. Photoset - Alexander Rob\u00e9","robots":{"index":"index","follow":"follow","max-snippet":"max-snippet:-1","max-image-preview":"max-image-preview:large","max-video-preview":"max-video-preview:-1"},"canonical":"https:\/\/www.robe.world\/lex\/reisen\/namibia-1999\/namibia-3-photoset\/","og_locale":"de_DE","og_type":"article","og_title":"Namibia - 3. Photoset - Alexander Rob\u00e9","og_description":"\u00a0 Nachdem der Gro\u00dfteil unserer Kollegen schon die Heimreise angetreten hatten, begann f\u00fcr Michi Wei\u00df und mich erst der richtige Trip. Wir mieteten uns einen Toyota Hilux 4 WD und ab ging\u00b4s durch die W\u00fcste mit dem Ziel in der n\u00f6rdlich gelegenen Etosha-Pfanne. Auf dem Weg dorthin streiften wir noch &#8222;dinosaur\u00b4s footprints&#8220; &#8211; aber wie Du selbst siehst, waren die dort lebenden Urviecher sicher nicht die gr\u00f6\u00dften ihrer Art&#8230; Sonnenuntergang \u00fcber dem Hoba-Meteoriten. Um sagenhafte 5 Schilling war hier Meteoritenbesichtigung und Camping direkt daneben zu haben&#8230;Der Meteorit bestand \u00fcbrigens zur","og_url":"https:\/\/www.robe.world\/lex\/reisen\/namibia-1999\/namibia-3-photoset\/","og_site_name":"Alexander Rob\u00e9","article_publisher":"https:\/\/www.facebook.com\/lexrobe","article_modified_time":"2018-10-10T03:50:22+00:00","og_image":[{"url":"http:\/\/lex.robe.world\/images\/namibia\/thumbs\/car.jpg","type":"","width":"","height":""}],"twitter_misc":{"Gesch\u00e4tzte Lesezeit":"1\u00a0Minute"},"schema":{"@context":"https:\/\/schema.org","@graph":[{"@type":"WebPage","@id":"https:\/\/www.robe.world\/lex\/reisen\/namibia-1999\/namibia-3-photoset\/","url":"https:\/\/www.robe.world\/lex\/reisen\/namibia-1999\/namibia-3-photoset\/","name":"Namibia - 3. Photoset - Alexander Rob\u00e9","isPartOf":{"@id":"https:\/\/www.robe.world\/lex\/#website"},"primaryImageOfPage":{"@id":"https:\/\/www.robe.world\/lex\/reisen\/namibia-1999\/namibia-3-photoset\/#primaryimage"},"image":{"@id":"https:\/\/www.robe.world\/lex\/reisen\/namibia-1999\/namibia-3-photoset\/#primaryimage"},"thumbnailUrl":"http:\/\/lex.robe.world\/images\/namibia\/thumbs\/car.jpg","datePublished":"2013-10-19T14:44:05+00:00","dateModified":"2018-10-10T03:50:22+00:00","breadcrumb":{"@id":"https:\/\/www.robe.world\/lex\/reisen\/namibia-1999\/namibia-3-photoset\/#breadcrumb"},"inLanguage":"de","potentialAction":[{"@type":"ReadAction","target":["https:\/\/www.robe.world\/lex\/reisen\/namibia-1999\/namibia-3-photoset\/"]}]},{"@type":"ImageObject","inLanguage":"de","@id":"https:\/\/www.robe.world\/lex\/reisen\/namibia-1999\/namibia-3-photoset\/#primaryimage","url":"http:\/\/lex.robe.world\/images\/namibia\/thumbs\/car.jpg","contentUrl":"http:\/\/lex.robe.world\/images\/namibia\/thumbs\/car.jpg"},{"@type":"BreadcrumbList","@id":"https:\/\/www.robe.world\/lex\/reisen\/namibia-1999\/namibia-3-photoset\/#breadcrumb","itemListElement":[{"@type":"ListItem","position":1,"name":"Home","item":"https:\/\/www.robe.world\/lex\/"},{"@type":"ListItem","position":2,"name":"Reisen","item":"https:\/\/www.robe.world\/lex\/reisen\/"},{"@type":"ListItem","position":3,"name":"NAMIBIA 1999","item":"https:\/\/www.robe.world\/lex\/reisen\/namibia-1999\/"},{"@type":"ListItem","position":4,"name":"Namibia &#8211; 3. Photoset"}]},{"@type":"WebSite","@id":"https:\/\/www.robe.world\/lex\/#website","url":"https:\/\/www.robe.world\/lex\/","name":"Alexander Rob\u00e9","description":"blogging since 1997","potentialAction":[{"@type":"SearchAction","target":{"@type":"EntryPoint","urlTemplate":"https:\/\/www.robe.world\/lex\/?s={search_term_string}"},"query-input":{"@type":"PropertyValueSpecification","valueRequired":true,"valueName":"search_term_string"}}],"inLanguage":"de"}]}},"_links":{"self":[{"href":"https:\/\/www.robe.world\/lex\/wp-json\/wp\/v2\/pages\/5247","targetHints":{"allow":["GET"]}}],"collection":[{"href":"https:\/\/www.robe.world\/lex\/wp-json\/wp\/v2\/pages"}],"about":[{"href":"https:\/\/www.robe.world\/lex\/wp-json\/wp\/v2\/types\/page"}],"author":[{"embeddable":true,"href":"https:\/\/www.robe.world\/lex\/wp-json\/wp\/v2\/users\/1"}],"replies":[{"embeddable":true,"href":"https:\/\/www.robe.world\/lex\/wp-json\/wp\/v2\/comments?post=5247"}],"version-history":[{"count":3,"href":"https:\/\/www.robe.world\/lex\/wp-json\/wp\/v2\/pages\/5247\/revisions"}],"predecessor-version":[{"id":6346,"href":"https:\/\/www.robe.world\/lex\/wp-json\/wp\/v2\/pages\/5247\/revisions\/6346"}],"up":[{"embeddable":true,"href":"https:\/\/www.robe.world\/lex\/wp-json\/wp\/v2\/pages\/5242"}],"wp:attachment":[{"href":"https:\/\/www.robe.world\/lex\/wp-json\/wp\/v2\/media?parent=5247"}],"curies":[{"name":"wp","href":"https:\/\/api.w.org\/{rel}","templated":true}]}}