{"id":5223,"date":"2013-10-19T16:06:04","date_gmt":"2013-10-19T14:06:04","guid":{"rendered":"http:\/\/www.robe.world\/lex\/?page_id=5223"},"modified":"2018-10-10T05:50:22","modified_gmt":"2018-10-10T03:50:22","slug":"dominikanische-republik-4-photoset","status":"publish","type":"page","link":"https:\/\/www.robe.world\/lex\/reisen\/dominikanische-republik-1999\/dominikanische-republik-4-photoset\/","title":{"rendered":"Dominikanische Republik &#8211; 4. Photoset"},"content":{"rendered":"<p><span style=\"font-family: Arial;\">\u00a0<\/span><\/p>\n<table border=\"1\" width=\"88%\" align=\"center\">\n<tbody>\n<tr>\n<td width=\"19%\" height=\"208\"><span style=\"font-family: Arial;\"><a href=\"http:\/\/lex.robe.world\/images\/dom\/pp_werkstatt.jpg\"><img decoding=\"async\" src=\"http:\/\/lex.robe.world\/images\/dom\/thumbs\/pp_werkstatt.jpg\" alt=\"\" width=\"138\" height=\"208\" border=\"0\" \/><\/a><\/span><\/td>\n<td width=\"81%\" height=\"208\"><span style=\"font-family: Arial;\">Nach dem Motto &#8222;Ins Laund einischaun&#8220; fuhren wir mit dem dominikanischen Massentransportmittel Qua Qua (Einfache Lieferw\u00e4gen mit Sitzen, daf\u00fcr spottbillig: pro Stadt, die man durchquert umgerechnet 5 Schilling!)<\/span><span style=\"font-family: Arial;\">In Puerto Plata spazierten wir durch einige Souvenir-L\u00e4den &#8211; einer davon hatte sogar seine eigene Werkstatt, wo man den Schnitzern und Steinmetzen etwas \u00fcber die Schulter blicken konnte.<\/span><\/td>\n<\/tr>\n<tr>\n<td width=\"19%\" height=\"140\"><span style=\"font-family: Arial;\"><a href=\"http:\/\/lex.robe.world\/images\/dom\/motogoncho.jpg\"><img decoding=\"async\" src=\"http:\/\/lex.robe.world\/images\/dom\/thumbs\/motogoncho.jpg\" alt=\"\" width=\"208\" height=\"140\" border=\"0\" \/><\/a><\/span><\/td>\n<td width=\"81%\" height=\"140\"><span style=\"font-family: Arial;\">Nach diesem Halbtags-Ausflug ging\u00b4s dann mit einem Motogoncho zur\u00fcck ins Resort. Wenn man so will ebenfalls ein Massentransportmittel, denn auf so einem &#8211; eigentlich f\u00fcr 2 Personen gedachten Moped werden mitunter ganze Familien durch die Landschaft kutschiert. Der Kleine am Tank, der Fahrer dahinter, Sohn und Tochter folgen und hinten der Vater,der das ganze Paket dann fest zusammenschn\u00fcrt.<\/span><span style=\"font-family: Arial;\">Bei diesem Foto hatte der Parkw\u00e4chter wohl mehr Gefallen an der Palme als an uns gefunden&#8230;<\/span><\/td>\n<\/tr>\n<tr>\n<td width=\"19%\" height=\"112\"><span style=\"font-family: Arial;\"><a href=\"http:\/\/lex.robe.world\/images\/dom\/cabar_rics.jpg\"><img decoding=\"async\" src=\"http:\/\/lex.robe.world\/images\/dom\/thumbs\/cabar_rics.jpg\" alt=\"\" width=\"208\" height=\"112\" border=\"0\" \/><\/a><\/span><\/td>\n<td width=\"81%\" height=\"112\"><span style=\"font-family: Arial;\">Am Donerstag der zweiten Woche l\u00f6sten wir unseren Buchungsjeton f\u00fcr eine Halbtags-Fahrt nach Cabarete ein.<\/span><span style=\"font-family: Arial;\">&#8222;Shopping und Surfing&#8220; war das Motto dieses Ausflugs; Shopping war scheisse, da Cabarete ja nur ein Surferdorf ist. Surfing hingegen echt top. Nur die verheissenen Surfasse, die es sich t\u00e4glich in der windigen Bucht besorgen sollten, die fehlten. Also fasste ich den Entschluss selbst Hand ans Ric zu legen&#8230;<\/span><\/td>\n<\/tr>\n<tr>\n<td width=\"19%\" height=\"209\"><span style=\"font-family: Arial;\"><a href=\"http:\/\/lex.robe.world\/images\/dom\/fatlady.jpg\"><img decoding=\"async\" src=\"http:\/\/lex.robe.world\/images\/dom\/thumbs\/fatlady.jpg\" alt=\"\" width=\"145\" height=\"208\" border=\"0\" \/><\/a><\/span><\/td>\n<td width=\"81%\" height=\"209\"><span style=\"font-family: Arial;\">Wir h\u00f6rten aus Erz\u00e4hlungen, dass in diesem Dorf ganz seltsame Rituale stattfinden sollten und konnten dies vorerst nicht glauben. Doch dann sahen wir das Geschilderte:<\/span><span style=\"font-family: Arial;\">Dicke, heiratswillige Frauen wurden fr\u00fchmorgens bis zu den H\u00fcften (dritter Ring von unten) stehend in den Sand eingebuddelt und mussten den ganzen Tag raus auf\u00b4s Meer starren. Erst wenn sie das \u00fcberlebt haben d\u00fcrfen sie von einem Einheimischen an den Traualtar gef\u00fchrt werden.<\/span><span style=\"font-family: Arial;\">&#8230;und das stimmt wirklich; so wahr ich der beste Quaker unserer LAN-Truppe bin&#8230;;-))<\/span><\/p>\n<p>&nbsp;<\/td>\n<\/tr>\n<tr>\n<td width=\"19%\" height=\"208\"><span style=\"font-family: Arial;\"><a href=\"http:\/\/lex.robe.world\/images\/dom\/gone_surfin.jpg\"><img decoding=\"async\" src=\"http:\/\/lex.robe.world\/images\/dom\/thumbs\/gone_surfin.jpg\" alt=\"\" width=\"140\" height=\"208\" border=\"0\" \/><\/a><\/span><\/td>\n<td width=\"81%\" height=\"208\"><span style=\"font-family: Arial;\">Nichtsdestotrotz ging ich zum n\u00e4chsten Surf-Shop und erkundigte mich bei dem dort t\u00e4tigen Aussteiger nach einem f\u00fcr mich passenden Equipment.\u00a0<\/span><span style=\"font-family: Arial;\">Der nahm Ma\u00df und und gab mir sofort das Beste, was er hatte &#8211;\u00a0 f\u00fcr Anf\u00e4nger!<\/span><\/td>\n<\/tr>\n<tr>\n<td width=\"19%\" height=\"163\"><span style=\"font-family: Arial;\"><a href=\"http:\/\/lex.robe.world\/images\/dom\/surf_far.jpg\" target=\"_blank\" rel=\"noopener\"><img decoding=\"async\" src=\"http:\/\/lex.robe.world\/images\/dom\/thumbs\/surf_far.jpg\" alt=\"\" width=\"208\" height=\"163\" border=\"0\" \/><\/a><\/span><\/td>\n<td width=\"81%\" height=\"163\"><span style=\"font-family: Arial;\">Das letzte Mal auf dem Brett mit zw\u00f6lf Jahren und den ruhigen Putterer-See noch in Erinnerung war die erste halbe Stunde schon ziemlich beschwerlich. Aber ich gab nicht auf und wie meistens im Leben wurde die M\u00fche auch belohnt und ich schaffte schon einige gute Turns.<\/span><span style=\"font-family: Arial;\">Das Problem war: Eine Seite klappte ja ganz gut, aber&#8230; wer rausf\u00e4hrt sollte auch irgendwann auch wieder reinkommen. Reinkommen OK, aber die zus\u00e4tzlich vorhandene Str\u00f6mung &#8222;sp\u00fclte&#8220; mich einige hundert Meter abseits von meinem Startpunkt ans Ufer.<br \/>\nTrotzdem war es wieder mal ein absolut geiles Gef\u00fchl am Brett zu stehen&#8230;<\/span><\/td>\n<\/tr>\n<tr>\n<td width=\"19%\" height=\"140\"><span style=\"font-family: Arial;\"><a href=\"http:\/\/lex.robe.world\/images\/dom\/languste.jpg\" target=\"_blank\" rel=\"noopener\"><img decoding=\"async\" src=\"http:\/\/lex.robe.world\/images\/dom\/thumbs\/languste.jpg\" alt=\"\" width=\"208\" height=\"140\" border=\"0\" \/><\/a><\/span><\/td>\n<td width=\"81%\" height=\"140\"><span style=\"font-family: Arial;\">Abschliessend gab\u00b4s dann noch was Feines zum F\u00fcllen der Zahnl\u00fccken: Languste mit Gorgonzola-Sauce. Muss man auch mal probiert haben. Vor allem dann, wenn dies zu einem erschwinglichen Preis m\u00f6glich ist!<\/span><\/td>\n<\/tr>\n<tr>\n<td width=\"19%\" height=\"208\"><span style=\"font-family: Arial;\"><a href=\"http:\/\/lex.robe.world\/images\/dom\/show1.jpg\" target=\"_blank\" rel=\"noopener\"><img decoding=\"async\" src=\"http:\/\/lex.robe.world\/images\/dom\/thumbs\/show1.jpg\" alt=\"\" width=\"140\" height=\"208\" border=\"0\" \/><\/a><\/span><\/td>\n<td width=\"81%\" height=\"208\"><span style=\"font-family: Arial;\">Gaststars aus der ganzen Welt kamen, um im Hauptabendprogramm des Hacienda Resorts mitzuwirken&#8230;.<\/span><span style=\"font-family: Arial;\">Die diesmalige Virtuosin am Keyboard:<\/span><span style=\"font-family: Arial;\">&#8222;BIG BOOB ALEXANDRA&#8220;<\/span><\/td>\n<\/tr>\n<\/tbody>\n<\/table>\n<p>&nbsp;<\/p>\n","protected":false},"excerpt":{"rendered":"<p>\u00a0 Nach dem Motto &#8222;Ins Laund einischaun&#8220; fuhren wir mit dem dominikanischen Massentransportmittel Qua Qua (Einfache Lieferw\u00e4gen mit Sitzen, daf\u00fcr spottbillig: pro Stadt, die man durchquert umgerechnet 5 Schilling!)In Puerto Plata spazierten wir durch einige Souvenir-L\u00e4den &#8211; einer davon hatte sogar seine eigene Werkstatt, wo man den Schnitzern und Steinmetzen etwas \u00fcber die Schulter blicken konnte. Nach diesem Halbtags-Ausflug ging\u00b4s dann mit einem Motogoncho zur\u00fcck ins Resort. Wenn man so will ebenfalls ein Massentransportmittel, denn auf so einem &#8211; eigentlich f\u00fcr 2 Personen gedachten Moped werden mitunter ganze Familien durch<\/p>\n","protected":false},"author":1,"featured_media":0,"parent":5216,"menu_order":4,"comment_status":"open","ping_status":"closed","template":"","meta":{"footnotes":""},"class_list":["post-5223","page","type-page","status-publish","hentry"],"yoast_head":"<!-- This site is optimized with the Yoast SEO plugin v26.4 - https:\/\/yoast.com\/wordpress\/plugins\/seo\/ -->\n<title>Dominikanische Republik - 4. Photoset - Alexander Rob\u00e9<\/title>\n<meta name=\"robots\" content=\"index, follow, max-snippet:-1, max-image-preview:large, max-video-preview:-1\" \/>\n<link rel=\"canonical\" href=\"https:\/\/www.robe.world\/lex\/reisen\/dominikanische-republik-1999\/dominikanische-republik-4-photoset\/\" \/>\n<meta property=\"og:locale\" content=\"de_DE\" \/>\n<meta property=\"og:type\" content=\"article\" \/>\n<meta property=\"og:title\" content=\"Dominikanische Republik - 4. Photoset - Alexander Rob\u00e9\" \/>\n<meta property=\"og:description\" content=\"\u00a0 Nach dem Motto &#8222;Ins Laund einischaun&#8220; fuhren wir mit dem dominikanischen Massentransportmittel Qua Qua (Einfache Lieferw\u00e4gen mit Sitzen, daf\u00fcr spottbillig: pro Stadt, die man durchquert umgerechnet 5 Schilling!)In Puerto Plata spazierten wir durch einige Souvenir-L\u00e4den &#8211; einer davon hatte sogar seine eigene Werkstatt, wo man den Schnitzern und Steinmetzen etwas \u00fcber die Schulter blicken konnte. Nach diesem Halbtags-Ausflug ging\u00b4s dann mit einem Motogoncho zur\u00fcck ins Resort. Wenn man so will ebenfalls ein Massentransportmittel, denn auf so einem &#8211; eigentlich f\u00fcr 2 Personen gedachten Moped werden mitunter ganze Familien durch\" \/>\n<meta property=\"og:url\" content=\"https:\/\/www.robe.world\/lex\/reisen\/dominikanische-republik-1999\/dominikanische-republik-4-photoset\/\" \/>\n<meta property=\"og:site_name\" content=\"Alexander Rob\u00e9\" \/>\n<meta property=\"article:publisher\" content=\"https:\/\/www.facebook.com\/lexrobe\" \/>\n<meta property=\"article:modified_time\" content=\"2018-10-10T03:50:22+00:00\" \/>\n<meta property=\"og:image\" content=\"http:\/\/lex.robe.world\/images\/dom\/thumbs\/pp_werkstatt.jpg\" \/>\n<meta name=\"twitter:label1\" content=\"Gesch\u00e4tzte Lesezeit\" \/>\n\t<meta name=\"twitter:data1\" content=\"2\u00a0Minuten\" \/>\n<script type=\"application\/ld+json\" class=\"yoast-schema-graph\">{\"@context\":\"https:\/\/schema.org\",\"@graph\":[{\"@type\":\"WebPage\",\"@id\":\"https:\/\/www.robe.world\/lex\/reisen\/dominikanische-republik-1999\/dominikanische-republik-4-photoset\/\",\"url\":\"https:\/\/www.robe.world\/lex\/reisen\/dominikanische-republik-1999\/dominikanische-republik-4-photoset\/\",\"name\":\"Dominikanische Republik - 4. Photoset - Alexander Rob\u00e9\",\"isPartOf\":{\"@id\":\"https:\/\/www.robe.world\/lex\/#website\"},\"primaryImageOfPage\":{\"@id\":\"https:\/\/www.robe.world\/lex\/reisen\/dominikanische-republik-1999\/dominikanische-republik-4-photoset\/#primaryimage\"},\"image\":{\"@id\":\"https:\/\/www.robe.world\/lex\/reisen\/dominikanische-republik-1999\/dominikanische-republik-4-photoset\/#primaryimage\"},\"thumbnailUrl\":\"http:\/\/lex.robe.world\/images\/dom\/thumbs\/pp_werkstatt.jpg\",\"datePublished\":\"2013-10-19T14:06:04+00:00\",\"dateModified\":\"2018-10-10T03:50:22+00:00\",\"breadcrumb\":{\"@id\":\"https:\/\/www.robe.world\/lex\/reisen\/dominikanische-republik-1999\/dominikanische-republik-4-photoset\/#breadcrumb\"},\"inLanguage\":\"de\",\"potentialAction\":[{\"@type\":\"ReadAction\",\"target\":[\"https:\/\/www.robe.world\/lex\/reisen\/dominikanische-republik-1999\/dominikanische-republik-4-photoset\/\"]}]},{\"@type\":\"ImageObject\",\"inLanguage\":\"de\",\"@id\":\"https:\/\/www.robe.world\/lex\/reisen\/dominikanische-republik-1999\/dominikanische-republik-4-photoset\/#primaryimage\",\"url\":\"http:\/\/lex.robe.world\/images\/dom\/thumbs\/pp_werkstatt.jpg\",\"contentUrl\":\"http:\/\/lex.robe.world\/images\/dom\/thumbs\/pp_werkstatt.jpg\"},{\"@type\":\"BreadcrumbList\",\"@id\":\"https:\/\/www.robe.world\/lex\/reisen\/dominikanische-republik-1999\/dominikanische-republik-4-photoset\/#breadcrumb\",\"itemListElement\":[{\"@type\":\"ListItem\",\"position\":1,\"name\":\"Home\",\"item\":\"https:\/\/www.robe.world\/lex\/\"},{\"@type\":\"ListItem\",\"position\":2,\"name\":\"Reisen\",\"item\":\"https:\/\/www.robe.world\/lex\/reisen\/\"},{\"@type\":\"ListItem\",\"position\":3,\"name\":\"Dominikanische Republik 1999\",\"item\":\"https:\/\/www.robe.world\/lex\/reisen\/dominikanische-republik-1999\/\"},{\"@type\":\"ListItem\",\"position\":4,\"name\":\"Dominikanische Republik &#8211; 4. Photoset\"}]},{\"@type\":\"WebSite\",\"@id\":\"https:\/\/www.robe.world\/lex\/#website\",\"url\":\"https:\/\/www.robe.world\/lex\/\",\"name\":\"Alexander Rob\u00e9\",\"description\":\"blogging since 1997\",\"potentialAction\":[{\"@type\":\"SearchAction\",\"target\":{\"@type\":\"EntryPoint\",\"urlTemplate\":\"https:\/\/www.robe.world\/lex\/?s={search_term_string}\"},\"query-input\":{\"@type\":\"PropertyValueSpecification\",\"valueRequired\":true,\"valueName\":\"search_term_string\"}}],\"inLanguage\":\"de\"}]}<\/script>\n<!-- \/ Yoast SEO plugin. -->","yoast_head_json":{"title":"Dominikanische Republik - 4. Photoset - Alexander Rob\u00e9","robots":{"index":"index","follow":"follow","max-snippet":"max-snippet:-1","max-image-preview":"max-image-preview:large","max-video-preview":"max-video-preview:-1"},"canonical":"https:\/\/www.robe.world\/lex\/reisen\/dominikanische-republik-1999\/dominikanische-republik-4-photoset\/","og_locale":"de_DE","og_type":"article","og_title":"Dominikanische Republik - 4. Photoset - Alexander Rob\u00e9","og_description":"\u00a0 Nach dem Motto &#8222;Ins Laund einischaun&#8220; fuhren wir mit dem dominikanischen Massentransportmittel Qua Qua (Einfache Lieferw\u00e4gen mit Sitzen, daf\u00fcr spottbillig: pro Stadt, die man durchquert umgerechnet 5 Schilling!)In Puerto Plata spazierten wir durch einige Souvenir-L\u00e4den &#8211; einer davon hatte sogar seine eigene Werkstatt, wo man den Schnitzern und Steinmetzen etwas \u00fcber die Schulter blicken konnte. Nach diesem Halbtags-Ausflug ging\u00b4s dann mit einem Motogoncho zur\u00fcck ins Resort. Wenn man so will ebenfalls ein Massentransportmittel, denn auf so einem &#8211; eigentlich f\u00fcr 2 Personen gedachten Moped werden mitunter ganze Familien durch","og_url":"https:\/\/www.robe.world\/lex\/reisen\/dominikanische-republik-1999\/dominikanische-republik-4-photoset\/","og_site_name":"Alexander Rob\u00e9","article_publisher":"https:\/\/www.facebook.com\/lexrobe","article_modified_time":"2018-10-10T03:50:22+00:00","og_image":[{"url":"http:\/\/lex.robe.world\/images\/dom\/thumbs\/pp_werkstatt.jpg","type":"","width":"","height":""}],"twitter_misc":{"Gesch\u00e4tzte Lesezeit":"2\u00a0Minuten"},"schema":{"@context":"https:\/\/schema.org","@graph":[{"@type":"WebPage","@id":"https:\/\/www.robe.world\/lex\/reisen\/dominikanische-republik-1999\/dominikanische-republik-4-photoset\/","url":"https:\/\/www.robe.world\/lex\/reisen\/dominikanische-republik-1999\/dominikanische-republik-4-photoset\/","name":"Dominikanische Republik - 4. Photoset - Alexander Rob\u00e9","isPartOf":{"@id":"https:\/\/www.robe.world\/lex\/#website"},"primaryImageOfPage":{"@id":"https:\/\/www.robe.world\/lex\/reisen\/dominikanische-republik-1999\/dominikanische-republik-4-photoset\/#primaryimage"},"image":{"@id":"https:\/\/www.robe.world\/lex\/reisen\/dominikanische-republik-1999\/dominikanische-republik-4-photoset\/#primaryimage"},"thumbnailUrl":"http:\/\/lex.robe.world\/images\/dom\/thumbs\/pp_werkstatt.jpg","datePublished":"2013-10-19T14:06:04+00:00","dateModified":"2018-10-10T03:50:22+00:00","breadcrumb":{"@id":"https:\/\/www.robe.world\/lex\/reisen\/dominikanische-republik-1999\/dominikanische-republik-4-photoset\/#breadcrumb"},"inLanguage":"de","potentialAction":[{"@type":"ReadAction","target":["https:\/\/www.robe.world\/lex\/reisen\/dominikanische-republik-1999\/dominikanische-republik-4-photoset\/"]}]},{"@type":"ImageObject","inLanguage":"de","@id":"https:\/\/www.robe.world\/lex\/reisen\/dominikanische-republik-1999\/dominikanische-republik-4-photoset\/#primaryimage","url":"http:\/\/lex.robe.world\/images\/dom\/thumbs\/pp_werkstatt.jpg","contentUrl":"http:\/\/lex.robe.world\/images\/dom\/thumbs\/pp_werkstatt.jpg"},{"@type":"BreadcrumbList","@id":"https:\/\/www.robe.world\/lex\/reisen\/dominikanische-republik-1999\/dominikanische-republik-4-photoset\/#breadcrumb","itemListElement":[{"@type":"ListItem","position":1,"name":"Home","item":"https:\/\/www.robe.world\/lex\/"},{"@type":"ListItem","position":2,"name":"Reisen","item":"https:\/\/www.robe.world\/lex\/reisen\/"},{"@type":"ListItem","position":3,"name":"Dominikanische Republik 1999","item":"https:\/\/www.robe.world\/lex\/reisen\/dominikanische-republik-1999\/"},{"@type":"ListItem","position":4,"name":"Dominikanische Republik &#8211; 4. Photoset"}]},{"@type":"WebSite","@id":"https:\/\/www.robe.world\/lex\/#website","url":"https:\/\/www.robe.world\/lex\/","name":"Alexander Rob\u00e9","description":"blogging since 1997","potentialAction":[{"@type":"SearchAction","target":{"@type":"EntryPoint","urlTemplate":"https:\/\/www.robe.world\/lex\/?s={search_term_string}"},"query-input":{"@type":"PropertyValueSpecification","valueRequired":true,"valueName":"search_term_string"}}],"inLanguage":"de"}]}},"_links":{"self":[{"href":"https:\/\/www.robe.world\/lex\/wp-json\/wp\/v2\/pages\/5223","targetHints":{"allow":["GET"]}}],"collection":[{"href":"https:\/\/www.robe.world\/lex\/wp-json\/wp\/v2\/pages"}],"about":[{"href":"https:\/\/www.robe.world\/lex\/wp-json\/wp\/v2\/types\/page"}],"author":[{"embeddable":true,"href":"https:\/\/www.robe.world\/lex\/wp-json\/wp\/v2\/users\/1"}],"replies":[{"embeddable":true,"href":"https:\/\/www.robe.world\/lex\/wp-json\/wp\/v2\/comments?post=5223"}],"version-history":[{"count":3,"href":"https:\/\/www.robe.world\/lex\/wp-json\/wp\/v2\/pages\/5223\/revisions"}],"predecessor-version":[{"id":6349,"href":"https:\/\/www.robe.world\/lex\/wp-json\/wp\/v2\/pages\/5223\/revisions\/6349"}],"up":[{"embeddable":true,"href":"https:\/\/www.robe.world\/lex\/wp-json\/wp\/v2\/pages\/5216"}],"wp:attachment":[{"href":"https:\/\/www.robe.world\/lex\/wp-json\/wp\/v2\/media?parent=5223"}],"curies":[{"name":"wp","href":"https:\/\/api.w.org\/{rel}","templated":true}]}}