{"id":5214,"date":"2013-10-19T16:00:36","date_gmt":"2013-10-19T14:00:36","guid":{"rendered":"http:\/\/www.robe.world\/lex\/?page_id=5214"},"modified":"2018-10-10T05:50:22","modified_gmt":"2018-10-10T03:50:22","slug":"dominikanische-republik-1-photoset","status":"publish","type":"page","link":"https:\/\/www.robe.world\/lex\/reisen\/dominikanische-republik-1999\/dominikanische-republik-1-photoset\/","title":{"rendered":"Dominikanische Republik &#8211; 1. Photoset"},"content":{"rendered":"<table border=\"1\" width=\"97%\" align=\"center\">\n<tbody>\n<tr>\n<td width=\"20%\"><span style=\"font-family: Arial;\"><a href=\"http:\/\/lex.robe.world\/images\/dom\/ankunft.jpg\" target=\"_blank\" rel=\"noopener\"><img decoding=\"async\" src=\"http:\/\/lex.robe.world\/images\/dom\/thumbs\/ankunft.jpg\" alt=\"\" width=\"208\" height=\"153\" border=\"0\" \/><\/a><\/span><\/td>\n<td width=\"80%\"><span style=\"font-family: Arial;\">Am 12. September war es dann soweit &#8211; unser Flug mit Britannia Airways von Wien \u00fcber M\u00fcnchen endete nach zehn Stunden Flugdauer in Puerto Plata. <\/span><span style=\"font-family: Arial;\">Trotz des etwas strapazi\u00f6sen Fluges konnten wir uns &#8211; flankiert von zwei h\u00fcbschen Insulanerinnen &#8211; ein sichtlich erleichtertes L\u00e4cheln abringen. Schliesslich sollte dies unser erster grosser Fernurlaub werden und die Erwartungen waren daher besonders hoch&#8230;<\/span><\/td>\n<\/tr>\n<tr>\n<td width=\"20%\"><span style=\"font-family: Arial;\"><a href=\"http:\/\/lex.robe.world\/images\/dom\/kid.jpg\"><img decoding=\"async\" src=\"http:\/\/lex.robe.world\/images\/dom\/thumbs\/kid.jpg\" alt=\"\" width=\"139\" height=\"208\" border=\"0\" \/><\/a><\/span><\/td>\n<td width=\"80%\"><span style=\"font-family: Arial;\">Vom klimatisierten Flughafen in die mit 80% Luftfeuchtigkeit geschw\u00e4ngerte dominikanische Luft und etwa 25\u00b0C Abendtemperatur ging\u00b4s dann zu den Transferbussen. Wie ein Fisch im Trockenen (oder umgekehrt?) nach Atem ringend boten wir uns nat\u00fcrlich fabelhaft als Opfer f\u00fcr die &#8222;netten&#8220; Gep\u00e4cktr\u00e4ger an, die ja sicher vom Hotel waren&#8230;;-)<br \/>\nDenkste &#8211; Cash f\u00fcr die n\u00e4chste Flasche Rum oder das Gep\u00e4ck wurde sicherheitshalber gleich einbehalten!<\/span><span style=\"font-family: Arial;\">-&gt; Auch dieser Junge wird mal wie sein Vater versuchen am Flughafen den ahnungslosen Touristen f\u00fcr 30m Gep\u00e4cktragen <b>10US$<\/b> abzukn\u00f6pfen&#8230;<\/span><\/td>\n<\/tr>\n<tr>\n<td width=\"20%\"><span style=\"font-family: Arial;\"><a href=\"http:\/\/lex.robe.world\/images\/dom\/haus1.jpg\"><img decoding=\"async\" src=\"http:\/\/lex.robe.world\/images\/dom\/thumbs\/haus1.jpg\" alt=\"\" width=\"208\" height=\"139\" border=\"0\" \/><\/a><\/span><\/td>\n<td width=\"80%\"><span style=\"font-family: Arial;\">Als wir dann in unsere Villa im Hacienda Resort eincheckten, konnten wir unser Gl\u00fcck kaum fassen: ALLEINE in einer riesigen Villa &#8211; und das noch direkt am Meer!<br \/>\nEine Riesenh\u00fctte mit grossem Essraum von dem aus man direkt durch die T\u00fcr in den Pool springen konnte&#8230;<\/span><\/td>\n<\/tr>\n<tr>\n<td width=\"20%\"><span style=\"font-family: Arial;\"><a href=\"http:\/\/lex.robe.world\/images\/dom\/lexpoolrondeau.jpg\"><img decoding=\"async\" src=\"http:\/\/lex.robe.world\/images\/dom\/thumbs\/lexpoolrondeau.jpg\" alt=\"\" width=\"208\" height=\"139\" border=\"0\" \/><\/a><\/span><\/td>\n<td width=\"80%\"><span style=\"font-family: Arial;\">&#8230;hier hatte ich erst einmal begonnen zu realisieren, dass nun eine zweiw\u00f6chige Periode s\u00fcssen Nichtstuns, Beachvolley, Wassersport und &#8222;anderlei Zeitvertreib&#8220; einem bevorstand. In der \u00fcberdachten Laube fehlten eigentlich wirklich nur noch die Whirlpool-Bl\u00e4schen&#8230;:-)<\/span><\/td>\n<\/tr>\n<tr>\n<td width=\"20%\"><span style=\"font-family: Arial;\"><a href=\"http:\/\/lex.robe.world\/images\/dom\/haus_huette.jpg\"><img decoding=\"async\" src=\"http:\/\/lex.robe.world\/images\/dom\/thumbs\/haus_huette.jpg\" alt=\"\" width=\"208\" height=\"139\" border=\"0\" \/><\/a><\/span><\/td>\n<td width=\"80%\"><span style=\"font-family: Arial;\">Auch sonst war unser Garten mit allem ausgestattet, was man f\u00fcr gem\u00fctliche Abende bei Kerzenschein so ben\u00f6tigte. Ein Lusth\u00e4uschen&#8230;aber&#8230;mit viel zu vielen St\u00fchlen&#8230;<br \/>\nDen Gedanken kaum zu Ende gedacht platzten auch schon unsere lieben Nachbarn in die Idylle. Wie es nur den Deutschen im Blute liegt, breiteten sich die zwei mittelalterlichen Piefke-P\u00e4rchen in &#8222;unserer&#8220; Anlage aus und okkupierten den Pool-Tisch von morgens bis abends mit W\u00fcrfelspielchen &#8211; nur Unterbrochen von kurzen Pausen, wenn ESSEN am Zeitplan stand&#8230;<\/span><\/td>\n<\/tr>\n<tr>\n<td width=\"20%\"><span style=\"font-family: Arial;\"><a href=\"http:\/\/lex.robe.world\/images\/dom\/lexpoolbeer.jpg\"><img decoding=\"async\" src=\"http:\/\/lex.robe.world\/images\/dom\/thumbs\/lexpoolbeer.jpg\" alt=\"\" width=\"140\" height=\"208\" border=\"0\" \/><\/a><\/span><\/td>\n<td width=\"80%\"><span style=\"font-family: Arial;\">&#8230;da half nur noch ein kr\u00e4ftiger Zug vom dominikanischen All-Inclusive-Bier &#8222;Presidente&#8220;. Eine handliche 750 ml (!)-Flasche liess Bets und mich aber \u00fcber unsere Nachbarn hinweg sehen und so stand dem Traumurlaub nichts mehr im Wege.<\/span><\/td>\n<\/tr>\n<tr>\n<td width=\"20%\"><span style=\"font-family: Arial;\"><a href=\"http:\/\/lex.robe.world\/images\/dom\/bets_mare.jpg\"><img decoding=\"async\" src=\"http:\/\/lex.robe.world\/images\/dom\/thumbs\/bets_mare.jpg\" alt=\"\" width=\"139\" height=\"208\" border=\"0\" \/><\/a><\/span><\/td>\n<td width=\"80%\"><span style=\"font-family: Arial;\">Als wir dann zum ersten Mal den kurzen Weg Richtung Meer antraten \u00fcberraschte uns &#8211; nebst dem tollen Ausblick auf unsere Bucht &#8211; der Anblick des lignano-braunen Sandstrandes nicht unbedingt positiv. Das Meer hingegen war sauber und die Wellen hoch &#8211; also hiess es: nichts wie rein!<\/span><\/td>\n<\/tr>\n<\/tbody>\n<\/table>\n<p><span style=\"font-family: Arial;\">\u00a0<\/span><\/p>\n<div align=\"right\"><span style=\"font-family: Arial;\"><a target=\"_self\">zum 2. Photoset<\/a><\/span><\/div>\n","protected":false},"excerpt":{"rendered":"<p>Am 12. September war es dann soweit &#8211; unser Flug mit Britannia Airways von Wien \u00fcber M\u00fcnchen endete nach zehn Stunden Flugdauer in Puerto Plata. Trotz des etwas strapazi\u00f6sen Fluges konnten wir uns &#8211; flankiert von zwei h\u00fcbschen Insulanerinnen &#8211; ein sichtlich erleichtertes L\u00e4cheln abringen. Schliesslich sollte dies unser erster grosser Fernurlaub werden und die Erwartungen waren daher besonders hoch&#8230; Vom klimatisierten Flughafen in die mit 80% Luftfeuchtigkeit geschw\u00e4ngerte dominikanische Luft und etwa 25\u00b0C Abendtemperatur ging\u00b4s dann zu den Transferbussen. Wie ein Fisch im Trockenen (oder umgekehrt?) nach Atem ringend<\/p>\n","protected":false},"author":1,"featured_media":0,"parent":5216,"menu_order":1,"comment_status":"open","ping_status":"closed","template":"","meta":{"footnotes":""},"class_list":["post-5214","page","type-page","status-publish","hentry"],"yoast_head":"<!-- This site is optimized with the Yoast SEO plugin v26.4 - https:\/\/yoast.com\/wordpress\/plugins\/seo\/ -->\n<title>Dominikanische Republik - 1. Photoset - Alexander Rob\u00e9<\/title>\n<meta name=\"robots\" content=\"index, follow, max-snippet:-1, max-image-preview:large, max-video-preview:-1\" \/>\n<link rel=\"canonical\" href=\"https:\/\/www.robe.world\/lex\/reisen\/dominikanische-republik-1999\/dominikanische-republik-1-photoset\/\" \/>\n<meta property=\"og:locale\" content=\"de_DE\" \/>\n<meta property=\"og:type\" content=\"article\" \/>\n<meta property=\"og:title\" content=\"Dominikanische Republik - 1. Photoset - Alexander Rob\u00e9\" \/>\n<meta property=\"og:description\" content=\"Am 12. September war es dann soweit &#8211; unser Flug mit Britannia Airways von Wien \u00fcber M\u00fcnchen endete nach zehn Stunden Flugdauer in Puerto Plata. Trotz des etwas strapazi\u00f6sen Fluges konnten wir uns &#8211; flankiert von zwei h\u00fcbschen Insulanerinnen &#8211; ein sichtlich erleichtertes L\u00e4cheln abringen. Schliesslich sollte dies unser erster grosser Fernurlaub werden und die Erwartungen waren daher besonders hoch&#8230; Vom klimatisierten Flughafen in die mit 80% Luftfeuchtigkeit geschw\u00e4ngerte dominikanische Luft und etwa 25\u00b0C Abendtemperatur ging\u00b4s dann zu den Transferbussen. Wie ein Fisch im Trockenen (oder umgekehrt?) nach Atem ringend\" \/>\n<meta property=\"og:url\" content=\"https:\/\/www.robe.world\/lex\/reisen\/dominikanische-republik-1999\/dominikanische-republik-1-photoset\/\" \/>\n<meta property=\"og:site_name\" content=\"Alexander Rob\u00e9\" \/>\n<meta property=\"article:publisher\" content=\"https:\/\/www.facebook.com\/lexrobe\" \/>\n<meta property=\"article:modified_time\" content=\"2018-10-10T03:50:22+00:00\" \/>\n<meta property=\"og:image\" content=\"http:\/\/lex.robe.world\/images\/dom\/thumbs\/ankunft.jpg\" \/>\n<meta name=\"twitter:label1\" content=\"Gesch\u00e4tzte Lesezeit\" \/>\n\t<meta name=\"twitter:data1\" content=\"2\u00a0Minuten\" \/>\n<script type=\"application\/ld+json\" class=\"yoast-schema-graph\">{\"@context\":\"https:\/\/schema.org\",\"@graph\":[{\"@type\":\"WebPage\",\"@id\":\"https:\/\/www.robe.world\/lex\/reisen\/dominikanische-republik-1999\/dominikanische-republik-1-photoset\/\",\"url\":\"https:\/\/www.robe.world\/lex\/reisen\/dominikanische-republik-1999\/dominikanische-republik-1-photoset\/\",\"name\":\"Dominikanische Republik - 1. Photoset - Alexander Rob\u00e9\",\"isPartOf\":{\"@id\":\"https:\/\/www.robe.world\/lex\/#website\"},\"primaryImageOfPage\":{\"@id\":\"https:\/\/www.robe.world\/lex\/reisen\/dominikanische-republik-1999\/dominikanische-republik-1-photoset\/#primaryimage\"},\"image\":{\"@id\":\"https:\/\/www.robe.world\/lex\/reisen\/dominikanische-republik-1999\/dominikanische-republik-1-photoset\/#primaryimage\"},\"thumbnailUrl\":\"http:\/\/lex.robe.world\/images\/dom\/thumbs\/ankunft.jpg\",\"datePublished\":\"2013-10-19T14:00:36+00:00\",\"dateModified\":\"2018-10-10T03:50:22+00:00\",\"breadcrumb\":{\"@id\":\"https:\/\/www.robe.world\/lex\/reisen\/dominikanische-republik-1999\/dominikanische-republik-1-photoset\/#breadcrumb\"},\"inLanguage\":\"de\",\"potentialAction\":[{\"@type\":\"ReadAction\",\"target\":[\"https:\/\/www.robe.world\/lex\/reisen\/dominikanische-republik-1999\/dominikanische-republik-1-photoset\/\"]}]},{\"@type\":\"ImageObject\",\"inLanguage\":\"de\",\"@id\":\"https:\/\/www.robe.world\/lex\/reisen\/dominikanische-republik-1999\/dominikanische-republik-1-photoset\/#primaryimage\",\"url\":\"http:\/\/lex.robe.world\/images\/dom\/thumbs\/ankunft.jpg\",\"contentUrl\":\"http:\/\/lex.robe.world\/images\/dom\/thumbs\/ankunft.jpg\"},{\"@type\":\"BreadcrumbList\",\"@id\":\"https:\/\/www.robe.world\/lex\/reisen\/dominikanische-republik-1999\/dominikanische-republik-1-photoset\/#breadcrumb\",\"itemListElement\":[{\"@type\":\"ListItem\",\"position\":1,\"name\":\"Home\",\"item\":\"https:\/\/www.robe.world\/lex\/\"},{\"@type\":\"ListItem\",\"position\":2,\"name\":\"Reisen\",\"item\":\"https:\/\/www.robe.world\/lex\/reisen\/\"},{\"@type\":\"ListItem\",\"position\":3,\"name\":\"Dominikanische Republik 1999\",\"item\":\"https:\/\/www.robe.world\/lex\/reisen\/dominikanische-republik-1999\/\"},{\"@type\":\"ListItem\",\"position\":4,\"name\":\"Dominikanische Republik &#8211; 1. Photoset\"}]},{\"@type\":\"WebSite\",\"@id\":\"https:\/\/www.robe.world\/lex\/#website\",\"url\":\"https:\/\/www.robe.world\/lex\/\",\"name\":\"Alexander Rob\u00e9\",\"description\":\"blogging since 1997\",\"potentialAction\":[{\"@type\":\"SearchAction\",\"target\":{\"@type\":\"EntryPoint\",\"urlTemplate\":\"https:\/\/www.robe.world\/lex\/?s={search_term_string}\"},\"query-input\":{\"@type\":\"PropertyValueSpecification\",\"valueRequired\":true,\"valueName\":\"search_term_string\"}}],\"inLanguage\":\"de\"}]}<\/script>\n<!-- \/ Yoast SEO plugin. -->","yoast_head_json":{"title":"Dominikanische Republik - 1. Photoset - Alexander Rob\u00e9","robots":{"index":"index","follow":"follow","max-snippet":"max-snippet:-1","max-image-preview":"max-image-preview:large","max-video-preview":"max-video-preview:-1"},"canonical":"https:\/\/www.robe.world\/lex\/reisen\/dominikanische-republik-1999\/dominikanische-republik-1-photoset\/","og_locale":"de_DE","og_type":"article","og_title":"Dominikanische Republik - 1. Photoset - Alexander Rob\u00e9","og_description":"Am 12. September war es dann soweit &#8211; unser Flug mit Britannia Airways von Wien \u00fcber M\u00fcnchen endete nach zehn Stunden Flugdauer in Puerto Plata. Trotz des etwas strapazi\u00f6sen Fluges konnten wir uns &#8211; flankiert von zwei h\u00fcbschen Insulanerinnen &#8211; ein sichtlich erleichtertes L\u00e4cheln abringen. Schliesslich sollte dies unser erster grosser Fernurlaub werden und die Erwartungen waren daher besonders hoch&#8230; Vom klimatisierten Flughafen in die mit 80% Luftfeuchtigkeit geschw\u00e4ngerte dominikanische Luft und etwa 25\u00b0C Abendtemperatur ging\u00b4s dann zu den Transferbussen. Wie ein Fisch im Trockenen (oder umgekehrt?) nach Atem ringend","og_url":"https:\/\/www.robe.world\/lex\/reisen\/dominikanische-republik-1999\/dominikanische-republik-1-photoset\/","og_site_name":"Alexander Rob\u00e9","article_publisher":"https:\/\/www.facebook.com\/lexrobe","article_modified_time":"2018-10-10T03:50:22+00:00","og_image":[{"url":"http:\/\/lex.robe.world\/images\/dom\/thumbs\/ankunft.jpg","type":"","width":"","height":""}],"twitter_misc":{"Gesch\u00e4tzte Lesezeit":"2\u00a0Minuten"},"schema":{"@context":"https:\/\/schema.org","@graph":[{"@type":"WebPage","@id":"https:\/\/www.robe.world\/lex\/reisen\/dominikanische-republik-1999\/dominikanische-republik-1-photoset\/","url":"https:\/\/www.robe.world\/lex\/reisen\/dominikanische-republik-1999\/dominikanische-republik-1-photoset\/","name":"Dominikanische Republik - 1. Photoset - Alexander Rob\u00e9","isPartOf":{"@id":"https:\/\/www.robe.world\/lex\/#website"},"primaryImageOfPage":{"@id":"https:\/\/www.robe.world\/lex\/reisen\/dominikanische-republik-1999\/dominikanische-republik-1-photoset\/#primaryimage"},"image":{"@id":"https:\/\/www.robe.world\/lex\/reisen\/dominikanische-republik-1999\/dominikanische-republik-1-photoset\/#primaryimage"},"thumbnailUrl":"http:\/\/lex.robe.world\/images\/dom\/thumbs\/ankunft.jpg","datePublished":"2013-10-19T14:00:36+00:00","dateModified":"2018-10-10T03:50:22+00:00","breadcrumb":{"@id":"https:\/\/www.robe.world\/lex\/reisen\/dominikanische-republik-1999\/dominikanische-republik-1-photoset\/#breadcrumb"},"inLanguage":"de","potentialAction":[{"@type":"ReadAction","target":["https:\/\/www.robe.world\/lex\/reisen\/dominikanische-republik-1999\/dominikanische-republik-1-photoset\/"]}]},{"@type":"ImageObject","inLanguage":"de","@id":"https:\/\/www.robe.world\/lex\/reisen\/dominikanische-republik-1999\/dominikanische-republik-1-photoset\/#primaryimage","url":"http:\/\/lex.robe.world\/images\/dom\/thumbs\/ankunft.jpg","contentUrl":"http:\/\/lex.robe.world\/images\/dom\/thumbs\/ankunft.jpg"},{"@type":"BreadcrumbList","@id":"https:\/\/www.robe.world\/lex\/reisen\/dominikanische-republik-1999\/dominikanische-republik-1-photoset\/#breadcrumb","itemListElement":[{"@type":"ListItem","position":1,"name":"Home","item":"https:\/\/www.robe.world\/lex\/"},{"@type":"ListItem","position":2,"name":"Reisen","item":"https:\/\/www.robe.world\/lex\/reisen\/"},{"@type":"ListItem","position":3,"name":"Dominikanische Republik 1999","item":"https:\/\/www.robe.world\/lex\/reisen\/dominikanische-republik-1999\/"},{"@type":"ListItem","position":4,"name":"Dominikanische Republik &#8211; 1. Photoset"}]},{"@type":"WebSite","@id":"https:\/\/www.robe.world\/lex\/#website","url":"https:\/\/www.robe.world\/lex\/","name":"Alexander Rob\u00e9","description":"blogging since 1997","potentialAction":[{"@type":"SearchAction","target":{"@type":"EntryPoint","urlTemplate":"https:\/\/www.robe.world\/lex\/?s={search_term_string}"},"query-input":{"@type":"PropertyValueSpecification","valueRequired":true,"valueName":"search_term_string"}}],"inLanguage":"de"}]}},"_links":{"self":[{"href":"https:\/\/www.robe.world\/lex\/wp-json\/wp\/v2\/pages\/5214","targetHints":{"allow":["GET"]}}],"collection":[{"href":"https:\/\/www.robe.world\/lex\/wp-json\/wp\/v2\/pages"}],"about":[{"href":"https:\/\/www.robe.world\/lex\/wp-json\/wp\/v2\/types\/page"}],"author":[{"embeddable":true,"href":"https:\/\/www.robe.world\/lex\/wp-json\/wp\/v2\/users\/1"}],"replies":[{"embeddable":true,"href":"https:\/\/www.robe.world\/lex\/wp-json\/wp\/v2\/comments?post=5214"}],"version-history":[{"count":4,"href":"https:\/\/www.robe.world\/lex\/wp-json\/wp\/v2\/pages\/5214\/revisions"}],"predecessor-version":[{"id":6347,"href":"https:\/\/www.robe.world\/lex\/wp-json\/wp\/v2\/pages\/5214\/revisions\/6347"}],"up":[{"embeddable":true,"href":"https:\/\/www.robe.world\/lex\/wp-json\/wp\/v2\/pages\/5216"}],"wp:attachment":[{"href":"https:\/\/www.robe.world\/lex\/wp-json\/wp\/v2\/media?parent=5214"}],"curies":[{"name":"wp","href":"https:\/\/api.w.org\/{rel}","templated":true}]}}