{"id":5186,"date":"2013-10-19T11:04:17","date_gmt":"2013-10-19T09:04:17","guid":{"rendered":"http:\/\/www.robe.world\/lex\/?page_id=5186"},"modified":"2018-10-10T05:50:23","modified_gmt":"2018-10-10T03:50:23","slug":"diplomarbeits-inhalt","status":"publish","type":"page","link":"https:\/\/www.robe.world\/lex\/studium\/diplomarbeits-inhalt\/","title":{"rendered":"Diplomarbeits-Inhalt"},"content":{"rendered":"<p align=\"center\"><span style=\"font-family: Arial; font-size: large;\"><b>Kurzbeschreibung der Diplomarbeit<\/b><\/span><\/p>\n<p align=\"center\"><span style=\"font-family: Arial;\">\u00a0<\/span><span style=\"color: #ffff00; font-family: Arial; font-size: x-large;\"><b>Entwicklung eines Robotersystems f\u00fcr die vollautomatische Kabelbaumfertigung<\/b><\/span><\/p>\n<p align=\"center\"><span style=\"font-family: Arial;\">\u00a0verfasst von<\/span><\/p>\n<p align=\"center\"><span style=\"font-family: Arial;\"><span style=\"text-decoration: underline;\">DI Alexander Rob\u00e9<\/span><\/span><\/p>\n<p><span style=\"font-family: Arial;\">\u00a0 <\/span><\/p>\n<p><b><span style=\"text-decoration: underline;\"><span style=\"font-family: Arial;\">Einleitung: <\/span><\/span><\/b><\/p>\n<p><span style=\"font-family: Arial;\">Es existieren grunds\u00e4tzlich zwei verschiede M\u00e4rkte in der Kabelkonfektionierung:<br \/>\nDer <i>automotive<\/i> Marktbereich mit sehr hohen St\u00fcckzahlen, aber einer geringen Typenvielfalt und der <i>industrielle<\/i> Marktbereich, der entgegengesetzte Anspr\u00fcche (niedrige Losgr\u00f6\u00dfe, hohe Typenvielfalt) stellt.<br \/>\nDie Firma eltrona-RKT ist im zweiten Segment t\u00e4tig und fertigt vorwiegend Kabelb\u00e4ume<\/span><span style=\"font-family: Arial;\"> <div class=\"fusion-fullwidth fullwidth-box fusion-builder-row-1 hundred-percent-fullwidth non-hundred-percent-height-scrolling\" style=\"--awb-border-radius-top-left:0px;--awb-border-radius-top-right:0px;--awb-border-radius-bottom-right:0px;--awb-border-radius-bottom-left:0px;--awb-overflow:visible;--awb-flex-wrap:wrap;\" ><div class=\"fusion-builder-row fusion-row\"><div class=\"fusion-layout-column fusion_builder_column fusion-builder-column-0 fusion_builder_column_1_1 1_1 fusion-one-full fusion-column-first fusion-column-last fusion-column-no-min-height\" style=\"--awb-bg-size:cover;--awb-margin-bottom:0px;\"><div class=\"fusion-column-wrapper fusion-flex-column-wrapper-legacy\">[1]<\/span><span style=\"font-family: Arial;\"> f\u00fcr den Sonderfahrzeugbau.Der automotive Marktbereich geh\u00f6rt derzeit zwar nicht zum Hauptkundenstamm von eltrona-RKT, kann aber durch die Entwicklung eines vollautomatischen Verlege-Systems penetriert werden. <\/span><\/p>\n<p><span style=\"font-family: Arial;\">\u00a0 <\/span><\/p>\n<p><b><span style=\"text-decoration: underline;\"><span style=\"font-family: Arial;\">Problemstellung:<\/span><\/span><\/b><\/p>\n<p><span style=\"font-family: Arial;\">Es existieren derzeit Anlagen f\u00fcr die Konfektionierung von einfachen Kabelbaumsystemen, bei denen gleichartige Litzen mit wenig verschiedenen Crimps verwendet werden. Solche Anlagen werden z.B. von KOMAX, AMP-ARA, Megomat, Metzner etc. produziert. Derzeit werden s\u00e4mtliche Kabelb\u00e4ume, die f\u00fcr die Automobilindustrie oder den Sonder-maschinenbau verwendet werden, von Hand gelegt <\/span><\/p>\n<p><span style=\"font-family: Arial;\">Aufgrund der von den Kunden gew\u00fcnschten Art der Lieferung des Fertigungs-Auftrages (z.B.: 20 x 50 Stk.; 14-t\u00e4gig) ergeben sich immer wieder von Neuem &#8222;Lernprozesse&#8220; f\u00fcr einen Kabelbaum (siehe Abbildung 1). \u00a0 <img decoding=\"async\" class=\"aligncenter\" src=\"http:\/\/lex.robe.world\/images\/studies\/lernkurve.jpg\" alt=\"\" width=\"461\" height=\"265\" border=\"0\" \/><\/span><\/p>\n<p align=\"center\"><span style=\"font-family: Arial;\">Abbildung 1:\u00a0\u00a0 Assemblierung durch Roboter bzw. von Hand <\/span><\/p>\n<p><span style=\"font-family: Arial;\">Diese Kurve ist proportional den Herstellungskosten, da der Kabelbaum an sich ein Lohnkosten-dominiertes Produkt ist.<\/span><\/p>\n<p><b><span style=\"text-decoration: underline;\"><span style=\"font-family: Arial;\">Zielsetzung: <\/span><\/span><\/b><\/p>\n<p><span style=\"font-family: Arial;\">Ziel der Entwicklung ist es, ein m\u00f6glichst gro\u00dfes Produktspektrum von unterschiedlichen Kabeln (Litzendurchmesser als variabler Parameter), Kabelkontakten und zugeh\u00f6rigen Steckern mit Hilfe eines flexiblen Montagesystems automatisch zu einer vorgegebenen Kabelbaumstruktur zusammenzuf\u00fcgen. Anders als bei den meisten Automatisierungs-aufgaben, bei denen Roboter eingesetzt werden, soll hier die <i>Flexibilit\u00e4t<\/i> eines Fertigungs-Systems und nicht die Massenproduktion einiger weniger Kabelbaum-Typen im Vorder-grund stehen. Diese Forderung betrifft sowohl Hard- als auch Software: <\/span><\/p>\n<p><span style=\"font-family: Arial;\">Ein Werkzeugwechsel des Roboters ist mit einem zu gro\u00dfen Zeitverlust verbunden &#8211; eine universell einsetzbare Greifereinheit ist daher zu entwickeln. Den sotware-technischen Produktionsablauf verdeutlicht Abbildung 2. <\/span><\/p>\n<p><span style=\"font-family: Arial;\"><img decoding=\"async\" class=\"aligncenter\" src=\"http:\/\/lex.robe.world\/images\/studies\/flussbild.jpg\" alt=\"\" width=\"400\" height=\"421\" border=\"0\" \/><br \/>\n<\/span><\/p>\n<p align=\"center\"><span style=\"font-family: Arial;\">\u00a0<\/span><span style=\"font-family: Arial;\">Abbildung 2: Ablauf des gesamten, automatisierten Kabelbaum-Herstellungsprozesses <\/span><\/p>\n<p><span style=\"font-family: Arial;\">\u00a0 <\/span><\/p>\n<p><span style=\"font-family: Arial;\">Hat die automatisierte Fertigungszelle einmal ein Produkt fehlerfrei hergestellt, so kann man bei ordnungsgem\u00e4\u00dfer Beistellung von Material und Betriebsmitteln davon ausgehen, dass s\u00e4mtliche Erzeugnisse die Zelle ebenfalls korrekt verlassen. Eine wiederholte Fertigung stellt zudem kein Zeitproblem mehr dar, da nur das bereits erstellte und erprobte Kabelbaum-Programm gestartet werden muss. <\/span><\/p>\n<p><span style=\"font-family: Arial;\">Neben den zus\u00e4tzlichen, positiven Begleiterscheinungen einer robotergest\u00fctzten Fertigung (wie beispielsweise das Ausbleiben sozialbedingter Fertigungs-Unterbrechungen), ist ein weiteres wesentliches Ziel, obige Lernkurve zu eliminieren. <\/span><\/p>\n<p><span style=\"font-family: Arial;\">\u00a0 <\/span><\/p>\n<p><span style=\"font-family: Arial;\">\u00a0 <\/span><\/p>\n<p><b><span style=\"text-decoration: underline;\"><span style=\"font-family: Arial;\">Umsetzung: <\/span><\/span><\/b><\/p>\n<p><span style=\"font-family: Arial;\">\u00a0 <\/span><\/p>\n<p><span style=\"font-family: Arial;\">\u00a0\u00a0\u00a0\u00a0\u00a0\u00a0\u00a0\u00a0\u00a0\u00a0\u00a0 Im Rahmen dieser Diplomarbeit wurden folgende Teilaufgaben realisiert: <\/span><\/p>\n<p><span style=\"font-family: Arial;\">\u00b7\u00a0\u00a0\u00a0\u00a0\u00a0\u00a0\u00a0 Definition der Fertigungszelle <\/span><\/p>\n<p><span style=\"font-family: Arial;\">\u00b7\u00a0\u00a0\u00a0\u00a0\u00a0\u00a0\u00a0 Technische Entwicklung der Hardware f\u00fcr das Greifersystem (Inst. f. Allg. Maschinenbau, Montanuniversit\u00e4t Leoben) <\/span><\/p>\n<p><span style=\"font-family: Arial;\">\u00b7\u00a0\u00a0\u00a0\u00a0\u00a0\u00a0\u00a0 \u00dcberpr\u00fcfung von vorgeschlagenen Konstruktionen hinsichtlich ihrer technischen und wirtschaftlichen Eignung <\/span><\/p>\n<p><span style=\"font-family: Arial;\">\u00b7\u00a0\u00a0\u00a0\u00a0\u00a0\u00a0\u00a0 Messungen an s\u00e4mtl. Stecker-Geh\u00e4use-Paarungen des Referenz-Kabelbaumes <\/span><\/p>\n<p><span style=\"font-family: Arial;\">\u00b7\u00a0\u00a0\u00a0\u00a0\u00a0\u00a0\u00a0 Entwicklung einer ACCESS-Datenbank zur Kabelbaum-Verwaltung <\/span><\/p>\n<p><span style=\"font-family: Arial;\">\u00b7\u00a0\u00a0\u00a0\u00a0\u00a0\u00a0\u00a0 Ermittlung der Steckreihenfolge f\u00fcr die einzelnen Mehrfachstecker <\/span><\/p>\n<p><span style=\"font-family: Arial;\">\u00b7\u00a0\u00a0\u00a0\u00a0\u00a0\u00a0\u00a0 Optimierungsvorschlag der Steckreihenfolge au\u00dferhalb des Roboters auf externem System (VBA) <\/span><\/p>\n<p><span style=\"font-family: Arial;\">\u00b7\u00a0\u00a0\u00a0\u00a0\u00a0\u00a0\u00a0 Entwicklung von Prototypen aller Komponenten der Fertigungszelle <\/span><\/p>\n<p><span style=\"font-family: Arial;\">\u00b7\u00a0\u00a0\u00a0\u00a0\u00a0\u00a0\u00a0 Software-Design und -Implementierung sowohl Roboter- als auch SPS-seitig: <\/span><\/p>\n<p><span style=\"font-family: Arial;\">o\u00a0\u00a0\u00a0\u00a0\u00a0\u00a0 Roboter: <\/span><\/p>\n<p><span style=\"font-family: Arial;\">1.\u00a0\u00a0\u00a0\u00a0\u00a0 Datenaufbereitung und Vorberechnungen <\/span><\/p>\n<p><span style=\"font-family: Arial;\">2.\u00a0\u00a0\u00a0\u00a0\u00a0 sequentieller Entnahmevorgang <\/span><\/p>\n<p><span style=\"font-family: Arial;\">3.\u00a0\u00a0\u00a0\u00a0\u00a0 generischer Routevorgang <\/span><\/p>\n<p><span style=\"font-family: Arial;\">o\u00a0\u00a0\u00a0\u00a0\u00a0\u00a0 \u00a0SPS: <\/span><\/p>\n<p><span style=\"font-family: Arial;\">Ansteuerung s\u00e4mtlicher Sensoren und Aktoren auf dem Greifersystem <\/span><\/p>\n<p><span style=\"font-family: Arial;\">\u00b7\u00a0\u00a0\u00a0\u00a0\u00a0\u00a0\u00a0 Anbindung der SPS an Roboter mittels Industrie-Bus (CAN\/DeviceNet-Protokoll) <\/span><\/p>\n<div>\n<p><span style=\"font-family: Arial;\"><br clear=\"all\" \/> <\/span><\/p>\n<hr align=\"left\" size=\"1\" width=\"33%\" \/>\n<div>\n<p><span style=\"font-family: Arial;\">[1]<\/span><span style=\"font-family: Arial;\"> Definition: Ein Kabelbaum schafft eine elektrische Verbindung zwischen logisch zusammengeh\u00f6renden Einheiten.<\/span><\/p>\n<\/div>\n<\/div>\n<div class=\"fusion-clearfix\"><\/div><\/div><\/div><\/div><\/div>\n","protected":false},"excerpt":{"rendered":"<p>Kurzbeschreibung der Diplomarbeit \u00a0Entwicklung eines Robotersystems f\u00fcr die vollautomatische Kabelbaumfertigung \u00a0verfasst von DI Alexander Rob\u00e9 \u00a0 Einleitung: Es existieren grunds\u00e4tzlich zwei verschiede M\u00e4rkte in der Kabelkonfektionierung: Der automotive Marktbereich mit sehr hohen St\u00fcckzahlen, aber einer geringen Typenvielfalt und der industrielle Marktbereich, der entgegengesetzte Anspr\u00fcche (niedrige Losgr\u00f6\u00dfe, hohe Typenvielfalt) stellt. Die Firma eltrona-RKT ist im zweiten Segment t\u00e4tig und fertigt vorwiegend Kabelb\u00e4ume<\/p>\n","protected":false},"author":1,"featured_media":0,"parent":4827,"menu_order":5,"comment_status":"open","ping_status":"closed","template":"side-navigation.php","meta":{"footnotes":""},"class_list":["post-5186","page","type-page","status-publish","hentry"],"yoast_head":"<!-- This site is optimized with the Yoast SEO plugin v26.4 - https:\/\/yoast.com\/wordpress\/plugins\/seo\/ -->\n<title>Diplomarbeits-Inhalt - Alexander Rob\u00e9<\/title>\n<meta name=\"robots\" content=\"index, follow, max-snippet:-1, max-image-preview:large, max-video-preview:-1\" \/>\n<link rel=\"canonical\" href=\"https:\/\/www.robe.world\/lex\/studium\/diplomarbeits-inhalt\/\" \/>\n<meta property=\"og:locale\" content=\"de_DE\" \/>\n<meta property=\"og:type\" content=\"article\" \/>\n<meta property=\"og:title\" content=\"Diplomarbeits-Inhalt - Alexander Rob\u00e9\" \/>\n<meta property=\"og:description\" content=\"Kurzbeschreibung der Diplomarbeit \u00a0Entwicklung eines Robotersystems f\u00fcr die vollautomatische Kabelbaumfertigung \u00a0verfasst von DI Alexander Rob\u00e9 \u00a0 Einleitung: Es existieren grunds\u00e4tzlich zwei verschiede M\u00e4rkte in der Kabelkonfektionierung: Der automotive Marktbereich mit sehr hohen St\u00fcckzahlen, aber einer geringen Typenvielfalt und der industrielle Marktbereich, der entgegengesetzte Anspr\u00fcche (niedrige Losgr\u00f6\u00dfe, hohe Typenvielfalt) stellt. Die Firma eltrona-RKT ist im zweiten Segment t\u00e4tig und fertigt vorwiegend Kabelb\u00e4ume\" \/>\n<meta property=\"og:url\" content=\"https:\/\/www.robe.world\/lex\/studium\/diplomarbeits-inhalt\/\" \/>\n<meta property=\"og:site_name\" content=\"Alexander Rob\u00e9\" \/>\n<meta property=\"article:publisher\" content=\"https:\/\/www.facebook.com\/lexrobe\" \/>\n<meta property=\"article:modified_time\" content=\"2018-10-10T03:50:23+00:00\" \/>\n<meta property=\"og:image\" content=\"http:\/\/lex.robe.world\/images\/studies\/lernkurve.jpg\" \/>\n<meta name=\"twitter:label1\" content=\"Gesch\u00e4tzte Lesezeit\" \/>\n\t<meta name=\"twitter:data1\" content=\"3\u00a0Minuten\" \/>\n<script type=\"application\/ld+json\" class=\"yoast-schema-graph\">{\"@context\":\"https:\/\/schema.org\",\"@graph\":[{\"@type\":\"WebPage\",\"@id\":\"https:\/\/www.robe.world\/lex\/studium\/diplomarbeits-inhalt\/\",\"url\":\"https:\/\/www.robe.world\/lex\/studium\/diplomarbeits-inhalt\/\",\"name\":\"Diplomarbeits-Inhalt - Alexander Rob\u00e9\",\"isPartOf\":{\"@id\":\"https:\/\/www.robe.world\/lex\/#website\"},\"primaryImageOfPage\":{\"@id\":\"https:\/\/www.robe.world\/lex\/studium\/diplomarbeits-inhalt\/#primaryimage\"},\"image\":{\"@id\":\"https:\/\/www.robe.world\/lex\/studium\/diplomarbeits-inhalt\/#primaryimage\"},\"thumbnailUrl\":\"http:\/\/lex.robe.world\/images\/studies\/lernkurve.jpg\",\"datePublished\":\"2013-10-19T09:04:17+00:00\",\"dateModified\":\"2018-10-10T03:50:23+00:00\",\"breadcrumb\":{\"@id\":\"https:\/\/www.robe.world\/lex\/studium\/diplomarbeits-inhalt\/#breadcrumb\"},\"inLanguage\":\"de\",\"potentialAction\":[{\"@type\":\"ReadAction\",\"target\":[\"https:\/\/www.robe.world\/lex\/studium\/diplomarbeits-inhalt\/\"]}]},{\"@type\":\"ImageObject\",\"inLanguage\":\"de\",\"@id\":\"https:\/\/www.robe.world\/lex\/studium\/diplomarbeits-inhalt\/#primaryimage\",\"url\":\"http:\/\/lex.robe.world\/images\/studies\/lernkurve.jpg\",\"contentUrl\":\"http:\/\/lex.robe.world\/images\/studies\/lernkurve.jpg\"},{\"@type\":\"BreadcrumbList\",\"@id\":\"https:\/\/www.robe.world\/lex\/studium\/diplomarbeits-inhalt\/#breadcrumb\",\"itemListElement\":[{\"@type\":\"ListItem\",\"position\":1,\"name\":\"Home\",\"item\":\"https:\/\/www.robe.world\/lex\/\"},{\"@type\":\"ListItem\",\"position\":2,\"name\":\"Studium\",\"item\":\"https:\/\/www.robe.world\/lex\/studium\/\"},{\"@type\":\"ListItem\",\"position\":3,\"name\":\"Diplomarbeits-Inhalt\"}]},{\"@type\":\"WebSite\",\"@id\":\"https:\/\/www.robe.world\/lex\/#website\",\"url\":\"https:\/\/www.robe.world\/lex\/\",\"name\":\"Alexander Rob\u00e9\",\"description\":\"blogging since 1997\",\"potentialAction\":[{\"@type\":\"SearchAction\",\"target\":{\"@type\":\"EntryPoint\",\"urlTemplate\":\"https:\/\/www.robe.world\/lex\/?s={search_term_string}\"},\"query-input\":{\"@type\":\"PropertyValueSpecification\",\"valueRequired\":true,\"valueName\":\"search_term_string\"}}],\"inLanguage\":\"de\"}]}<\/script>\n<!-- \/ Yoast SEO plugin. -->","yoast_head_json":{"title":"Diplomarbeits-Inhalt - Alexander Rob\u00e9","robots":{"index":"index","follow":"follow","max-snippet":"max-snippet:-1","max-image-preview":"max-image-preview:large","max-video-preview":"max-video-preview:-1"},"canonical":"https:\/\/www.robe.world\/lex\/studium\/diplomarbeits-inhalt\/","og_locale":"de_DE","og_type":"article","og_title":"Diplomarbeits-Inhalt - Alexander Rob\u00e9","og_description":"Kurzbeschreibung der Diplomarbeit \u00a0Entwicklung eines Robotersystems f\u00fcr die vollautomatische Kabelbaumfertigung \u00a0verfasst von DI Alexander Rob\u00e9 \u00a0 Einleitung: Es existieren grunds\u00e4tzlich zwei verschiede M\u00e4rkte in der Kabelkonfektionierung: Der automotive Marktbereich mit sehr hohen St\u00fcckzahlen, aber einer geringen Typenvielfalt und der industrielle Marktbereich, der entgegengesetzte Anspr\u00fcche (niedrige Losgr\u00f6\u00dfe, hohe Typenvielfalt) stellt. Die Firma eltrona-RKT ist im zweiten Segment t\u00e4tig und fertigt vorwiegend Kabelb\u00e4ume","og_url":"https:\/\/www.robe.world\/lex\/studium\/diplomarbeits-inhalt\/","og_site_name":"Alexander Rob\u00e9","article_publisher":"https:\/\/www.facebook.com\/lexrobe","article_modified_time":"2018-10-10T03:50:23+00:00","og_image":[{"url":"http:\/\/lex.robe.world\/images\/studies\/lernkurve.jpg","type":"","width":"","height":""}],"twitter_misc":{"Gesch\u00e4tzte Lesezeit":"3\u00a0Minuten"},"schema":{"@context":"https:\/\/schema.org","@graph":[{"@type":"WebPage","@id":"https:\/\/www.robe.world\/lex\/studium\/diplomarbeits-inhalt\/","url":"https:\/\/www.robe.world\/lex\/studium\/diplomarbeits-inhalt\/","name":"Diplomarbeits-Inhalt - Alexander Rob\u00e9","isPartOf":{"@id":"https:\/\/www.robe.world\/lex\/#website"},"primaryImageOfPage":{"@id":"https:\/\/www.robe.world\/lex\/studium\/diplomarbeits-inhalt\/#primaryimage"},"image":{"@id":"https:\/\/www.robe.world\/lex\/studium\/diplomarbeits-inhalt\/#primaryimage"},"thumbnailUrl":"http:\/\/lex.robe.world\/images\/studies\/lernkurve.jpg","datePublished":"2013-10-19T09:04:17+00:00","dateModified":"2018-10-10T03:50:23+00:00","breadcrumb":{"@id":"https:\/\/www.robe.world\/lex\/studium\/diplomarbeits-inhalt\/#breadcrumb"},"inLanguage":"de","potentialAction":[{"@type":"ReadAction","target":["https:\/\/www.robe.world\/lex\/studium\/diplomarbeits-inhalt\/"]}]},{"@type":"ImageObject","inLanguage":"de","@id":"https:\/\/www.robe.world\/lex\/studium\/diplomarbeits-inhalt\/#primaryimage","url":"http:\/\/lex.robe.world\/images\/studies\/lernkurve.jpg","contentUrl":"http:\/\/lex.robe.world\/images\/studies\/lernkurve.jpg"},{"@type":"BreadcrumbList","@id":"https:\/\/www.robe.world\/lex\/studium\/diplomarbeits-inhalt\/#breadcrumb","itemListElement":[{"@type":"ListItem","position":1,"name":"Home","item":"https:\/\/www.robe.world\/lex\/"},{"@type":"ListItem","position":2,"name":"Studium","item":"https:\/\/www.robe.world\/lex\/studium\/"},{"@type":"ListItem","position":3,"name":"Diplomarbeits-Inhalt"}]},{"@type":"WebSite","@id":"https:\/\/www.robe.world\/lex\/#website","url":"https:\/\/www.robe.world\/lex\/","name":"Alexander Rob\u00e9","description":"blogging since 1997","potentialAction":[{"@type":"SearchAction","target":{"@type":"EntryPoint","urlTemplate":"https:\/\/www.robe.world\/lex\/?s={search_term_string}"},"query-input":{"@type":"PropertyValueSpecification","valueRequired":true,"valueName":"search_term_string"}}],"inLanguage":"de"}]}},"_links":{"self":[{"href":"https:\/\/www.robe.world\/lex\/wp-json\/wp\/v2\/pages\/5186","targetHints":{"allow":["GET"]}}],"collection":[{"href":"https:\/\/www.robe.world\/lex\/wp-json\/wp\/v2\/pages"}],"about":[{"href":"https:\/\/www.robe.world\/lex\/wp-json\/wp\/v2\/types\/page"}],"author":[{"embeddable":true,"href":"https:\/\/www.robe.world\/lex\/wp-json\/wp\/v2\/users\/1"}],"replies":[{"embeddable":true,"href":"https:\/\/www.robe.world\/lex\/wp-json\/wp\/v2\/comments?post=5186"}],"version-history":[{"count":3,"href":"https:\/\/www.robe.world\/lex\/wp-json\/wp\/v2\/pages\/5186\/revisions"}],"predecessor-version":[{"id":6183,"href":"https:\/\/www.robe.world\/lex\/wp-json\/wp\/v2\/pages\/5186\/revisions\/6183"}],"up":[{"embeddable":true,"href":"https:\/\/www.robe.world\/lex\/wp-json\/wp\/v2\/pages\/4827"}],"wp:attachment":[{"href":"https:\/\/www.robe.world\/lex\/wp-json\/wp\/v2\/media?parent=5186"}],"curies":[{"name":"wp","href":"https:\/\/api.w.org\/{rel}","templated":true}]}}