{"id":5145,"date":"2013-10-19T10:05:32","date_gmt":"2013-10-19T08:05:32","guid":{"rendered":"http:\/\/www.robe.world\/lex\/?page_id=5145"},"modified":"2018-10-10T05:50:25","modified_gmt":"2018-10-10T03:50:25","slug":"inline-hockey","status":"publish","type":"page","link":"https:\/\/www.robe.world\/lex\/freizeit\/inline-hockey\/","title":{"rendered":"Inline-Hockey"},"content":{"rendered":"<p><span style=\"font-family: Arial;\">\u00dcber diese Sportart bin ich eigentlich erst auf den Geschmack des Hockey-Spielens gekommen. Sportexperten auf der ganzen Welt bezeichnen das Spiel mit dem Puck als &#8222;<i>DAS SCHNELLSTE MANNSCHAFTSSPIEL DER WELT<\/i>&#8220; &#8211; und das nicht zu unrecht. In kaum einer anderen Sportart findet man so viele Herausforderungen:<\/span><\/p>\n<ul>\n<li><span style=\"font-family: Arial;\">Geschwindigkeit des Spiels<\/span><\/li>\n<li><span style=\"font-family: Arial;\">Ganzk\u00f6rpertechnik (Eislaufen, Stocktechnik)<\/span><\/li>\n<li><span style=\"font-family: Arial;\">\u00dcbersicht<\/span><\/li>\n<li><span style=\"font-family: Arial;\">Dauernde Einbindung in das Spielgeschehen (nicht ewig sinnloses Positionieren)<\/span><\/li>\n<li><span style=\"font-family: Arial;\">Sinn f\u00fcr Spielfluss<\/span><\/li>\n<li><span style=\"font-family: Arial;\">keine Schauspielereien bei K\u00f6rperkontakt (st\u00f6rt mich am meisten beim Fussball: Wenn jemand sch\u00f6n f\u00e4llt ist\u00b4s oft schon ein Foul; Beim Eis-\/Streethockey gibt es hier klare Regeln und deren Anwendung f\u00e4llt den Schiedsrichtern viel leichter (<span style=\"text-decoration: underline;\">Streethockey<\/span>: <b>kein<\/b> K\u00f6rperkontakt, <span style=\"text-decoration: underline;\">Eishockey<\/span>: <b>Body<\/b>checks sind immer erlaubt, Stockvergehen werden geahndet)<\/span><\/li>\n<\/ul>\n<p><span style=\"font-family: Arial;\">Dies sind f\u00fcr mich die Hauptgr\u00fcnde, warum ich dem Fu\u00dfball zugunsten des Hockey jedes Jahr aufs neue ine Abfuhr erteilen mu\u00df.<\/span><\/p>\n<hr \/>\n<p><span style=\"color: #ff0000; font-family: Arial; font-size: medium;\"><b><span style=\"text-decoration: underline;\">the story:<\/span><\/b><\/span><\/p>\n<p><span style=\"font-family: Arial;\"><span style=\"font-size: small;\">Im Sommer 1995 traf ich auf eine legend\u00e4re Inline-Hockey-Partie der ersten Stunde:<br \/>\n<span style=\"font-family: Arial,Helvetica;\">Ernst Schmitzberger, Gerald Leitner, Ralph Dunkel, Wolfgang K\u00f6ck, Gernot Zehner und <b>F<\/b>risch<b>F<\/b>rucht<b>F<\/b>ranz hie\u00dfen die Recken, die in mir erst das Feuer f\u00fcr <\/span><\/span><\/span><span style=\"font-family: Arial,Helvetica; font-size: small;\">Hockey<span style=\"font-family: Arial;\"> entfachen konnten. Damals bei Gott noch kein Inliner, der sein Sportger\u00e4t beherrschte (eher umgekehrt) begann ich zum ersten Mal richtig die Faszination des Spiels zu sp\u00fcren: Speed, Koordination, Technik, \u00dcbersicht und praktisch immer am Spielgeschehen beteiligt sein &#8211; das sind die wesentliche Ingredienzien f\u00fcr eine Power-Sportart!<\/span><\/span><\/p>\n<p><span style=\"font-family: Arial; font-size: small;\">Im Jahr darauf haben wir dann unter dem Namen &#8222;Roller Rats Liezen&#8220; bei einigen Turnieren teilgenommen, und dabei lernen m\u00fcssen, dass andere Cracks auch des Spieles m\u00e4chtig waren. So haben uns zum Beispiel die K\u00e4rnter Teams beim Inline-Hockey-Event am W\u00f6rthersee doch mehr oder weniger eindeutig in die Schranken verwiesen.<br \/>\nDoch kaum einer der damaligen Mitstreiter wird vergessen, als wir gegen den sp\u00e4teren Turniersieger bereits in der zweiten Minute mit 1:0 in F\u00fchrung gingen&#8230; die Jungs mit der phenomenalen Optik und dem gar nicht dazupassen wollenden K\u00f6nnen&#8230;<\/span><\/p>\n<p><span style=\"font-family: Arial; font-size: small;\">Durch Niederlagen am Spielfeld liessen wir uns aber nicht entmutigen, denn wir waren die eindeutigen Gewinner im &#8222;apr\u00e8s-hockey&#8220;. In den folgenden Monaten und Saisonen nahmen wir noch an etlichen anderen Turnieren Teil, wovon die am Schwarzl Zentrum\/Graz zu den besten z\u00e4hlten:<br \/>\nZum Ersten speilten die Gegner vom K\u00f6nnen her in unserer Liga und zweitens war die Mischung aus Hockey spielen, danach direkt in den erfrischenden Schotterteich mit anschliessendem Sonnenbad wirklich so perfekt, dass sich auch unsere eher sportlich desinteressierten M\u00e4dels \ud83d\ude09 dazu \u00fcberreden liessen, das eine oder andere Mal mitzufahren.<\/span><\/p>\n<p><span style=\"font-family: Arial; font-size: small;\">Gegen Ende 1996 mussten wir dann feststellen, dass nicht nur uns Liezener das Hockey-Fieber angesteckt hat &#8211; nein: auch in unserem kleinen Vorort Rottenmann :-), gab es eine kleine aber feine Hockey-Crew rund um Ploder Tom, Maierhofer Klaus, H\u00f6rb, Mats und Andi. Bei einem kleinen Spielchen am Rottenmanner Billa-Parkplatz waren wir &#8211; ersatzgeschw\u00e4cht &#8211; knapp unterlegen, was sich aber nicht unbedingt als Fehler herausstellte: Auf der anschliessenden Feier im Bodega &#8211; der Laden wurde damals von den Jungs geschmissen: ECHT TOP! &#8211; wurde der Grundstein f\u00fcr eine langj\u00e4hrige spielerische Partner- und Freundschaft gelegt und \u00e4usserst fl\u00fcssig begossen&#8230;;-) und heute spielen Patrik und ich bei den Rottenmannern regelm\u00e4ssig Eishockey.<\/span><\/p>\n<p><span style=\"font-family: Arial; font-size: small;\">Seither treffen wir uns mehr oder weniger regelm\u00e4ssig vorwiegend auf dem ADEG-Parkplatz in Liezen, um unsere Rollen zum Gl\u00fchen zu bringen.<\/span><\/p>\n<p>&nbsp;<\/p>\n<p><a title=\"Inline-Hockey \u2013 History\" href=\"http:\/\/www.robe.world\/lex\/freizeit\/inline-hockey\/inline-hockey-history\/\"><span style=\"font-family: Arial;\">The History &#8211; wie alles begann&#8230;<\/span><\/a><\/p>\n","protected":false},"excerpt":{"rendered":"<p>\u00dcber diese Sportart bin ich eigentlich erst auf den Geschmack des Hockey-Spielens gekommen. Sportexperten auf der ganzen Welt bezeichnen das Spiel mit dem Puck als &#8222;DAS SCHNELLSTE MANNSCHAFTSSPIEL DER WELT&#8220; &#8211; und das nicht zu unrecht. In kaum einer anderen Sportart findet man so viele Herausforderungen: Geschwindigkeit des Spiels Ganzk\u00f6rpertechnik (Eislaufen, Stocktechnik) \u00dcbersicht Dauernde Einbindung in das Spielgeschehen (nicht ewig sinnloses Positionieren) Sinn f\u00fcr Spielfluss keine Schauspielereien bei K\u00f6rperkontakt (st\u00f6rt mich am meisten beim Fussball: Wenn jemand sch\u00f6n f\u00e4llt ist\u00b4s oft schon ein Foul; Beim Eis-\/Streethockey gibt es hier klare<\/p>\n","protected":false},"author":1,"featured_media":0,"parent":4148,"menu_order":20,"comment_status":"open","ping_status":"closed","template":"side-navigation.php","meta":{"footnotes":""},"class_list":["post-5145","page","type-page","status-publish","hentry"],"yoast_head":"<!-- This site is optimized with the Yoast SEO plugin v26.4 - https:\/\/yoast.com\/wordpress\/plugins\/seo\/ -->\n<title>Inline-Hockey - Alexander Rob\u00e9<\/title>\n<meta name=\"robots\" content=\"index, follow, max-snippet:-1, max-image-preview:large, max-video-preview:-1\" \/>\n<link rel=\"canonical\" href=\"https:\/\/www.robe.world\/lex\/freizeit\/inline-hockey\/\" \/>\n<meta property=\"og:locale\" content=\"de_DE\" \/>\n<meta property=\"og:type\" content=\"article\" \/>\n<meta property=\"og:title\" content=\"Inline-Hockey - Alexander Rob\u00e9\" \/>\n<meta property=\"og:description\" content=\"\u00dcber diese Sportart bin ich eigentlich erst auf den Geschmack des Hockey-Spielens gekommen. Sportexperten auf der ganzen Welt bezeichnen das Spiel mit dem Puck als &#8222;DAS SCHNELLSTE MANNSCHAFTSSPIEL DER WELT&#8220; &#8211; und das nicht zu unrecht. In kaum einer anderen Sportart findet man so viele Herausforderungen: Geschwindigkeit des Spiels Ganzk\u00f6rpertechnik (Eislaufen, Stocktechnik) \u00dcbersicht Dauernde Einbindung in das Spielgeschehen (nicht ewig sinnloses Positionieren) Sinn f\u00fcr Spielfluss keine Schauspielereien bei K\u00f6rperkontakt (st\u00f6rt mich am meisten beim Fussball: Wenn jemand sch\u00f6n f\u00e4llt ist\u00b4s oft schon ein Foul; Beim Eis-\/Streethockey gibt es hier klare\" \/>\n<meta property=\"og:url\" content=\"https:\/\/www.robe.world\/lex\/freizeit\/inline-hockey\/\" \/>\n<meta property=\"og:site_name\" content=\"Alexander Rob\u00e9\" \/>\n<meta property=\"article:publisher\" content=\"https:\/\/www.facebook.com\/lexrobe\" \/>\n<meta property=\"article:modified_time\" content=\"2018-10-10T03:50:25+00:00\" \/>\n<meta name=\"twitter:label1\" content=\"Gesch\u00e4tzte Lesezeit\" \/>\n\t<meta name=\"twitter:data1\" content=\"3\u00a0Minuten\" \/>\n<script type=\"application\/ld+json\" class=\"yoast-schema-graph\">{\"@context\":\"https:\/\/schema.org\",\"@graph\":[{\"@type\":\"WebPage\",\"@id\":\"https:\/\/www.robe.world\/lex\/freizeit\/inline-hockey\/\",\"url\":\"https:\/\/www.robe.world\/lex\/freizeit\/inline-hockey\/\",\"name\":\"Inline-Hockey - Alexander Rob\u00e9\",\"isPartOf\":{\"@id\":\"https:\/\/www.robe.world\/lex\/#website\"},\"datePublished\":\"2013-10-19T08:05:32+00:00\",\"dateModified\":\"2018-10-10T03:50:25+00:00\",\"breadcrumb\":{\"@id\":\"https:\/\/www.robe.world\/lex\/freizeit\/inline-hockey\/#breadcrumb\"},\"inLanguage\":\"de\",\"potentialAction\":[{\"@type\":\"ReadAction\",\"target\":[\"https:\/\/www.robe.world\/lex\/freizeit\/inline-hockey\/\"]}]},{\"@type\":\"BreadcrumbList\",\"@id\":\"https:\/\/www.robe.world\/lex\/freizeit\/inline-hockey\/#breadcrumb\",\"itemListElement\":[{\"@type\":\"ListItem\",\"position\":1,\"name\":\"Home\",\"item\":\"https:\/\/www.robe.world\/lex\/\"},{\"@type\":\"ListItem\",\"position\":2,\"name\":\"Freizeit\",\"item\":\"https:\/\/www.robe.world\/lex\/freizeit\/\"},{\"@type\":\"ListItem\",\"position\":3,\"name\":\"Inline-Hockey\"}]},{\"@type\":\"WebSite\",\"@id\":\"https:\/\/www.robe.world\/lex\/#website\",\"url\":\"https:\/\/www.robe.world\/lex\/\",\"name\":\"Alexander Rob\u00e9\",\"description\":\"blogging since 1997\",\"potentialAction\":[{\"@type\":\"SearchAction\",\"target\":{\"@type\":\"EntryPoint\",\"urlTemplate\":\"https:\/\/www.robe.world\/lex\/?s={search_term_string}\"},\"query-input\":{\"@type\":\"PropertyValueSpecification\",\"valueRequired\":true,\"valueName\":\"search_term_string\"}}],\"inLanguage\":\"de\"}]}<\/script>\n<!-- \/ Yoast SEO plugin. -->","yoast_head_json":{"title":"Inline-Hockey - Alexander Rob\u00e9","robots":{"index":"index","follow":"follow","max-snippet":"max-snippet:-1","max-image-preview":"max-image-preview:large","max-video-preview":"max-video-preview:-1"},"canonical":"https:\/\/www.robe.world\/lex\/freizeit\/inline-hockey\/","og_locale":"de_DE","og_type":"article","og_title":"Inline-Hockey - Alexander Rob\u00e9","og_description":"\u00dcber diese Sportart bin ich eigentlich erst auf den Geschmack des Hockey-Spielens gekommen. Sportexperten auf der ganzen Welt bezeichnen das Spiel mit dem Puck als &#8222;DAS SCHNELLSTE MANNSCHAFTSSPIEL DER WELT&#8220; &#8211; und das nicht zu unrecht. In kaum einer anderen Sportart findet man so viele Herausforderungen: Geschwindigkeit des Spiels Ganzk\u00f6rpertechnik (Eislaufen, Stocktechnik) \u00dcbersicht Dauernde Einbindung in das Spielgeschehen (nicht ewig sinnloses Positionieren) Sinn f\u00fcr Spielfluss keine Schauspielereien bei K\u00f6rperkontakt (st\u00f6rt mich am meisten beim Fussball: Wenn jemand sch\u00f6n f\u00e4llt ist\u00b4s oft schon ein Foul; Beim Eis-\/Streethockey gibt es hier klare","og_url":"https:\/\/www.robe.world\/lex\/freizeit\/inline-hockey\/","og_site_name":"Alexander Rob\u00e9","article_publisher":"https:\/\/www.facebook.com\/lexrobe","article_modified_time":"2018-10-10T03:50:25+00:00","twitter_misc":{"Gesch\u00e4tzte Lesezeit":"3\u00a0Minuten"},"schema":{"@context":"https:\/\/schema.org","@graph":[{"@type":"WebPage","@id":"https:\/\/www.robe.world\/lex\/freizeit\/inline-hockey\/","url":"https:\/\/www.robe.world\/lex\/freizeit\/inline-hockey\/","name":"Inline-Hockey - Alexander Rob\u00e9","isPartOf":{"@id":"https:\/\/www.robe.world\/lex\/#website"},"datePublished":"2013-10-19T08:05:32+00:00","dateModified":"2018-10-10T03:50:25+00:00","breadcrumb":{"@id":"https:\/\/www.robe.world\/lex\/freizeit\/inline-hockey\/#breadcrumb"},"inLanguage":"de","potentialAction":[{"@type":"ReadAction","target":["https:\/\/www.robe.world\/lex\/freizeit\/inline-hockey\/"]}]},{"@type":"BreadcrumbList","@id":"https:\/\/www.robe.world\/lex\/freizeit\/inline-hockey\/#breadcrumb","itemListElement":[{"@type":"ListItem","position":1,"name":"Home","item":"https:\/\/www.robe.world\/lex\/"},{"@type":"ListItem","position":2,"name":"Freizeit","item":"https:\/\/www.robe.world\/lex\/freizeit\/"},{"@type":"ListItem","position":3,"name":"Inline-Hockey"}]},{"@type":"WebSite","@id":"https:\/\/www.robe.world\/lex\/#website","url":"https:\/\/www.robe.world\/lex\/","name":"Alexander Rob\u00e9","description":"blogging since 1997","potentialAction":[{"@type":"SearchAction","target":{"@type":"EntryPoint","urlTemplate":"https:\/\/www.robe.world\/lex\/?s={search_term_string}"},"query-input":{"@type":"PropertyValueSpecification","valueRequired":true,"valueName":"search_term_string"}}],"inLanguage":"de"}]}},"_links":{"self":[{"href":"https:\/\/www.robe.world\/lex\/wp-json\/wp\/v2\/pages\/5145","targetHints":{"allow":["GET"]}}],"collection":[{"href":"https:\/\/www.robe.world\/lex\/wp-json\/wp\/v2\/pages"}],"about":[{"href":"https:\/\/www.robe.world\/lex\/wp-json\/wp\/v2\/types\/page"}],"author":[{"embeddable":true,"href":"https:\/\/www.robe.world\/lex\/wp-json\/wp\/v2\/users\/1"}],"replies":[{"embeddable":true,"href":"https:\/\/www.robe.world\/lex\/wp-json\/wp\/v2\/comments?post=5145"}],"version-history":[{"count":4,"href":"https:\/\/www.robe.world\/lex\/wp-json\/wp\/v2\/pages\/5145\/revisions"}],"predecessor-version":[{"id":5700,"href":"https:\/\/www.robe.world\/lex\/wp-json\/wp\/v2\/pages\/5145\/revisions\/5700"}],"up":[{"embeddable":true,"href":"https:\/\/www.robe.world\/lex\/wp-json\/wp\/v2\/pages\/4148"}],"wp:attachment":[{"href":"https:\/\/www.robe.world\/lex\/wp-json\/wp\/v2\/media?parent=5145"}],"curies":[{"name":"wp","href":"https:\/\/api.w.org\/{rel}","templated":true}]}}