{"id":4598,"date":"2013-10-12T23:53:08","date_gmt":"2013-10-12T21:53:08","guid":{"rendered":"http:\/\/www.robe.world\/lex\/?page_id=4598"},"modified":"2018-10-10T05:50:27","modified_gmt":"2018-10-10T03:50:27","slug":"hochzeit","status":"publish","type":"page","link":"https:\/\/www.robe.world\/lex\/hochzeit\/","title":{"rendered":"Hochzeit Birgit &#038; Lex"},"content":{"rendered":"<p style=\"text-align: justify;\"><div class=\"fusion-fullwidth fullwidth-box fusion-builder-row-1 hundred-percent-fullwidth non-hundred-percent-height-scrolling\" style=\"--awb-border-radius-top-left:0px;--awb-border-radius-top-right:0px;--awb-border-radius-bottom-right:0px;--awb-border-radius-bottom-left:0px;--awb-overflow:visible;--awb-flex-wrap:wrap;\" ><div class=\"fusion-builder-row fusion-row\"><div class=\"fusion-layout-column fusion_builder_column fusion-builder-column-0 fusion_builder_column_1_1 1_1 fusion-one-full fusion-column-first fusion-column-last fusion-column-no-min-height\" style=\"--awb-bg-size:cover;--awb-margin-bottom:0px;\"><div class=\"fusion-column-wrapper fusion-flex-column-wrapper-legacy\"><div class=\"fusion-title title fusion-title-1 fusion-title-text fusion-title-size-one\"><h1 class=\"fusion-title-heading title-heading-left\" style=\"margin:0;\">Hochzeit von Birgit und Lex Rob\u00e9<\/h1><span class=\"awb-title-spacer\"><\/span><div class=\"title-sep-container\"><div class=\"title-sep sep-double sep-solid\" style=\"border-color:#3e3e3e;\"><\/div><\/div><\/div> <a href=\"http:\/\/www.robe.world\/lex\/wp-content\/uploads\/Hochzeit_Birgit_Lex4.jpg\"><img decoding=\"async\" class=\"size-medium wp-image-4794 alignleft\" style=\"border: 4px solid grey; margin: 3px;\" src=\"http:\/\/www.robe.world\/lex\/wp-content\/uploads\/Hochzeit_Birgit_Lex4-199x300.jpg\" alt=\"Hochzeit_Birgit_Lex4\" width=\"199\" height=\"300\" srcset=\"https:\/\/www.robe.world\/lex\/wp-content\/uploads\/Hochzeit_Birgit_Lex4-199x300.jpg 199w, https:\/\/www.robe.world\/lex\/wp-content\/uploads\/Hochzeit_Birgit_Lex4-680x1024.jpg 680w, https:\/\/www.robe.world\/lex\/wp-content\/uploads\/Hochzeit_Birgit_Lex4.jpg 798w\" sizes=\"(max-width: 199px) 100vw, 199px\" \/><\/a>Am 7. August war <em>UNSER<\/em> Tag &#8211; genauer gesagt: Birgit und ich heirateten!<br \/>\nNach eher kurzer Vorlaufzeit und mitten in der Urlaubssaison haben wir doch noch viele unserer Freunde, Bekannten und Verwandten (insgesamt 70 an der Zahl!) zu <a href=\"http:\/\/www.seewirt.co.at\/\" target=\"_blank\" rel=\"noopener\">Seewirt Franz<\/a> ins Festzelt bei Wei\u00dfenbach bitten d\u00fcrfen. Ihr, die ihr dabei ward, habt alle dazu beigetragen, dass dieser Tag f\u00fcr uns unvergesslich wurde:<br \/>\nAngefangen vom Sektempfang, \u00fcber die wunderbare Standesamts-Zeremonie, Euren Spielen, Inszenierungen und \u00dcberraschungen <span style=\"font-size: xx-small;\">(MANN, auf einmal steht der Eric Fischer im Festzelt und spielt bei unserer Hochzeit!?!?! Wie arg is des bitte??) <\/span>bis hin zu Euren Geschenken. Die Details die uns zum Strahlen brachten sind zahllos!<\/p>\n<p style=\"text-align: justify;\">Nun, da alle Nachbereitungen erledigt sind, wollen wir am liebsten Bilder (und auch a bissl Musik *g*) von diesem fantastischen Tag sprechen lassen:<br \/>\nWir haben kurzerhand einen eigenen Foto-Bereich auf der Homepage geschaffen, der die vielen Fotos etwas untergliedert und dazu mit Themen-spezifischer Musik untermalt ist. Viel Spa\u00df beim Anschauen und wir freuen uns schon darauf, wenn ihr mit uns &#8222;Live dabei im 1. Ehejahr&#8220; seid!<\/p>\n<div class=\"fusion-sep-clear\"><\/div><div class=\"fusion-separator fusion-full-width-sep\" style=\"margin-left: auto;margin-right: auto;margin-top:10px;margin-bottom:10px;width:100%;\"><div class=\"fusion-separator-border sep-shadow\" style=\"--awb-height:20px;--awb-amount:20px;background:radial-gradient(ellipse at 50% -50% , #3e3e3e 0px, rgba(255, 255, 255, 0) 80%) repeat scroll 0 0 rgba(0, 0, 0, 0);background:-webkit-radial-gradient(ellipse at 50% -50% , #3e3e3e 0px, rgba(255, 255, 255, 0) 80%) repeat scroll 0 0 rgba(0, 0, 0, 0);background:-moz-radial-gradient(ellipse at 50% -50% , #3e3e3e 0px, rgba(255, 255, 255, 0) 80%) repeat scroll 0 0 rgba(0, 0, 0, 0);background:-o-radial-gradient(ellipse at 50% -50% , #3e3e3e 0px, rgba(255, 255, 255, 0) 80%) repeat scroll 0 0 rgba(0, 0, 0, 0);\"><\/div><\/div><div class=\"fusion-sep-clear\"><\/div><div class=\"fusion-clearfix\"><\/div><\/div><\/div><div class=\"fusion-layout-column fusion_builder_column fusion-builder-column-1 fusion_builder_column_1_1 1_1 fusion-one-full fusion-column-first fusion-column-last fusion-column-no-min-height\" style=\"--awb-bg-size:cover;--awb-margin-bottom:0px;\"><div class=\"fusion-column-wrapper fusion-flex-column-wrapper-legacy\"><div class=\"fusion-title title fusion-title-2 fusion-title-text fusion-title-size-two\"><h2 class=\"fusion-title-heading title-heading-left\" style=\"margin:0;\">Hinweise:<\/h2><span class=\"awb-title-spacer\"><\/span><div class=\"title-sep-container\"><div class=\"title-sep sep-double sep-solid\" style=\"border-color:#3e3e3e;\"><\/div><\/div><\/div>Die Bilder sind in 6 Themenbereiche aufgeteilt\u00a0 &#8211; einfach auf die einzelnen Etappen im linken Navigationsmen\u00fc klicken und los geht&#8217;s.<br \/>\nViel Spa\u00df!<div class=\"fusion-clearfix\"><\/div><\/div><\/div><div class=\"fusion-layout-column fusion_builder_column fusion-builder-column-2 fusion_builder_column_1_1 1_1 fusion-one-full fusion-column-first fusion-column-last fusion-column-no-min-height\" style=\"--awb-bg-size:cover;--awb-margin-bottom:0px;\"><div class=\"fusion-column-wrapper fusion-flex-column-wrapper-legacy\"><ul style=\"--awb-iconcolor:#ffffff;--awb-line-height:23.8px;--awb-icon-width:23.8px;--awb-icon-height:23.8px;--awb-icon-margin:9.8px;--awb-content-margin:33.6px;\" class=\"fusion-checklist fusion-checklist-1 fusion-checklist-default type-icons\">\n\n<li class=\"fusion-li-item\" style=\"\"><span class=\"icon-wrapper circle-no\"><i class=\"fusion-li-icon fa fa-star\" aria-hidden=\"true\"><\/i><\/span><div class=\"fusion-li-item-content\">Die Diashow startet standardm\u00e4\u00dfig Musik und 7s-Intervall. Um die Musik zu \u00e4ndern -&gt; unter die Bilder scrollen: dort ist ein Mediaplayer mit gewohnter Funktionalit\u00e4t<\/div><\/li>\n<li class=\"fusion-li-item\" style=\"\"><span class=\"icon-wrapper circle-no\"><i class=\"fusion-li-icon fa fa-star\" aria-hidden=\"true\"><\/i><\/span><div class=\"fusion-li-item-content\"><\/div><\/li>Mit der &#8222;F11&#8220;-Taste kann beim Browser in den Vollbildmodus gewechselt werden -&gt; es empfiehlt sich eine Bildschirm-Aufl\u00f6sung von mind. 1680&#215;1050 &#8211; optimal zum Zur\u00fccklehnen und genie\u00dfen \ud83d\ude42<\/ul><\/li>\n<\/ul>\n<p>&nbsp;<\/p>\n<div class=\"fusion-clearfix\"><\/div><\/div><\/div><\/div><\/div>\n","protected":false},"excerpt":{"rendered":"","protected":false},"author":1,"featured_media":0,"parent":0,"menu_order":0,"comment_status":"open","ping_status":"closed","template":"","meta":{"footnotes":""},"class_list":["post-4598","page","type-page","status-publish","hentry"],"yoast_head":"<!-- This site is optimized with the Yoast SEO plugin v26.4 - https:\/\/yoast.com\/wordpress\/plugins\/seo\/ -->\n<title>Hochzeit Birgit &amp; Lex - Alexander Rob\u00e9<\/title>\n<meta name=\"robots\" content=\"index, follow, max-snippet:-1, max-image-preview:large, max-video-preview:-1\" \/>\n<link rel=\"canonical\" href=\"https:\/\/www.robe.world\/lex\/hochzeit\/\" \/>\n<meta property=\"og:locale\" content=\"de_DE\" \/>\n<meta property=\"og:type\" content=\"article\" \/>\n<meta property=\"og:title\" content=\"Hochzeit Birgit &amp; Lex - Alexander Rob\u00e9\" \/>\n<meta property=\"og:url\" content=\"https:\/\/www.robe.world\/lex\/hochzeit\/\" \/>\n<meta property=\"og:site_name\" content=\"Alexander Rob\u00e9\" \/>\n<meta property=\"article:publisher\" content=\"https:\/\/www.facebook.com\/lexrobe\" \/>\n<meta property=\"article:modified_time\" content=\"2018-10-10T03:50:27+00:00\" \/>\n<meta property=\"og:image\" content=\"http:\/\/www.robe.world\/lex\/wp-content\/uploads\/Hochzeit_Birgit_Lex4-199x300.jpg\" \/>\n<meta name=\"twitter:label1\" content=\"Gesch\u00e4tzte Lesezeit\" \/>\n\t<meta name=\"twitter:data1\" content=\"2\u00a0Minuten\" \/>\n<script type=\"application\/ld+json\" class=\"yoast-schema-graph\">{\"@context\":\"https:\/\/schema.org\",\"@graph\":[{\"@type\":\"WebPage\",\"@id\":\"https:\/\/www.robe.world\/lex\/hochzeit\/\",\"url\":\"https:\/\/www.robe.world\/lex\/hochzeit\/\",\"name\":\"Hochzeit Birgit & Lex - Alexander Rob\u00e9\",\"isPartOf\":{\"@id\":\"https:\/\/www.robe.world\/lex\/#website\"},\"primaryImageOfPage\":{\"@id\":\"https:\/\/www.robe.world\/lex\/hochzeit\/#primaryimage\"},\"image\":{\"@id\":\"https:\/\/www.robe.world\/lex\/hochzeit\/#primaryimage\"},\"thumbnailUrl\":\"http:\/\/www.robe.world\/lex\/wp-content\/uploads\/Hochzeit_Birgit_Lex4-199x300.jpg\",\"datePublished\":\"2013-10-12T21:53:08+00:00\",\"dateModified\":\"2018-10-10T03:50:27+00:00\",\"breadcrumb\":{\"@id\":\"https:\/\/www.robe.world\/lex\/hochzeit\/#breadcrumb\"},\"inLanguage\":\"de\",\"potentialAction\":[{\"@type\":\"ReadAction\",\"target\":[\"https:\/\/www.robe.world\/lex\/hochzeit\/\"]}]},{\"@type\":\"ImageObject\",\"inLanguage\":\"de\",\"@id\":\"https:\/\/www.robe.world\/lex\/hochzeit\/#primaryimage\",\"url\":\"https:\/\/www.robe.world\/lex\/wp-content\/uploads\/Hochzeit_Birgit_Lex4.jpg\",\"contentUrl\":\"https:\/\/www.robe.world\/lex\/wp-content\/uploads\/Hochzeit_Birgit_Lex4.jpg\",\"width\":798,\"height\":1200},{\"@type\":\"BreadcrumbList\",\"@id\":\"https:\/\/www.robe.world\/lex\/hochzeit\/#breadcrumb\",\"itemListElement\":[{\"@type\":\"ListItem\",\"position\":1,\"name\":\"Home\",\"item\":\"https:\/\/www.robe.world\/lex\/\"},{\"@type\":\"ListItem\",\"position\":2,\"name\":\"Hochzeit Birgit &#038; Lex\"}]},{\"@type\":\"WebSite\",\"@id\":\"https:\/\/www.robe.world\/lex\/#website\",\"url\":\"https:\/\/www.robe.world\/lex\/\",\"name\":\"Alexander Rob\u00e9\",\"description\":\"blogging since 1997\",\"potentialAction\":[{\"@type\":\"SearchAction\",\"target\":{\"@type\":\"EntryPoint\",\"urlTemplate\":\"https:\/\/www.robe.world\/lex\/?s={search_term_string}\"},\"query-input\":{\"@type\":\"PropertyValueSpecification\",\"valueRequired\":true,\"valueName\":\"search_term_string\"}}],\"inLanguage\":\"de\"}]}<\/script>\n<!-- \/ Yoast SEO plugin. -->","yoast_head_json":{"title":"Hochzeit Birgit & Lex - Alexander Rob\u00e9","robots":{"index":"index","follow":"follow","max-snippet":"max-snippet:-1","max-image-preview":"max-image-preview:large","max-video-preview":"max-video-preview:-1"},"canonical":"https:\/\/www.robe.world\/lex\/hochzeit\/","og_locale":"de_DE","og_type":"article","og_title":"Hochzeit Birgit & Lex - Alexander Rob\u00e9","og_url":"https:\/\/www.robe.world\/lex\/hochzeit\/","og_site_name":"Alexander Rob\u00e9","article_publisher":"https:\/\/www.facebook.com\/lexrobe","article_modified_time":"2018-10-10T03:50:27+00:00","og_image":[{"url":"http:\/\/www.robe.world\/lex\/wp-content\/uploads\/Hochzeit_Birgit_Lex4-199x300.jpg","type":"","width":"","height":""}],"twitter_misc":{"Gesch\u00e4tzte Lesezeit":"2\u00a0Minuten"},"schema":{"@context":"https:\/\/schema.org","@graph":[{"@type":"WebPage","@id":"https:\/\/www.robe.world\/lex\/hochzeit\/","url":"https:\/\/www.robe.world\/lex\/hochzeit\/","name":"Hochzeit Birgit & Lex - Alexander Rob\u00e9","isPartOf":{"@id":"https:\/\/www.robe.world\/lex\/#website"},"primaryImageOfPage":{"@id":"https:\/\/www.robe.world\/lex\/hochzeit\/#primaryimage"},"image":{"@id":"https:\/\/www.robe.world\/lex\/hochzeit\/#primaryimage"},"thumbnailUrl":"http:\/\/www.robe.world\/lex\/wp-content\/uploads\/Hochzeit_Birgit_Lex4-199x300.jpg","datePublished":"2013-10-12T21:53:08+00:00","dateModified":"2018-10-10T03:50:27+00:00","breadcrumb":{"@id":"https:\/\/www.robe.world\/lex\/hochzeit\/#breadcrumb"},"inLanguage":"de","potentialAction":[{"@type":"ReadAction","target":["https:\/\/www.robe.world\/lex\/hochzeit\/"]}]},{"@type":"ImageObject","inLanguage":"de","@id":"https:\/\/www.robe.world\/lex\/hochzeit\/#primaryimage","url":"https:\/\/www.robe.world\/lex\/wp-content\/uploads\/Hochzeit_Birgit_Lex4.jpg","contentUrl":"https:\/\/www.robe.world\/lex\/wp-content\/uploads\/Hochzeit_Birgit_Lex4.jpg","width":798,"height":1200},{"@type":"BreadcrumbList","@id":"https:\/\/www.robe.world\/lex\/hochzeit\/#breadcrumb","itemListElement":[{"@type":"ListItem","position":1,"name":"Home","item":"https:\/\/www.robe.world\/lex\/"},{"@type":"ListItem","position":2,"name":"Hochzeit Birgit &#038; Lex"}]},{"@type":"WebSite","@id":"https:\/\/www.robe.world\/lex\/#website","url":"https:\/\/www.robe.world\/lex\/","name":"Alexander Rob\u00e9","description":"blogging since 1997","potentialAction":[{"@type":"SearchAction","target":{"@type":"EntryPoint","urlTemplate":"https:\/\/www.robe.world\/lex\/?s={search_term_string}"},"query-input":{"@type":"PropertyValueSpecification","valueRequired":true,"valueName":"search_term_string"}}],"inLanguage":"de"}]}},"_links":{"self":[{"href":"https:\/\/www.robe.world\/lex\/wp-json\/wp\/v2\/pages\/4598","targetHints":{"allow":["GET"]}}],"collection":[{"href":"https:\/\/www.robe.world\/lex\/wp-json\/wp\/v2\/pages"}],"about":[{"href":"https:\/\/www.robe.world\/lex\/wp-json\/wp\/v2\/types\/page"}],"author":[{"embeddable":true,"href":"https:\/\/www.robe.world\/lex\/wp-json\/wp\/v2\/users\/1"}],"replies":[{"embeddable":true,"href":"https:\/\/www.robe.world\/lex\/wp-json\/wp\/v2\/comments?post=4598"}],"version-history":[{"count":31,"href":"https:\/\/www.robe.world\/lex\/wp-json\/wp\/v2\/pages\/4598\/revisions"}],"predecessor-version":[{"id":6330,"href":"https:\/\/www.robe.world\/lex\/wp-json\/wp\/v2\/pages\/4598\/revisions\/6330"}],"wp:attachment":[{"href":"https:\/\/www.robe.world\/lex\/wp-json\/wp\/v2\/media?parent=4598"}],"curies":[{"name":"wp","href":"https:\/\/api.w.org\/{rel}","templated":true}]}}