{"id":4148,"date":"2013-10-06T17:36:47","date_gmt":"2013-10-06T15:36:47","guid":{"rendered":"http:\/\/www.robe.world\/lex\/?page_id=4148"},"modified":"2018-10-10T05:50:30","modified_gmt":"2018-10-10T03:50:30","slug":"freizeit","status":"publish","type":"page","link":"https:\/\/www.robe.world\/lex\/freizeit\/","title":{"rendered":"Freizeit"},"content":{"rendered":"<p align=\"justify\">Je nach Zeit, Wetter und Laune liebe ich es outdoor meinen Hobbies nachzugehen. Nachdem der Job in meinem Leben ohnehin viel Zeit einnimmt, is es grad recht die Freizeit mit ein bisserl Sport zu vers\u00fc\u00dfen. Daher stammen aus diesem Themengebiet auch die meisten Sections (i luv paragliding!).<\/p>\n<p>Naturgem\u00e4\u00df herrscht in \u00d6sterreich (viel zu) oft Schlechtwetter, wo ich meine Zeit dann entweder im Fitness-Studio, mit Fotografie &amp; <a href=\"https:\/\/vimeo.com\/lexrobe\" target=\"_blank\" rel=\"noopener\">Videoschnitt<\/a>, Blogging oder doch mal beim Relaxen verbringe  <img src='https:\/\/www.robe.world\/lex\/wp-content\/plugins\/wp-monalisa\/icons\/icon_mrgreen.gif' alt=':icon_mrgreen' width='15' height='15' class='wpml_ico' \/> <\/p>\n<p><center>Meine absolute Lieblingsbesch\u00e4ftigung &#8211; nicht nur wenn\u00b4s das Wetter zul\u00e4sst: <strong><a href=\"http:\/\/xalps.com\/lex\" target=\"_blank\" rel=\"noopener\">PARAGLEITEN<\/a><\/strong><br \/>\n<a href=\"http:\/\/xalps.com\/lex\" target=\"_blank\" rel=\"noopener\"><img decoding=\"async\" src=\"http:\/\/lex.robe.world\/images\/para_site-Neu.jpg\" alt=\"\" width=\"600\" height=\"403\" align=\"middle\" border=\"0\" \/><\/a><\/center>Die gesamte Paragliding-Section hab ich im Okt 12 komplett neu \u00fcbearbeitet und stellt nun ganz das Flug-Erlebnis in den Vordergrund &#8211; in Wort, Bild und Ton&#8230;<br \/>\n<strong><div class=\"fusion-fullwidth fullwidth-box fusion-builder-row-1 hundred-percent-fullwidth non-hundred-percent-height-scrolling\" style=\"--awb-border-radius-top-left:0px;--awb-border-radius-top-right:0px;--awb-border-radius-bottom-right:0px;--awb-border-radius-bottom-left:0px;--awb-overflow:visible;--awb-flex-wrap:wrap;\" ><div class=\"fusion-builder-row fusion-row\"><div class=\"fusion-layout-column fusion_builder_column fusion-builder-column-0 fusion_builder_column_1_1 1_1 fusion-one-full fusion-column-first fusion-column-last fusion-column-no-min-height\" style=\"--awb-bg-size:cover;--awb-margin-bottom:0px;\"><div class=\"fusion-column-wrapper fusion-flex-column-wrapper-legacy\"><div class=\"fusion-title title fusion-title-1 fusion-title-text fusion-title-size-two\"><h2 class=\"fusion-title-heading title-heading-left\" style=\"margin:0;\"><\/strong><strong>CHRONIK:<\/strong><\/h2><span class=\"awb-title-spacer\"><\/span><div class=\"title-sep-container\"><div class=\"title-sep sep-double sep-solid\" style=\"border-color:#3e3e3e;\"><\/div><\/div><\/div>\n&#8230;aus Zeiten, in denen ich noch viieeel meehr Zeit hatte :survived<\/p>\n<table border=\"0\" width=\"699\" cellspacing=\"2\" cellpadding=\"2\" align=\"center\">\n<tbody>\n<tr>\n<td align=\"right\" valign=\"top\" height=\"234\">\n<h4><a title=\"Powerkiting\" href=\"http:\/\/www.robe.world\/lex\/freizeit\/powerkiting\/\" target=\"_blank\" rel=\"noopener\">Power-Kiting:<\/a><\/h4>\n<\/td>\n<td valign=\"top\" height=\"234\">\n<p align=\"left\"><a title=\"Powerkiting\" href=\"http:\/\/www.robe.world\/lex\/freizeit\/powerkiting\/\" target=\"_blank\" rel=\"noopener\"><img decoding=\"async\" src=\"http:\/\/lex.robe.world\/images\/kites_fly2.jpg\" alt=\"\" width=\"180\" height=\"230\" border=\"0\" \/><\/a><\/p>\n<\/td>\n<td align=\"right\" valign=\"top\" height=\"234\">\n<h4><a title=\"Eishockey\" href=\"http:\/\/www.robe.world\/lex\/freizeit\/eishockey\/\" target=\"_blank\" rel=\"noopener\">Eis- &amp; Inline-Hockey:<\/a><\/h4>\n<\/td>\n<td align=\"left\" valign=\"top\" height=\"234\"><span style=\"font-family: Arial;\"><a href=\"http:\/\/www.robe.world\/lex\/freizeit\/eishockey\/\" target=\"_blank\" rel=\"noopener\"><img decoding=\"async\" src=\"http:\/\/lex.robe.world\/images\/hockey\/kader\/lex_p1.JPG\" alt=\"\" width=\"149\" height=\"219\" border=\"0\" \/><\/a><br \/>\n<\/span><\/td>\n<\/tr>\n<tr>\n<td align=\"right\" valign=\"top\" height=\"236\">\n<h4 align=\"right\"><a title=\"LAN-Parties\" href=\"http:\/\/www.robe.world\/lex\/freizeit\/ccl-computer-club-liezen\/lan-parties\/\" target=\"_blank\" rel=\"noopener\">LAN-Parties:<\/a><\/h4>\n<\/td>\n<td valign=\"top\" height=\"236\">\n<p align=\"left\"><a href=\"http:\/\/www.robe.world\/lex\/freizeit\/ccl-computer-club-liezen\/lan-parties\/\" target=\"_blank\" rel=\"noopener\"><img decoding=\"async\" src=\"http:\/\/lex.robe.world\/images\/lan\/lanlogo_neu.jpg\" alt=\"\" width=\"187\" height=\"220\" border=\"0\" \/><\/a><\/p>\n<\/td>\n<td align=\"right\" valign=\"top\" height=\"236\">\n<h4><a title=\"Formel 1-Spiele am PC\" href=\"http:\/\/www.robe.world\/lex\/freizeit\/ccl-computer-club-liezen\/formel-1-spiele-am-pc\/\" target=\"_blank\" rel=\"noopener\">Formel 1<span style=\"font-family: Arial;\">:<\/span><\/a><\/h4>\n<\/td>\n<td align=\"left\" valign=\"top\" height=\"236\"><a href=\"http:\/\/www.robe.world\/lex\/freizeit\/ccl-computer-club-liezen\/formel-1-spiele-am-pc\/\" target=\"_blank\" rel=\"noopener\"><span style=\"font-family: Arial;\"><img decoding=\"async\" src=\"http:\/\/lex.robe.world\/images\/f1.jpg\" alt=\"\" width=\"143\" height=\"208\" border=\"0\" \/><\/span><\/a><\/td>\n<\/tr>\n<tr>\n<td align=\"right\" valign=\"top\" height=\"155\">\n<h4><a title=\"Reisen\" href=\"http:\/\/www.robe.world\/lex\/reisen\/\" target=\"_blank\" rel=\"noopener\">Travelling:<\/a><\/h4>\n<\/td>\n<td valign=\"top\" height=\"155\">\n<p align=\"center\"><a href=\"http:\/\/www.robe.world\/lex\/reisen\/\" target=\"_blank\" rel=\"noopener\"><span style=\"font-family: Arial;\"><img decoding=\"async\" src=\"http:\/\/lex.robe.world\/images\/namibia\/thumbs\/duene1.jpg\" alt=\"\" width=\"200\" height=\"132\" border=\"0\" \/><\/span><\/a><\/p>\n<\/td>\n<td align=\"right\" valign=\"top\" height=\"203\">\n<h4><a title=\"Inline Skating\" href=\"http:\/\/www.robe.world\/lex\/freizeit\/inline-hockey\/inline-skating\/\" target=\"_blank\" rel=\"noopener\">InlineSkaten:<\/a><\/h4>\n<\/td>\n<td align=\"left\" valign=\"top\" height=\"212\"><a href=\"http:\/\/www.robe.world\/lex\/freizeit\/inline-hockey\/inline-skating\/\" target=\"_blank\" rel=\"noopener\"><span style=\"font-family: Arial;\"><img decoding=\"async\" src=\"http:\/\/lex.robe.world\/images\/inline\/thumbs\/jumpsuper.jpg\" alt=\"\" width=\"140\" height=\"208\" border=\"0\" \/><\/span><\/a><\/td>\n<\/tr>\n<\/tbody>\n<\/table>\n<div class=\"fusion-clearfix\"><\/div><\/div><\/div><\/div><\/div>\n","protected":false},"excerpt":{"rendered":"<p>Je nach Zeit, Wetter und Laune liebe ich es outdoor meinen Hobbies nachzugehen. Nachdem der Job in meinem Leben ohnehin viel Zeit einnimmt, is es grad recht die Freizeit mit ein bisserl Sport zu vers\u00fc\u00dfen. Daher stammen aus diesem Themengebiet auch die meisten Sections (i luv paragliding!). Naturgem\u00e4\u00df herrscht in \u00d6sterreich (viel zu) oft Schlechtwetter, wo ich meine Zeit dann entweder im Fitness-Studio, mit Fotografie &amp; Videoschnitt, Blogging oder doch mal beim Relaxen verbringe Meine absolute Lieblingsbesch\u00e4ftigung &#8211; nicht nur wenn\u00b4s das Wetter zul\u00e4sst: PARAGLEITEN Die gesamte Paragliding-Section hab ich<\/p>\n","protected":false},"author":1,"featured_media":0,"parent":0,"menu_order":27,"comment_status":"closed","ping_status":"open","template":"","meta":{"footnotes":""},"class_list":["post-4148","page","type-page","status-publish","hentry"],"yoast_head":"<!-- This site is optimized with the Yoast SEO plugin v26.4 - https:\/\/yoast.com\/wordpress\/plugins\/seo\/ -->\n<title>Freizeit - Alexander Rob\u00e9<\/title>\n<meta name=\"robots\" content=\"index, follow, max-snippet:-1, max-image-preview:large, max-video-preview:-1\" \/>\n<link rel=\"canonical\" href=\"https:\/\/www.robe.world\/lex\/freizeit\/\" \/>\n<meta property=\"og:locale\" content=\"de_DE\" \/>\n<meta property=\"og:type\" content=\"article\" \/>\n<meta property=\"og:title\" content=\"Freizeit - Alexander Rob\u00e9\" \/>\n<meta property=\"og:description\" content=\"Je nach Zeit, Wetter und Laune liebe ich es outdoor meinen Hobbies nachzugehen. Nachdem der Job in meinem Leben ohnehin viel Zeit einnimmt, is es grad recht die Freizeit mit ein bisserl Sport zu vers\u00fc\u00dfen. Daher stammen aus diesem Themengebiet auch die meisten Sections (i luv paragliding!). Naturgem\u00e4\u00df herrscht in \u00d6sterreich (viel zu) oft Schlechtwetter, wo ich meine Zeit dann entweder im Fitness-Studio, mit Fotografie &amp; Videoschnitt, Blogging oder doch mal beim Relaxen verbringe Meine absolute Lieblingsbesch\u00e4ftigung &#8211; nicht nur wenn\u00b4s das Wetter zul\u00e4sst: PARAGLEITEN Die gesamte Paragliding-Section hab ich\" \/>\n<meta property=\"og:url\" content=\"https:\/\/www.robe.world\/lex\/freizeit\/\" \/>\n<meta property=\"og:site_name\" content=\"Alexander Rob\u00e9\" \/>\n<meta property=\"article:publisher\" content=\"https:\/\/www.facebook.com\/lexrobe\" \/>\n<meta property=\"article:modified_time\" content=\"2018-10-10T03:50:30+00:00\" \/>\n<meta property=\"og:image\" content=\"http:\/\/lex.robe.world\/images\/para_site-Neu.jpg\" \/>\n<meta name=\"twitter:label1\" content=\"Gesch\u00e4tzte Lesezeit\" \/>\n\t<meta name=\"twitter:data1\" content=\"1\u00a0Minute\" \/>\n<script type=\"application\/ld+json\" class=\"yoast-schema-graph\">{\"@context\":\"https:\/\/schema.org\",\"@graph\":[{\"@type\":\"WebPage\",\"@id\":\"https:\/\/www.robe.world\/lex\/freizeit\/\",\"url\":\"https:\/\/www.robe.world\/lex\/freizeit\/\",\"name\":\"Freizeit - Alexander Rob\u00e9\",\"isPartOf\":{\"@id\":\"https:\/\/www.robe.world\/lex\/#website\"},\"primaryImageOfPage\":{\"@id\":\"https:\/\/www.robe.world\/lex\/freizeit\/#primaryimage\"},\"image\":{\"@id\":\"https:\/\/www.robe.world\/lex\/freizeit\/#primaryimage\"},\"thumbnailUrl\":\"http:\/\/lex.robe.world\/images\/para_site-Neu.jpg\",\"datePublished\":\"2013-10-06T15:36:47+00:00\",\"dateModified\":\"2018-10-10T03:50:30+00:00\",\"breadcrumb\":{\"@id\":\"https:\/\/www.robe.world\/lex\/freizeit\/#breadcrumb\"},\"inLanguage\":\"de\",\"potentialAction\":[{\"@type\":\"ReadAction\",\"target\":[\"https:\/\/www.robe.world\/lex\/freizeit\/\"]}]},{\"@type\":\"ImageObject\",\"inLanguage\":\"de\",\"@id\":\"https:\/\/www.robe.world\/lex\/freizeit\/#primaryimage\",\"url\":\"http:\/\/lex.robe.world\/images\/para_site-Neu.jpg\",\"contentUrl\":\"http:\/\/lex.robe.world\/images\/para_site-Neu.jpg\"},{\"@type\":\"BreadcrumbList\",\"@id\":\"https:\/\/www.robe.world\/lex\/freizeit\/#breadcrumb\",\"itemListElement\":[{\"@type\":\"ListItem\",\"position\":1,\"name\":\"Home\",\"item\":\"https:\/\/www.robe.world\/lex\/\"},{\"@type\":\"ListItem\",\"position\":2,\"name\":\"Freizeit\"}]},{\"@type\":\"WebSite\",\"@id\":\"https:\/\/www.robe.world\/lex\/#website\",\"url\":\"https:\/\/www.robe.world\/lex\/\",\"name\":\"Alexander Rob\u00e9\",\"description\":\"blogging since 1997\",\"potentialAction\":[{\"@type\":\"SearchAction\",\"target\":{\"@type\":\"EntryPoint\",\"urlTemplate\":\"https:\/\/www.robe.world\/lex\/?s={search_term_string}\"},\"query-input\":{\"@type\":\"PropertyValueSpecification\",\"valueRequired\":true,\"valueName\":\"search_term_string\"}}],\"inLanguage\":\"de\"}]}<\/script>\n<!-- \/ Yoast SEO plugin. -->","yoast_head_json":{"title":"Freizeit - Alexander Rob\u00e9","robots":{"index":"index","follow":"follow","max-snippet":"max-snippet:-1","max-image-preview":"max-image-preview:large","max-video-preview":"max-video-preview:-1"},"canonical":"https:\/\/www.robe.world\/lex\/freizeit\/","og_locale":"de_DE","og_type":"article","og_title":"Freizeit - Alexander Rob\u00e9","og_description":"Je nach Zeit, Wetter und Laune liebe ich es outdoor meinen Hobbies nachzugehen. Nachdem der Job in meinem Leben ohnehin viel Zeit einnimmt, is es grad recht die Freizeit mit ein bisserl Sport zu vers\u00fc\u00dfen. Daher stammen aus diesem Themengebiet auch die meisten Sections (i luv paragliding!). Naturgem\u00e4\u00df herrscht in \u00d6sterreich (viel zu) oft Schlechtwetter, wo ich meine Zeit dann entweder im Fitness-Studio, mit Fotografie &amp; Videoschnitt, Blogging oder doch mal beim Relaxen verbringe Meine absolute Lieblingsbesch\u00e4ftigung &#8211; nicht nur wenn\u00b4s das Wetter zul\u00e4sst: PARAGLEITEN Die gesamte Paragliding-Section hab ich","og_url":"https:\/\/www.robe.world\/lex\/freizeit\/","og_site_name":"Alexander Rob\u00e9","article_publisher":"https:\/\/www.facebook.com\/lexrobe","article_modified_time":"2018-10-10T03:50:30+00:00","og_image":[{"url":"http:\/\/lex.robe.world\/images\/para_site-Neu.jpg","type":"","width":"","height":""}],"twitter_misc":{"Gesch\u00e4tzte Lesezeit":"1\u00a0Minute"},"schema":{"@context":"https:\/\/schema.org","@graph":[{"@type":"WebPage","@id":"https:\/\/www.robe.world\/lex\/freizeit\/","url":"https:\/\/www.robe.world\/lex\/freizeit\/","name":"Freizeit - Alexander Rob\u00e9","isPartOf":{"@id":"https:\/\/www.robe.world\/lex\/#website"},"primaryImageOfPage":{"@id":"https:\/\/www.robe.world\/lex\/freizeit\/#primaryimage"},"image":{"@id":"https:\/\/www.robe.world\/lex\/freizeit\/#primaryimage"},"thumbnailUrl":"http:\/\/lex.robe.world\/images\/para_site-Neu.jpg","datePublished":"2013-10-06T15:36:47+00:00","dateModified":"2018-10-10T03:50:30+00:00","breadcrumb":{"@id":"https:\/\/www.robe.world\/lex\/freizeit\/#breadcrumb"},"inLanguage":"de","potentialAction":[{"@type":"ReadAction","target":["https:\/\/www.robe.world\/lex\/freizeit\/"]}]},{"@type":"ImageObject","inLanguage":"de","@id":"https:\/\/www.robe.world\/lex\/freizeit\/#primaryimage","url":"http:\/\/lex.robe.world\/images\/para_site-Neu.jpg","contentUrl":"http:\/\/lex.robe.world\/images\/para_site-Neu.jpg"},{"@type":"BreadcrumbList","@id":"https:\/\/www.robe.world\/lex\/freizeit\/#breadcrumb","itemListElement":[{"@type":"ListItem","position":1,"name":"Home","item":"https:\/\/www.robe.world\/lex\/"},{"@type":"ListItem","position":2,"name":"Freizeit"}]},{"@type":"WebSite","@id":"https:\/\/www.robe.world\/lex\/#website","url":"https:\/\/www.robe.world\/lex\/","name":"Alexander Rob\u00e9","description":"blogging since 1997","potentialAction":[{"@type":"SearchAction","target":{"@type":"EntryPoint","urlTemplate":"https:\/\/www.robe.world\/lex\/?s={search_term_string}"},"query-input":{"@type":"PropertyValueSpecification","valueRequired":true,"valueName":"search_term_string"}}],"inLanguage":"de"}]}},"_links":{"self":[{"href":"https:\/\/www.robe.world\/lex\/wp-json\/wp\/v2\/pages\/4148","targetHints":{"allow":["GET"]}}],"collection":[{"href":"https:\/\/www.robe.world\/lex\/wp-json\/wp\/v2\/pages"}],"about":[{"href":"https:\/\/www.robe.world\/lex\/wp-json\/wp\/v2\/types\/page"}],"author":[{"embeddable":true,"href":"https:\/\/www.robe.world\/lex\/wp-json\/wp\/v2\/users\/1"}],"replies":[{"embeddable":true,"href":"https:\/\/www.robe.world\/lex\/wp-json\/wp\/v2\/comments?post=4148"}],"version-history":[{"count":13,"href":"https:\/\/www.robe.world\/lex\/wp-json\/wp\/v2\/pages\/4148\/revisions"}],"predecessor-version":[{"id":6307,"href":"https:\/\/www.robe.world\/lex\/wp-json\/wp\/v2\/pages\/4148\/revisions\/6307"}],"wp:attachment":[{"href":"https:\/\/www.robe.world\/lex\/wp-json\/wp\/v2\/media?parent=4148"}],"curies":[{"name":"wp","href":"https:\/\/api.w.org\/{rel}","templated":true}]}}