{"id":4146,"date":"2013-10-06T17:20:26","date_gmt":"2013-10-06T15:20:26","guid":{"rendered":"http:\/\/www.robe.world\/lex\/?page_id=4146"},"modified":"2018-10-10T05:50:30","modified_gmt":"2018-10-10T03:50:30","slug":"links","status":"publish","type":"page","link":"https:\/\/www.robe.world\/lex\/links\/","title":{"rendered":"Links"},"content":{"rendered":"<div class=\"fusion-fullwidth fullwidth-box fusion-builder-row-1 hundred-percent-fullwidth non-hundred-percent-height-scrolling\" style=\"--awb-border-radius-top-left:0px;--awb-border-radius-top-right:0px;--awb-border-radius-bottom-right:0px;--awb-border-radius-bottom-left:0px;--awb-overflow:visible;--awb-flex-wrap:wrap;\" ><div class=\"fusion-builder-row fusion-row\"><div class=\"fusion-layout-column fusion_builder_column fusion-builder-column-0 fusion_builder_column_1_1 1_1 fusion-one-full fusion-column-first fusion-column-last fusion-column-no-min-height\" style=\"--awb-bg-size:cover;--awb-margin-bottom:0px;\"><div class=\"fusion-column-wrapper fusion-flex-column-wrapper-legacy\"><div class=\"fusion-title title fusion-title-1 fusion-title-text fusion-title-size-two\"><h2 class=\"fusion-title-heading title-heading-left\" style=\"margin:0;\">Der Innere Kreis<\/h2><span class=\"awb-title-spacer\"><\/span><div class=\"title-sep-container\"><div class=\"title-sep sep-double sep-solid\" style=\"border-color:#3e3e3e;\"><\/div><\/div><\/div><div class=\"fusion-clearfix\"><\/div><\/div><\/div><div class=\"fusion-layout-column fusion_builder_column fusion-builder-column-1 fusion_builder_column_1_2 1_2 fusion-one-half fusion-column-first\" style=\"--awb-bg-size:cover;width:50%;width:calc(50% - ( ( 4% ) * 0.5 ) );margin-right: 4%;\"><div class=\"fusion-column-wrapper fusion-flex-column-wrapper-legacy\">\n<div class=\"fusion-person person fusion-person-left fusion-person-1 fusion-person-icon-top\" style=\"--awb-pic-style-color:#000000;--awb-pic-borderradius:0px;--awb-margin-top:0px;--awb-margin-right:0px;--awb-margin-bottom:0px;--awb-margin-left:0px;--awb-social-box-border-top:0px;--awb-social-box-border-right:0px;--awb-social-box-border-bottom:0px;--awb-social-box-border-left:0px;--awb-social-box-border-color:var(--awb-color3);--awb-social-box-border-color-hover:var(--awb-color4);--awb-social-box-colors-hover:rgba(232,232,232,0.8);--awb-social-icon-boxed-colors:#e8e8e8;--awb-social-icon-colors:#bebdbd;--awb-social-icon-colors-hover:rgba(190,189,189,0.8);\"><div class=\"person-shortcode-image-wrapper\"><div class=\"person-image-container hover-type-none\" style=\"border:0px solid #f6f6f6;-webkit-border-radius:0px;-moz-border-radius:0px;border-radius:0px;\"><img decoding=\"async\" class=\"person-img img-responsive\" src=\"http:\/\/www.robe.world\/lex\/wp-content\/uploads\/logoLex_wings2_580.png\" alt=\"meine Paragliding Homebase\" \/><\/div><\/div><div class=\"person-desc\"><div class=\"person-author\"><div class=\"person-author-wrapper\"><span class=\"person-name\">meine Paragliding Homebase<\/span><span class=\"person-title\">Flugmemoiren in Wort und Bild<\/span><\/div><div class=\"fusion-social-networks\"><div class=\"fusion-social-networks-wrapper\"><a class=\"fusion-social-network-icon fusion-tooltip fusion-dribbble awb-icon-dribbble custom\" aria-label=\"fusion-dribbble\" href=\"http:\/\/lex.xalps.com\" target=\"_blank\" rel=\"noopener noreferrer\" style=\"color:#bebdbd;font-size:16px;\" data-placement=\"top\" data-title=\"Dribbble\" title=\"Dribbble\" data-toggle=\"tooltip\"><\/a><a class=\"fusion-social-network-icon fusion-tooltip fusion-mail awb-icon-mail custom\" aria-label=\"fusion-mail\" href=\"mailto:lex&#064;xa&#108;&#112;s.&#099;o&#109;\" target=\"_self\" style=\"color:#bebdbd;font-size:16px;\" data-placement=\"top\" data-title=\"Mail\" title=\"Mail\" data-toggle=\"tooltip\"><\/a><\/div><\/div><\/div><div class=\"person-content fusion-clearfix\">Meiner Leidenschaft Nr. 1, dem lautlosen Schweben durch die L\u00fcfte, wird hier in allen Facetten Rechnung getragen: Von Foto-Stories besonderer Fl\u00fcge, \u00fcber Videos bis hin zu Gleitschirm-Rezensionen findet die interessierte Fliegerseele eine ausgedehnte Spielwiese zu diesem wahrlich erhebenden Sport.. Ideal, falls es mal grad eben nicht zum &#8222;Selber-Fliegen&#8220; geht&#8230; \ud83d\ude42<\/div><\/div><\/div><div class=\"fusion-clearfix\"><\/div><\/div><\/div>\n<div class=\"fusion-layout-column fusion_builder_column fusion-builder-column-2 fusion_builder_column_1_2 1_2 fusion-one-half fusion-column-last\" style=\"--awb-bg-size:cover;width:50%;width:calc(50% - ( ( 4% ) * 0.5 ) );\"><div class=\"fusion-column-wrapper fusion-flex-column-wrapper-legacy\"><div class=\"fusion-person person fusion-person-left fusion-person-2 fusion-person-icon-top\" style=\"--awb-pic-style-color:#000000;--awb-pic-borderradius:0px;--awb-margin-top:0px;--awb-margin-right:0px;--awb-margin-bottom:0px;--awb-margin-left:0px;--awb-social-box-border-top:0px;--awb-social-box-border-right:0px;--awb-social-box-border-bottom:0px;--awb-social-box-border-left:0px;--awb-social-box-border-color:var(--awb-color3);--awb-social-box-border-color-hover:var(--awb-color4);--awb-social-box-colors-hover:rgba(232,232,232,0.8);--awb-social-icon-boxed-colors:#e8e8e8;--awb-social-icon-colors:#bebdbd;--awb-social-icon-colors-hover:rgba(190,189,189,0.8);\"><div class=\"person-shortcode-image-wrapper\"><div class=\"person-image-container hover-type-none\" style=\"border:0px solid #f6f6f6;-webkit-border-radius:0px;-moz-border-radius:0px;border-radius:0px;\"><img decoding=\"async\" class=\"person-img img-responsive\" src=\"http:\/\/www.robe.world\/lex\/wp-content\/uploads\/LillyRob\u00e9_Blog2.jpg\" alt=\"Lilly Rob\u00e9\" \/><\/div><\/div><div class=\"person-desc\"><div class=\"person-author\"><div class=\"person-author-wrapper\"><span class=\"person-name\">Lilly Rob\u00e9<\/span><span class=\"person-title\">Blog vom T\u00f6chterchen<\/span><\/div><div class=\"fusion-social-networks\"><div class=\"fusion-social-networks-wrapper\"><a class=\"fusion-social-network-icon fusion-tooltip fusion-dribbble awb-icon-dribbble custom\" aria-label=\"fusion-dribbble\" href=\"http:\/\/lilly.robe.world\" target=\"_blank\" rel=\"noopener noreferrer\" style=\"color:#bebdbd;font-size:16px;\" data-placement=\"top\" data-title=\"Dribbble\" title=\"Dribbble\" data-toggle=\"tooltip\"><\/a><\/div><\/div><\/div><div class=\"person-content fusion-clearfix\">Gro\u00df ist nicht nur die junge Dame, sonder auch die Schritte ihrer Entwicklung. Ein kleines Online-Tagbuch der LillEvolution, von dem wir viele geniale Highlights auch f\u00fcr Nicht-Familienmitglieder freigeschalten haben&#8230;<\/div><\/div><\/div><div class=\"fusion-clearfix\"><\/div><\/div><\/div>\n<div class=\"fusion-layout-column fusion_builder_column fusion-builder-column-3 fusion_builder_column_1_1 1_1 fusion-one-full fusion-column-first fusion-column-last fusion-column-no-min-height\" style=\"--awb-bg-size:cover;--awb-margin-bottom:0px;\"><div class=\"fusion-column-wrapper fusion-flex-column-wrapper-legacy\"><div class=\"fusion-title title fusion-title-2 fusion-title-text fusion-title-size-two\"><h2 class=\"fusion-title-heading title-heading-left\" style=\"margin:0;\">Freunde<\/h2><span class=\"awb-title-spacer\"><\/span><div class=\"title-sep-container\"><div class=\"title-sep sep-double sep-solid\" style=\"border-color:#3e3e3e;\"><\/div><\/div><\/div>\n<div class=\"fusion-clearfix\"><\/div><\/div><\/div><div class=\"fusion-layout-column fusion_builder_column fusion-builder-column-4 fusion_builder_column_1_2 1_2 fusion-one-half fusion-column-first\" style=\"--awb-bg-size:cover;width:50%;width:calc(50% - ( ( 4% ) * 0.5 ) );margin-right: 4%;\"><div class=\"fusion-column-wrapper fusion-flex-column-wrapper-legacy\">\n<div class=\"fusion-person person fusion-person-left fusion-person-3 fusion-person-icon-top\" style=\"--awb-pic-style-color:#000000;--awb-pic-borderradius:0px;--awb-margin-top:0px;--awb-margin-right:0px;--awb-margin-bottom:0px;--awb-margin-left:0px;--awb-social-box-border-top:0px;--awb-social-box-border-right:0px;--awb-social-box-border-bottom:0px;--awb-social-box-border-left:0px;--awb-social-box-border-color:var(--awb-color3);--awb-social-box-border-color-hover:var(--awb-color4);--awb-social-box-colors-hover:rgba(232,232,232,0.8);--awb-social-icon-boxed-colors:#e8e8e8;--awb-social-icon-colors:#bebdbd;--awb-social-icon-colors-hover:rgba(190,189,189,0.8);\"><div class=\"person-shortcode-image-wrapper\"><div class=\"person-image-container hover-type-none\" style=\"border:0px solid #f6f6f6;-webkit-border-radius:0px;-moz-border-radius:0px;border-radius:0px;\"><img decoding=\"async\" class=\"person-img img-responsive\" src=\"http:\/\/www.robe.world\/lex\/wp-content\/uploads\/fsv_bg_580.jpg\" alt=\"FSV-Bodenlos\" \/><\/div><\/div><div class=\"person-desc\"><div class=\"person-author\"><div class=\"person-author-wrapper\"><span class=\"person-name\">FSV-Bodenlos<\/span><span class=\"person-title\">mein Gleitschirm-Verein<\/span><\/div><div class=\"fusion-social-networks\"><div class=\"fusion-social-networks-wrapper\"><a class=\"fusion-social-network-icon fusion-tooltip fusion-dribbble awb-icon-dribbble custom\" aria-label=\"fusion-dribbble\" href=\"http:\/\/fsv-bodenlos.com\" target=\"_blank\" rel=\"noopener noreferrer\" style=\"color:#bebdbd;font-size:16px;\" data-placement=\"top\" data-title=\"Dribbble\" title=\"Dribbble\" data-toggle=\"tooltip\"><\/a><a class=\"fusion-social-network-icon fusion-tooltip fusion-mail awb-icon-mail custom\" aria-label=\"fusion-mail\" href=\"mailto:i&#110;f&#111;&#064;fs&#118;&#045;bodenl&#111;&#115;.com\" target=\"_self\" style=\"color:#bebdbd;font-size:16px;\" data-placement=\"top\" data-title=\"Mail\" title=\"Mail\" data-toggle=\"tooltip\"><\/a><\/div><\/div><\/div><div class=\"person-content fusion-clearfix\">Mein Gleitschirm-Adlerhorst seit 2008. Eine kleine handverlesene Truppe genau so Streckenflug-Infizierter wie ich. Credo: &#8222;<em>Klasse statt Masse&#8220;<\/em>: denn auch 2013 holten wir wieder den 3. Platz in der Streckenflug-Staatsmeisterschaft! \ud83d\ude42<\/div><\/div><\/div>\n<div class=\"fusion-clearfix\"><\/div><\/div><\/div>\n<div class=\"fusion-layout-column fusion_builder_column fusion-builder-column-5 fusion_builder_column_1_2 1_2 fusion-one-half fusion-column-last\" style=\"--awb-bg-size:cover;width:50%;width:calc(50% - ( ( 4% ) * 0.5 ) );\"><div class=\"fusion-column-wrapper fusion-flex-column-wrapper-legacy\">\n<div class=\"fusion-person person fusion-person-left fusion-person-4 fusion-person-icon-top\" style=\"--awb-pic-style-color:#000000;--awb-pic-borderradius:0px;--awb-margin-top:0px;--awb-margin-right:0px;--awb-margin-bottom:0px;--awb-margin-left:0px;--awb-social-box-border-top:0px;--awb-social-box-border-right:0px;--awb-social-box-border-bottom:0px;--awb-social-box-border-left:0px;--awb-social-box-border-color:var(--awb-color3);--awb-social-box-border-color-hover:var(--awb-color4);--awb-social-box-colors-hover:rgba(232,232,232,0.8);--awb-social-icon-boxed-colors:#e8e8e8;--awb-social-icon-colors:#bebdbd;--awb-social-icon-colors-hover:rgba(190,189,189,0.8);\"><div class=\"person-shortcode-image-wrapper\"><div class=\"person-image-container hover-type-none\" style=\"border:0px solid #f6f6f6;-webkit-border-radius:0px;-moz-border-radius:0px;border-radius:0px;\"><img decoding=\"async\" class=\"person-img img-responsive\" src=\"http:\/\/www.robe.world\/lex\/wp-content\/uploads\/Werner_580.jpg\" alt=\"Werner Luidolt\" \/><\/div><\/div><div class=\"person-desc\"><div class=\"person-author\"><div class=\"person-author-wrapper\"><span class=\"person-name\">Werner Luidolt<\/span><span class=\"person-title\">Fly for fun, the rest will come!<\/span><\/div><div class=\"fusion-social-networks\"><div class=\"fusion-social-networks-wrapper\"><a class=\"fusion-social-network-icon fusion-tooltip fusion-dribbble awb-icon-dribbble custom\" aria-label=\"fusion-dribbble\" href=\"http:\/\/wernerluidolt.com\" target=\"_blank\" rel=\"noopener noreferrer\" style=\"color:#bebdbd;font-size:16px;\" data-placement=\"top\" data-title=\"Dribbble\" title=\"Dribbble\" data-toggle=\"tooltip\"><\/a><a class=\"fusion-social-network-icon fusion-tooltip fusion-mail awb-icon-mail custom\" aria-label=\"fusion-mail\" href=\"mailto:&#119;&#101;&#114;&#110;e&#114;&#064;luid&#111;&#108;&#116;.c&#111;m\" target=\"_self\" style=\"color:#bebdbd;font-size:16px;\" data-placement=\"top\" data-title=\"Mail\" title=\"Mail\" data-toggle=\"tooltip\"><\/a><\/div><\/div><\/div><div class=\"person-content fusion-clearfix\">Passionierter Allesflieger aus meiner Nachbarschaft. Gemeinsam erobern wir vom Ennstal aus die Himmel dieser Erde&#8230;<\/div><\/div><\/div>\n<div class=\"fusion-clearfix\"><\/div><\/div><\/div>\n<div class=\"fusion-layout-column fusion_builder_column fusion-builder-column-6 fusion_builder_column_1_1 1_1 fusion-one-full fusion-column-first fusion-column-last fusion-column-no-min-height\" style=\"--awb-bg-size:cover;--awb-margin-bottom:0px;\"><div class=\"fusion-column-wrapper fusion-flex-column-wrapper-legacy\"><div class=\"fusion-title title fusion-title-3 fusion-title-text fusion-title-size-two\"><h2 class=\"fusion-title-heading title-heading-left\" style=\"margin:0;\">Kreativit\u00e4t<\/h2><span class=\"awb-title-spacer\"><\/span><div class=\"title-sep-container\"><div class=\"title-sep sep-double sep-solid\" style=\"border-color:#3e3e3e;\"><\/div><\/div><\/div>\n<div class=\"fusion-clearfix\"><\/div><\/div><\/div><div class=\"fusion-layout-column fusion_builder_column fusion-builder-column-7 fusion_builder_column_1_2 1_2 fusion-one-half fusion-column-first\" style=\"--awb-bg-size:cover;width:50%;width:calc(50% - ( ( 4% ) * 0.5 ) );margin-right: 4%;\"><div class=\"fusion-column-wrapper fusion-flex-column-wrapper-legacy\">\n<div class=\"fusion-person person fusion-person-left fusion-person-5 fusion-person-icon-top\" style=\"--awb-pic-style-color:#000000;--awb-pic-borderradius:0px;--awb-margin-top:0px;--awb-margin-right:0px;--awb-margin-bottom:0px;--awb-margin-left:0px;--awb-social-box-border-top:0px;--awb-social-box-border-right:0px;--awb-social-box-border-bottom:0px;--awb-social-box-border-left:0px;--awb-social-box-border-color:var(--awb-color3);--awb-social-box-border-color-hover:var(--awb-color4);--awb-social-box-colors-hover:rgba(232,232,232,0.8);--awb-social-icon-boxed-colors:#e8e8e8;--awb-social-icon-colors:#bebdbd;--awb-social-icon-colors-hover:rgba(190,189,189,0.8);\"><div class=\"person-shortcode-image-wrapper\"><div class=\"person-image-container hover-type-none\" style=\"border:0px solid #f6f6f6;-webkit-border-radius:0px;-moz-border-radius:0px;border-radius:0px;\"><img decoding=\"async\" class=\"person-img img-responsive\" src=\"http:\/\/www.robe.world\/lex\/wp-content\/uploads\/KreaTechniken.jpg\" alt=\"Denkstelle\" \/><\/div><\/div><div class=\"person-desc\"><div class=\"person-author\"><div class=\"person-author-wrapper\"><span class=\"person-name\">Denkstelle<\/span><span class=\"person-title\">Thinktank in Liezen<\/span><\/div><div class=\"fusion-social-networks\"><div class=\"fusion-social-networks-wrapper\"><a class=\"fusion-social-network-icon fusion-tooltip fusion-dribbble awb-icon-dribbble custom\" aria-label=\"fusion-dribbble\" href=\"http:\/\/www.denkstelle.eu\" target=\"_blank\" rel=\"noopener noreferrer\" style=\"color:#bebdbd;font-size:16px;\" data-placement=\"top\" data-title=\"Dribbble\" title=\"Dribbble\" data-toggle=\"tooltip\"><\/a><a class=\"fusion-social-network-icon fusion-tooltip fusion-mail awb-icon-mail custom\" aria-label=\"fusion-mail\" href=\"mailto:&#105;nfo&#064;de&#110;&#107;&#115;te&#108;&#108;&#101;&#046;e&#117;\" target=\"_self\" style=\"color:#bebdbd;font-size:16px;\" data-placement=\"top\" data-title=\"Mail\" title=\"Mail\" data-toggle=\"tooltip\"><\/a><\/div><\/div><\/div><div class=\"person-content fusion-clearfix\">Kreativit\u00e4tstechniken sind meine Leidenschaft. So richtig entfacht wurde diese durch einen Initialvortrag von Elke Bachler (KreaWerft) im Wirtschaftspark Liezen. Seither treffen wir uns (un)regelm\u00e4\u00dfig, um mittels unterschiedlichster Denkans\u00e4tze neue Impulse zu Aufgabenstellungen aus unserem regionalen Wirtschafts-Umfeld zu geben.<\/div><\/div><\/div>\n<div class=\"fusion-clearfix\"><\/div><\/div><\/div>\n<div class=\"fusion-layout-column fusion_builder_column fusion-builder-column-8 fusion_builder_column_1_2 1_2 fusion-one-half fusion-column-last\" style=\"--awb-bg-size:cover;width:50%;width:calc(50% - ( ( 4% ) * 0.5 ) );\"><div class=\"fusion-column-wrapper fusion-flex-column-wrapper-legacy\">\n<div class=\"fusion-person person fusion-person-left fusion-person-6 fusion-person-icon-top\" style=\"--awb-pic-style-color:#000000;--awb-pic-borderradius:0px;--awb-margin-top:0px;--awb-margin-right:0px;--awb-margin-bottom:0px;--awb-margin-left:0px;--awb-social-box-border-top:0px;--awb-social-box-border-right:0px;--awb-social-box-border-bottom:0px;--awb-social-box-border-left:0px;--awb-social-box-border-color:var(--awb-color3);--awb-social-box-border-color-hover:var(--awb-color4);--awb-social-box-colors-hover:rgba(232,232,232,0.8);--awb-social-icon-boxed-colors:#e8e8e8;--awb-social-icon-colors:#bebdbd;--awb-social-icon-colors-hover:rgba(190,189,189,0.8);\"><div class=\"person-shortcode-image-wrapper\"><div class=\"person-image-container hover-type-none\" style=\"border:0px solid #f6f6f6;-webkit-border-radius:0px;-moz-border-radius:0px;border-radius:0px;\"><img decoding=\"async\" class=\"person-img img-responsive\" src=\"http:\/\/www.robe.world\/lex\/wp-content\/uploads\/CreativeCow.jpg\" alt=\"Creative Cow!\" \/><\/div><\/div><div class=\"person-desc\"><div class=\"person-author\"><div class=\"person-author-wrapper\"><span class=\"person-name\">Creative Cow!<\/span><span class=\"person-title\">Super Lernressource f\u00fcr Video-Freaks<\/span><\/div><div class=\"fusion-social-networks\"><div class=\"fusion-social-networks-wrapper\"><a class=\"fusion-social-network-icon fusion-tooltip fusion-dribbble awb-icon-dribbble custom\" aria-label=\"fusion-dribbble\" href=\"http:\/\/creativecow.net\" target=\"_blank\" rel=\"noopener noreferrer\" style=\"color:#bebdbd;font-size:16px;\" data-placement=\"top\" data-title=\"Dribbble\" title=\"Dribbble\" data-toggle=\"tooltip\"><\/a><\/div><\/div><\/div><div class=\"person-content fusion-clearfix\">Wie unschwer auf der gesamten Site zu erkennen schneide ich sehr gerne kurzweilige Videos meiner Gleitschirm-AusFL\u00dcGE oder Familien-Urlaube. Die kreative Kuh unterst\u00fctzt hierbei mit umfssenden und professionellen Tipps und Vorlagen, die dem &#8222;Viditorium&#8220; gelegentlich den einen oder anderen Extra-L\u00e4chler ins Gesicht zaubern&#8230;<\/div><\/div><\/div>\n<div class=\"fusion-clearfix\"><\/div><\/div><\/div><\/div><\/div>\n","protected":false},"excerpt":{"rendered":"","protected":false},"author":1,"featured_media":0,"parent":0,"menu_order":66,"comment_status":"open","ping_status":"closed","template":"full-width.php","meta":{"footnotes":""},"class_list":["post-4146","page","type-page","status-publish","hentry"],"yoast_head":"<!-- This site is optimized with the Yoast SEO plugin v26.4 - https:\/\/yoast.com\/wordpress\/plugins\/seo\/ -->\n<title>Links - Alexander Rob\u00e9<\/title>\n<meta name=\"description\" content=\"Denkstelle, Luidolt, Bodenlos\" \/>\n<meta name=\"robots\" content=\"index, follow, max-snippet:-1, max-image-preview:large, max-video-preview:-1\" \/>\n<link rel=\"canonical\" href=\"https:\/\/www.robe.world\/lex\/links\/\" \/>\n<meta property=\"og:locale\" content=\"de_DE\" \/>\n<meta property=\"og:type\" content=\"article\" \/>\n<meta property=\"og:title\" content=\"Links - Alexander Rob\u00e9\" \/>\n<meta property=\"og:description\" content=\"Denkstelle, Luidolt, Bodenlos\" \/>\n<meta property=\"og:url\" content=\"https:\/\/www.robe.world\/lex\/links\/\" \/>\n<meta property=\"og:site_name\" content=\"Alexander Rob\u00e9\" \/>\n<meta property=\"article:publisher\" content=\"https:\/\/www.facebook.com\/lexrobe\" \/>\n<meta property=\"article:modified_time\" content=\"2018-10-10T03:50:30+00:00\" \/>\n<meta name=\"twitter:label1\" content=\"Gesch\u00e4tzte Lesezeit\" \/>\n\t<meta name=\"twitter:data1\" content=\"3\u00a0Minuten\" \/>\n<script type=\"application\/ld+json\" class=\"yoast-schema-graph\">{\"@context\":\"https:\/\/schema.org\",\"@graph\":[{\"@type\":\"WebPage\",\"@id\":\"https:\/\/www.robe.world\/lex\/links\/\",\"url\":\"https:\/\/www.robe.world\/lex\/links\/\",\"name\":\"Links - Alexander Rob\u00e9\",\"isPartOf\":{\"@id\":\"https:\/\/www.robe.world\/lex\/#website\"},\"datePublished\":\"2013-10-06T15:20:26+00:00\",\"dateModified\":\"2018-10-10T03:50:30+00:00\",\"description\":\"Denkstelle, Luidolt, Bodenlos\",\"breadcrumb\":{\"@id\":\"https:\/\/www.robe.world\/lex\/links\/#breadcrumb\"},\"inLanguage\":\"de\",\"potentialAction\":[{\"@type\":\"ReadAction\",\"target\":[\"https:\/\/www.robe.world\/lex\/links\/\"]}]},{\"@type\":\"BreadcrumbList\",\"@id\":\"https:\/\/www.robe.world\/lex\/links\/#breadcrumb\",\"itemListElement\":[{\"@type\":\"ListItem\",\"position\":1,\"name\":\"Home\",\"item\":\"https:\/\/www.robe.world\/lex\/\"},{\"@type\":\"ListItem\",\"position\":2,\"name\":\"Links\"}]},{\"@type\":\"WebSite\",\"@id\":\"https:\/\/www.robe.world\/lex\/#website\",\"url\":\"https:\/\/www.robe.world\/lex\/\",\"name\":\"Alexander Rob\u00e9\",\"description\":\"blogging since 1997\",\"potentialAction\":[{\"@type\":\"SearchAction\",\"target\":{\"@type\":\"EntryPoint\",\"urlTemplate\":\"https:\/\/www.robe.world\/lex\/?s={search_term_string}\"},\"query-input\":{\"@type\":\"PropertyValueSpecification\",\"valueRequired\":true,\"valueName\":\"search_term_string\"}}],\"inLanguage\":\"de\"}]}<\/script>\n<!-- \/ Yoast SEO plugin. -->","yoast_head_json":{"title":"Links - Alexander Rob\u00e9","description":"Denkstelle, Luidolt, Bodenlos","robots":{"index":"index","follow":"follow","max-snippet":"max-snippet:-1","max-image-preview":"max-image-preview:large","max-video-preview":"max-video-preview:-1"},"canonical":"https:\/\/www.robe.world\/lex\/links\/","og_locale":"de_DE","og_type":"article","og_title":"Links - Alexander Rob\u00e9","og_description":"Denkstelle, Luidolt, Bodenlos","og_url":"https:\/\/www.robe.world\/lex\/links\/","og_site_name":"Alexander Rob\u00e9","article_publisher":"https:\/\/www.facebook.com\/lexrobe","article_modified_time":"2018-10-10T03:50:30+00:00","twitter_misc":{"Gesch\u00e4tzte Lesezeit":"3\u00a0Minuten"},"schema":{"@context":"https:\/\/schema.org","@graph":[{"@type":"WebPage","@id":"https:\/\/www.robe.world\/lex\/links\/","url":"https:\/\/www.robe.world\/lex\/links\/","name":"Links - Alexander Rob\u00e9","isPartOf":{"@id":"https:\/\/www.robe.world\/lex\/#website"},"datePublished":"2013-10-06T15:20:26+00:00","dateModified":"2018-10-10T03:50:30+00:00","description":"Denkstelle, Luidolt, Bodenlos","breadcrumb":{"@id":"https:\/\/www.robe.world\/lex\/links\/#breadcrumb"},"inLanguage":"de","potentialAction":[{"@type":"ReadAction","target":["https:\/\/www.robe.world\/lex\/links\/"]}]},{"@type":"BreadcrumbList","@id":"https:\/\/www.robe.world\/lex\/links\/#breadcrumb","itemListElement":[{"@type":"ListItem","position":1,"name":"Home","item":"https:\/\/www.robe.world\/lex\/"},{"@type":"ListItem","position":2,"name":"Links"}]},{"@type":"WebSite","@id":"https:\/\/www.robe.world\/lex\/#website","url":"https:\/\/www.robe.world\/lex\/","name":"Alexander Rob\u00e9","description":"blogging since 1997","potentialAction":[{"@type":"SearchAction","target":{"@type":"EntryPoint","urlTemplate":"https:\/\/www.robe.world\/lex\/?s={search_term_string}"},"query-input":{"@type":"PropertyValueSpecification","valueRequired":true,"valueName":"search_term_string"}}],"inLanguage":"de"}]}},"_links":{"self":[{"href":"https:\/\/www.robe.world\/lex\/wp-json\/wp\/v2\/pages\/4146","targetHints":{"allow":["GET"]}}],"collection":[{"href":"https:\/\/www.robe.world\/lex\/wp-json\/wp\/v2\/pages"}],"about":[{"href":"https:\/\/www.robe.world\/lex\/wp-json\/wp\/v2\/types\/page"}],"author":[{"embeddable":true,"href":"https:\/\/www.robe.world\/lex\/wp-json\/wp\/v2\/users\/1"}],"replies":[{"embeddable":true,"href":"https:\/\/www.robe.world\/lex\/wp-json\/wp\/v2\/comments?post=4146"}],"version-history":[{"count":11,"href":"https:\/\/www.robe.world\/lex\/wp-json\/wp\/v2\/pages\/4146\/revisions"}],"predecessor-version":[{"id":5781,"href":"https:\/\/www.robe.world\/lex\/wp-json\/wp\/v2\/pages\/4146\/revisions\/5781"}],"wp:attachment":[{"href":"https:\/\/www.robe.world\/lex\/wp-json\/wp\/v2\/media?parent=4146"}],"curies":[{"name":"wp","href":"https:\/\/api.w.org\/{rel}","templated":true}]}}